{"id":43261,"date":"2022-05-29T11:21:04","date_gmt":"2022-05-29T09:21:04","guid":{"rendered":"https:\/\/bojungle.eu\/shop\/product\/b-dose-baleine-bleue\/"},"modified":"2023-09-29T10:32:44","modified_gmt":"2023-09-29T08:32:44","slug":"b-dose-baleine-bleue","status":"publish","type":"product","link":"https:\/\/www.bojungle.eu\/fr\/produit\/b-dose-baleine-bleue\/","title":{"rendered":"B-Doseur de Lait Baleine Bleue"},"content":{"rendered":"<ul>\n<li>Distributeur de lait en poudre pour b\u00e9b\u00e9 empil\u00e9 avec bec verseur individuel pour chaque compartiment<\/li>\n<li>Facile \u00e0 emporter en voyage<\/li>\n<li>Ferme herm\u00e9tiquement \u00e0 100<\/li>\n<li>3 compartiments s\u00e9par\u00e9s, chacun ayant son propre bec verseur<\/li>\n<li>Peut \u00eatre st\u00e9rilis\u00e9<\/li>\n<\/ul>\n","protected":false},"excerpt":{"rendered":"<p>Distributeur de lait en poudre pour b\u00e9b\u00e9 empil\u00e9 avec bec verseur individuel pour chaque compartiment<\/p>\n","protected":false},"featured_media":72940,"comment_status":"closed","ping_status":"closed","template":"","meta":{"_lmt_disableupdate":"no","_lmt_disable":""},"product_brand":[],"product_cat":[439,442],"product_tag":[],"woo-feed-brand":[],"class_list":{"0":"post-43261","1":"product","2":"type-product","3":"status-publish","4":"has-post-thumbnail","6":"product_cat-nourriture-et-boisson","7":"product_cat-preparation-des-repas","9":"first","10":"instock","11":"taxable","12":"shipping-taxable","13":"purchasable","14":"product-type-simple"},"_links":{"self":[{"href":"https:\/\/www.bojungle.eu\/fr\/wp-json\/wp\/v2\/product\/43261","targetHints":{"allow":["GET"]}}],"collection":[{"href":"https:\/\/www.bojungle.eu\/fr\/wp-json\/wp\/v2\/product"}],"about":[{"href":"https:\/\/www.bojungle.eu\/fr\/wp-json\/wp\/v2\/types\/product"}],"replies":[{"embeddable":true,"href":"https:\/\/www.bojungle.eu\/fr\/wp-json\/wp\/v2\/comments?post=43261"}],"version-history":[{"count":0,"href":"https:\/\/www.bojungle.eu\/fr\/wp-json\/wp\/v2\/product\/43261\/revisions"}],"wp:featuredmedia":[{"embeddable":true,"href":"https:\/\/www.bojungle.eu\/fr\/wp-json\/wp\/v2\/media\/72940"}],"wp:attachment":[{"href":"https:\/\/www.bojungle.eu\/fr\/wp-json\/wp\/v2\/media?parent=43261"}],"wp:term":[{"taxonomy":"product_brand","embeddable":true,"href":"https:\/\/www.bojungle.eu\/fr\/wp-json\/wp\/v2\/product_brand?post=43261"},{"taxonomy":"product_cat","embeddable":true,"href":"https:\/\/www.bojungle.eu\/fr\/wp-json\/wp\/v2\/product_cat?post=43261"},{"taxonomy":"product_tag","embeddable":true,"href":"https:\/\/www.bojungle.eu\/fr\/wp-json\/wp\/v2\/product_tag?post=43261"},{"taxonomy":"woo-feed-brand","embeddable":true,"href":"https:\/\/www.bojungle.eu\/fr\/wp-json\/wp\/v2\/woo-feed-brand?post=43261"}],"curies":[{"name":"wp","href":"https:\/\/api.w.org\/{rel}","templated":true}]}}