{"id":43280,"date":"2022-05-29T11:12:50","date_gmt":"2022-05-29T09:12:50","guid":{"rendered":"https:\/\/bojungle.eu\/shop\/product\/miroir-b-car-home-tambo-le-singe\/"},"modified":"2023-10-02T13:22:01","modified_gmt":"2023-10-02T11:22:01","slug":"b-car-home-mirrortambo-le-singe","status":"publish","type":"product","link":"https:\/\/www.bojungle.eu\/fr\/produit\/b-car-home-mirrortambo-le-singe\/","title":{"rendered":"Miroir pour Voiture &#038; Parc Tambo le singe"},"content":{"rendered":"<ul>\n<li>La solution id\u00e9ale pour les parents qui souhaitent divertir leur enfant pendant les longs trajets. Il ou elle adorera se d\u00e9couvrir dans le miroir !<\/li>\n<li>Le miroir peut \u00eatre fix\u00e9 \u00e0 l&rsquo;appui-t\u00eate dans la voiture, mais il peut \u00e9galement \u00eatre fix\u00e9 \u00e0 un parc ou m\u00eame \u00e0 un lit pour b\u00e9b\u00e9.<\/li>\n<li>Contient des boucles pour attacher des jouets suppl\u00e9mentaires.<\/li>\n<\/ul>\n","protected":false},"excerpt":{"rendered":"<p>La solution id\u00e9ale pour les parents qui souhaitent divertir leur enfant pendant les longs trajets. Il ou elle adorera se d\u00e9couvrir dans le miroir !<\/p>\n","protected":false},"featured_media":68567,"comment_status":"closed","ping_status":"closed","template":"","meta":{"_lmt_disableupdate":"no","_lmt_disable":""},"product_brand":[],"product_cat":[636,635,445,1339],"product_tag":[],"woo-feed-brand":[],"class_list":{"0":"post-43280","1":"product","2":"type-product","3":"status-publish","4":"has-post-thumbnail","6":"product_cat-accessoires-dexterieur","7":"product_cat-exterieur","8":"product_cat-playtime-fr","9":"product_cat-soldes","11":"first","12":"instock","13":"sale","14":"taxable","15":"shipping-taxable","16":"purchasable","17":"product-type-simple"},"_links":{"self":[{"href":"https:\/\/www.bojungle.eu\/fr\/wp-json\/wp\/v2\/product\/43280","targetHints":{"allow":["GET"]}}],"collection":[{"href":"https:\/\/www.bojungle.eu\/fr\/wp-json\/wp\/v2\/product"}],"about":[{"href":"https:\/\/www.bojungle.eu\/fr\/wp-json\/wp\/v2\/types\/product"}],"replies":[{"embeddable":true,"href":"https:\/\/www.bojungle.eu\/fr\/wp-json\/wp\/v2\/comments?post=43280"}],"version-history":[{"count":0,"href":"https:\/\/www.bojungle.eu\/fr\/wp-json\/wp\/v2\/product\/43280\/revisions"}],"wp:featuredmedia":[{"embeddable":true,"href":"https:\/\/www.bojungle.eu\/fr\/wp-json\/wp\/v2\/media\/68567"}],"wp:attachment":[{"href":"https:\/\/www.bojungle.eu\/fr\/wp-json\/wp\/v2\/media?parent=43280"}],"wp:term":[{"taxonomy":"product_brand","embeddable":true,"href":"https:\/\/www.bojungle.eu\/fr\/wp-json\/wp\/v2\/product_brand?post=43280"},{"taxonomy":"product_cat","embeddable":true,"href":"https:\/\/www.bojungle.eu\/fr\/wp-json\/wp\/v2\/product_cat?post=43280"},{"taxonomy":"product_tag","embeddable":true,"href":"https:\/\/www.bojungle.eu\/fr\/wp-json\/wp\/v2\/product_tag?post=43280"},{"taxonomy":"woo-feed-brand","embeddable":true,"href":"https:\/\/www.bojungle.eu\/fr\/wp-json\/wp\/v2\/woo-feed-brand?post=43280"}],"curies":[{"name":"wp","href":"https:\/\/api.w.org\/{rel}","templated":true}]}}