{"id":43342,"date":"2022-05-29T11:12:19","date_gmt":"2022-05-29T09:12:19","guid":{"rendered":"https:\/\/bojungle.eu\/shop\/product\/b-bowls-730ml-3-pcs\/"},"modified":"2023-09-27T11:47:10","modified_gmt":"2023-09-27T09:47:10","slug":"b-bowls-730ml-3-pcs","status":"publish","type":"product","link":"https:\/\/www.bojungle.eu\/fr\/produit\/b-bowls-730ml-3-pcs\/","title":{"rendered":"Bols de Conservation 730ml (3 pcs)"},"content":{"rendered":"<ul>\n<li>3 Bols de Conservation 7des aliments<\/li>\n<li>Ferme 100% herm\u00e9tiquement<\/li>\n<li>Peut \u00eatre utilis\u00e9 au four \u00e0 micro-ondes (retirer le couvercle), au cong\u00e9lateur et au r\u00e9frig\u00e9rateur.<\/li>\n<li>Lavable au lave-vaisselle<\/li>\n<li>Peut \u00eatre st\u00e9rilis\u00e9 (st\u00e9rilisation \u00e0 froid)<\/li>\n<li>Contenu : 730 ml<\/li>\n<li>Set 730 ml : 1 x Turquoise &#8211; 1 x Taupe &#8211; 1 x Blanc<\/li>\n<li>Egalement disponible en 300 ml<\/li>\n<\/ul>\n","protected":false},"excerpt":{"rendered":"<p>3 r\u00e9cipients de stockage des aliments<\/p>\n","protected":false},"featured_media":72960,"comment_status":"closed","ping_status":"closed","template":"","meta":{"_lmt_disableupdate":"no","_lmt_disable":""},"product_brand":[],"product_cat":[439,442],"product_tag":[],"woo-feed-brand":[],"class_list":{"0":"post-43342","1":"product","2":"type-product","3":"status-publish","4":"has-post-thumbnail","6":"product_cat-nourriture-et-boisson","7":"product_cat-preparation-des-repas","9":"first","10":"instock","11":"taxable","12":"shipping-taxable","13":"purchasable","14":"product-type-simple"},"_links":{"self":[{"href":"https:\/\/www.bojungle.eu\/fr\/wp-json\/wp\/v2\/product\/43342","targetHints":{"allow":["GET"]}}],"collection":[{"href":"https:\/\/www.bojungle.eu\/fr\/wp-json\/wp\/v2\/product"}],"about":[{"href":"https:\/\/www.bojungle.eu\/fr\/wp-json\/wp\/v2\/types\/product"}],"replies":[{"embeddable":true,"href":"https:\/\/www.bojungle.eu\/fr\/wp-json\/wp\/v2\/comments?post=43342"}],"version-history":[{"count":0,"href":"https:\/\/www.bojungle.eu\/fr\/wp-json\/wp\/v2\/product\/43342\/revisions"}],"wp:featuredmedia":[{"embeddable":true,"href":"https:\/\/www.bojungle.eu\/fr\/wp-json\/wp\/v2\/media\/72960"}],"wp:attachment":[{"href":"https:\/\/www.bojungle.eu\/fr\/wp-json\/wp\/v2\/media?parent=43342"}],"wp:term":[{"taxonomy":"product_brand","embeddable":true,"href":"https:\/\/www.bojungle.eu\/fr\/wp-json\/wp\/v2\/product_brand?post=43342"},{"taxonomy":"product_cat","embeddable":true,"href":"https:\/\/www.bojungle.eu\/fr\/wp-json\/wp\/v2\/product_cat?post=43342"},{"taxonomy":"product_tag","embeddable":true,"href":"https:\/\/www.bojungle.eu\/fr\/wp-json\/wp\/v2\/product_tag?post=43342"},{"taxonomy":"woo-feed-brand","embeddable":true,"href":"https:\/\/www.bojungle.eu\/fr\/wp-json\/wp\/v2\/woo-feed-brand?post=43342"}],"curies":[{"name":"wp","href":"https:\/\/api.w.org\/{rel}","templated":true}]}}