{"id":43375,"date":"2022-05-29T11:09:10","date_gmt":"2022-05-29T09:09:10","guid":{"rendered":"https:\/\/bojungle.eu\/shop\/product\/b-bowls-en-verre-blanc-gris-bleu-3pcs\/"},"modified":"2025-04-09T14:13:47","modified_gmt":"2025-04-09T12:13:47","slug":"b-bowls-glass-white-grey-blue-3pcs","status":"publish","type":"product","link":"https:\/\/www.bojungle.eu\/fr\/produit\/b-bowls-glass-white-grey-blue-3pcs\/","title":{"rendered":"B-Bowls en verre blanc-gris-bleu (3pcs)"},"content":{"rendered":"<p class=\"\" data-start=\"143\" data-end=\"427\">Con\u00e7u en pensant \u00e0 votre enfant, ce lot de 3 r\u00e9cipients de conservation des aliments pour b\u00e9b\u00e9s offre une solution s\u00fbre, pratique et \u00e9cologique pour conserver les pur\u00e9es, les collations et les repas pr\u00e9par\u00e9s \u00e0 la maison. Fabriqu\u00e9s en verre borosilicat\u00e9, ils sont robustes, r\u00e9sistants \u00e0 la temp\u00e9rature et parfaits pour les parents occup\u00e9s. <\/p>\n<p class=\"\" data-start=\"429\" data-end=\"455\"><strong data-start=\"429\" data-end=\"455\">Pourquoi les parents les aiment :<\/strong><\/p>\n<ul data-start=\"456\" data-end=\"959\">\n<li class=\"\" data-start=\"456\" data-end=\"549\">\n<p class=\"\" data-start=\"458\" data-end=\"549\"><strong data-start=\"458\" data-end=\"489\">100% \u00e9tanche &amp; ; herm\u00e9tique <\/strong>: Conservez la fra\u00eecheur des aliments et \u00e9vitez les d\u00e9g\u00e2ts gr\u00e2ce \u00e0 une fermeture herm\u00e9tique s\u00e9curis\u00e9e.<\/p>\n<\/li>\n<li class=\"\" data-start=\"550\" data-end=\"663\">\n<p class=\"\" data-start=\"552\" data-end=\"663\"><strong data-start=\"552\" data-end=\"576\">Mat\u00e9riaux s\u00fbrs pour les b\u00e9b\u00e9s : <\/strong>Le verre borosilicat\u00e9 est non toxique, r\u00e9sistant aux odeurs et exempt de produits chimiques nocifs.<\/p>\n<\/li>\n<li class=\"\" data-start=\"664\" data-end=\"848\">\n<p class=\"\" data-start=\"666\" data-end=\"685\"><strong data-start=\"666\" data-end=\"684\">Utilisation polyvalente<\/strong><\/p>\n<\/li>\n<li class=\"\" data-start=\"849\" data-end=\"959\">\n<p class=\"\" data-start=\"851\" data-end=\"959\"><strong data-start=\"851\" data-end=\"868\">Taille parfaite <\/strong>: Chaque r\u00e9cipient a une contenance de 360 ml &#8211; id\u00e9al pour pr\u00e9parer par lots les aliments pour b\u00e9b\u00e9 ou conserver les repas des tout-petits.<\/p>\n<\/li>\n<\/ul>\n<p class=\"\" data-start=\"961\" data-end=\"1100\">Qu&rsquo;il s&rsquo;agisse de congeler de petites portions ou de r\u00e9chauffer des restes, ces r\u00e9cipients sont le compagnon id\u00e9al \u00e0 chaque \u00e9tape de l&rsquo;alimentation de votre b\u00e9b\u00e9.<\/p>\n","protected":false},"excerpt":{"rendered":"<div class=\"elementor-element elementor-element-80cf67d elementor-widget elementor-widget-jet-single-excerpt\" data-id=\"80cf67d\" data-element_type=\"widget\" data-widget_type=\"jet-single-excerpt.default\">\n<div class=\"elementor-widget-container\">\n<div class=\"elementor-jet-single-excerpt jet-woo-builder\">\n<div class=\"woocommerce-product-details__short-description\">\n<article class=\"text-token-text-primary w-full\" dir=\"auto\" data-testid=\"conversation-turn-6\" data-scroll-anchor=\"true\">\n<div class=\"text-base my-auto mx-auto py-5 [--thread-content-margin:--spacing(4)] @[37rem]:[--thread-content-margin:--spacing(6)] @[70rem]:[--thread-content-margin:--spacing(12)] px-(--thread-content-margin)\">\n<div class=\"[--thread-content-max-width:32rem] @[34rem]:[--thread-content-max-width:40rem] @[64rem]:[--thread-content-max-width:48rem] mx-auto flex max-w-(--thread-content-max-width) flex-1 text-base gap-4 md:gap-5 lg:gap-6 group\/turn-messages focus-visible:outline-hidden\" tabindex=\"-1\">\n<div class=\"group\/conversation-turn relative flex w-full min-w-0 flex-col agent-turn\">\n<div class=\"relative flex-col gap-1 md:gap-3\">\n<div class=\"flex max-w-full flex-col grow\">\n<div class=\"min-h-8 text-message relative flex w-full flex-col items-end gap-2 text-start break-words whitespace-normal [.text-message+&amp;]:mt-5\" dir=\"auto\" data-message-author-role=\"assistant\" data-message-id=\"96df15f7-760b-43ea-9a88-c295badfdb09\" data-message-model-slug=\"gpt-4o\">\n<div class=\"flex w-full flex-col gap-1 empty:hidden first:pt-[3px]\">\n<div class=\"markdown prose dark:prose-invert w-full break-words light\">\n<p class=\"\" data-start=\"98\" data-end=\"420\">Conservez la fra\u00eecheur et la s\u00e9curit\u00e9 des repas de b\u00e9b\u00e9 gr\u00e2ce \u00e0 ces r\u00e9cipients en verre borosilicat\u00e9 de haute qualit\u00e9. 100 % \u00e9tanches, ils sont parfaits pour conserver, congeler, r\u00e9chauffer et servir les aliments pour b\u00e9b\u00e9s faits maison. Ils passent au micro-ondes, au four (jusqu&rsquo;\u00e0 600 \u00b0C, couvercle enlev\u00e9), au cong\u00e9lateur et au lave-vaisselle. Facile \u00e0 st\u00e9riliser &#8211; con\u00e7u pour les parents occup\u00e9s et soucieux de leur sant\u00e9   <\/p>\n<\/div>\n<\/div>\n<\/div>\n<\/div>\n<\/div>\n<div class=\"absolute\">\n<div class=\"flex items-center justify-center\"><\/div>\n<\/div>\n<\/div>\n<\/div>\n<\/div>\n<\/article>\n<div class=\"pointer-events-none h-px w-px\" aria-hidden=\"true\" data-edge=\"true\"><\/div>\n<\/div>\n<\/div>\n<\/div>\n<\/div>\n<div class=\"elementor-element elementor-element-8148547 elementor-widget elementor-widget-spacer\" data-id=\"8148547\" data-element_type=\"widget\" data-widget_type=\"spacer.default\">\n<div class=\"elementor-widget-container\">\n<div class=\"elementor-spacer\"><\/div>\n<\/div>\n<\/div>\n","protected":false},"featured_media":69911,"comment_status":"closed","ping_status":"closed","template":"","meta":{"_lmt_disableupdate":"no","_lmt_disable":""},"product_brand":[],"product_cat":[439,442],"product_tag":[],"woo-feed-brand":[],"class_list":{"0":"post-43375","1":"product","2":"type-product","3":"status-publish","4":"has-post-thumbnail","6":"product_cat-nourriture-et-boisson","7":"product_cat-preparation-des-repas","9":"first","10":"instock","11":"taxable","12":"shipping-taxable","13":"purchasable","14":"product-type-simple"},"_links":{"self":[{"href":"https:\/\/www.bojungle.eu\/fr\/wp-json\/wp\/v2\/product\/43375","targetHints":{"allow":["GET"]}}],"collection":[{"href":"https:\/\/www.bojungle.eu\/fr\/wp-json\/wp\/v2\/product"}],"about":[{"href":"https:\/\/www.bojungle.eu\/fr\/wp-json\/wp\/v2\/types\/product"}],"replies":[{"embeddable":true,"href":"https:\/\/www.bojungle.eu\/fr\/wp-json\/wp\/v2\/comments?post=43375"}],"version-history":[{"count":1,"href":"https:\/\/www.bojungle.eu\/fr\/wp-json\/wp\/v2\/product\/43375\/revisions"}],"predecessor-version":[{"id":79570,"href":"https:\/\/www.bojungle.eu\/fr\/wp-json\/wp\/v2\/product\/43375\/revisions\/79570"}],"wp:featuredmedia":[{"embeddable":true,"href":"https:\/\/www.bojungle.eu\/fr\/wp-json\/wp\/v2\/media\/69911"}],"wp:attachment":[{"href":"https:\/\/www.bojungle.eu\/fr\/wp-json\/wp\/v2\/media?parent=43375"}],"wp:term":[{"taxonomy":"product_brand","embeddable":true,"href":"https:\/\/www.bojungle.eu\/fr\/wp-json\/wp\/v2\/product_brand?post=43375"},{"taxonomy":"product_cat","embeddable":true,"href":"https:\/\/www.bojungle.eu\/fr\/wp-json\/wp\/v2\/product_cat?post=43375"},{"taxonomy":"product_tag","embeddable":true,"href":"https:\/\/www.bojungle.eu\/fr\/wp-json\/wp\/v2\/product_tag?post=43375"},{"taxonomy":"woo-feed-brand","embeddable":true,"href":"https:\/\/www.bojungle.eu\/fr\/wp-json\/wp\/v2\/woo-feed-brand?post=43375"}],"curies":[{"name":"wp","href":"https:\/\/api.w.org\/{rel}","templated":true}]}}