{"id":43393,"date":"2022-05-29T11:10:38","date_gmt":"2022-05-29T09:10:38","guid":{"rendered":"https:\/\/bojungle.eu\/shop\/product\/b-bowls-300ml-6-pcs-gris-blanc-turquoise\/"},"modified":"2023-09-27T11:45:21","modified_gmt":"2023-09-27T09:45:21","slug":"b-bowls-300ml-6-pcs-gris-blanc-turquoise","status":"publish","type":"product","link":"https:\/\/www.bojungle.eu\/fr\/produit\/b-bowls-300ml-6-pcs-gris-blanc-turquoise\/","title":{"rendered":"Bols de Conservation 300ml (6 pcs) (Gris &#8211; Blanc &#8211; Bleu)"},"content":{"rendered":"<ul>\n<li>6 bols de conservation des aliments<\/li>\n<li>Ferme 100% herm\u00e9tiquement<\/li>\n<li>Peut \u00eatre utilis\u00e9 au four \u00e0 micro-ondes (retirer le couvercle), au cong\u00e9lateur et au r\u00e9frig\u00e9rateur.<\/li>\n<li>Lavable au lave-vaisselle<\/li>\n<li>Peut \u00eatre st\u00e9rilis\u00e9 (st\u00e9rilisation \u00e0 froid)<\/li>\n<li>Contenu : 300 ml<\/li>\n<li>Set 300 ml : 2 x Turquoise &#8211; 2 x Taupe &#8211; 2 x Blanc<\/li>\n<\/ul>\n","protected":false},"excerpt":{"rendered":"<p>6 r\u00e9cipients de stockage des aliments<\/p>\n","protected":false},"featured_media":72639,"comment_status":"closed","ping_status":"closed","template":"","meta":{"_lmt_disableupdate":"no","_lmt_disable":""},"product_brand":[],"product_cat":[439,442],"product_tag":[],"woo-feed-brand":[],"class_list":{"0":"post-43393","1":"product","2":"type-product","3":"status-publish","4":"has-post-thumbnail","6":"product_cat-nourriture-et-boisson","7":"product_cat-preparation-des-repas","9":"first","10":"instock","11":"taxable","12":"shipping-taxable","13":"purchasable","14":"product-type-simple"},"_links":{"self":[{"href":"https:\/\/www.bojungle.eu\/fr\/wp-json\/wp\/v2\/product\/43393","targetHints":{"allow":["GET"]}}],"collection":[{"href":"https:\/\/www.bojungle.eu\/fr\/wp-json\/wp\/v2\/product"}],"about":[{"href":"https:\/\/www.bojungle.eu\/fr\/wp-json\/wp\/v2\/types\/product"}],"replies":[{"embeddable":true,"href":"https:\/\/www.bojungle.eu\/fr\/wp-json\/wp\/v2\/comments?post=43393"}],"version-history":[{"count":0,"href":"https:\/\/www.bojungle.eu\/fr\/wp-json\/wp\/v2\/product\/43393\/revisions"}],"wp:featuredmedia":[{"embeddable":true,"href":"https:\/\/www.bojungle.eu\/fr\/wp-json\/wp\/v2\/media\/72639"}],"wp:attachment":[{"href":"https:\/\/www.bojungle.eu\/fr\/wp-json\/wp\/v2\/media?parent=43393"}],"wp:term":[{"taxonomy":"product_brand","embeddable":true,"href":"https:\/\/www.bojungle.eu\/fr\/wp-json\/wp\/v2\/product_brand?post=43393"},{"taxonomy":"product_cat","embeddable":true,"href":"https:\/\/www.bojungle.eu\/fr\/wp-json\/wp\/v2\/product_cat?post=43393"},{"taxonomy":"product_tag","embeddable":true,"href":"https:\/\/www.bojungle.eu\/fr\/wp-json\/wp\/v2\/product_tag?post=43393"},{"taxonomy":"woo-feed-brand","embeddable":true,"href":"https:\/\/www.bojungle.eu\/fr\/wp-json\/wp\/v2\/woo-feed-brand?post=43393"}],"curies":[{"name":"wp","href":"https:\/\/api.w.org\/{rel}","templated":true}]}}