{"id":43404,"date":"2022-05-29T11:06:15","date_gmt":"2022-05-29T09:06:15","guid":{"rendered":"https:\/\/bojungle.eu\/shop\/product\/b-bottle-warmer-superfast-digital-car-and-home-gris\/"},"modified":"2024-01-11T16:03:29","modified_gmt":"2024-01-11T15:03:29","slug":"b-bottle-warmer-superfast-digital-car-and-home-grey","status":"publish","type":"product","link":"https:\/\/www.bojungle.eu\/fr\/produit\/b-bottle-warmer-superfast-digital-car-and-home-grey\/","title":{"rendered":"B-Bottle Warmer Superfast Digital Car and Home (Gris)"},"content":{"rendered":"<ul>\n<li>Le chauffe-biberon le plus grand et le plus rapide du march\u00e9<\/li>\n<li>Comprend un adaptateur permettant de le recharger dans la voiture<\/li>\n<li>\u00b1 1 min 30 pour chauffer un biberon de 240 ml<\/li>\n<li>\u00b1 2 min pour chauffer un pot de nourriture pour b\u00e9b\u00e9<\/li>\n<li>Diam\u00e8tre int\u00e9rieur de 8,5 cm<\/li>\n<li>Temps de chauffe configurable avec un intervalle de 10 secondes<\/li>\n<li>Indique le temps de chauffage restant<\/li>\n<li>Bague d&rsquo;adaptation pour petites bouteilles<\/li>\n<li>Arr\u00eat automatique, alerte visuelle et sonore<\/li>\n<li>Gobelet pour l&rsquo;eau<\/li>\n<li>220V &#8211; 500 Watt<\/li>\n<\/ul>\n","protected":false},"excerpt":{"rendered":"<p>Ce chauffe-biberon \u00e0 vapeur facile \u00e0 utiliser permet de r\u00e9chauffer les biberons et les petits pots de votre b\u00e9b\u00e9. Gr\u00e2ce \u00e0 l&rsquo;adaptateur fourni, il est \u00e9galement possible de le faire dans la voiture.<\/p>\n","protected":false},"featured_media":72539,"comment_status":"closed","ping_status":"closed","template":"","meta":{"_lmt_disableupdate":"","_lmt_disable":""},"product_brand":[],"product_cat":[439,442],"product_tag":[],"woo-feed-brand":[],"class_list":{"0":"post-43404","1":"product","2":"type-product","3":"status-publish","4":"has-post-thumbnail","6":"product_cat-nourriture-et-boisson","7":"product_cat-preparation-des-repas","9":"first","10":"outofstock","11":"taxable","12":"shipping-taxable","13":"purchasable","14":"product-type-simple"},"_links":{"self":[{"href":"https:\/\/www.bojungle.eu\/fr\/wp-json\/wp\/v2\/product\/43404","targetHints":{"allow":["GET"]}}],"collection":[{"href":"https:\/\/www.bojungle.eu\/fr\/wp-json\/wp\/v2\/product"}],"about":[{"href":"https:\/\/www.bojungle.eu\/fr\/wp-json\/wp\/v2\/types\/product"}],"replies":[{"embeddable":true,"href":"https:\/\/www.bojungle.eu\/fr\/wp-json\/wp\/v2\/comments?post=43404"}],"version-history":[{"count":1,"href":"https:\/\/www.bojungle.eu\/fr\/wp-json\/wp\/v2\/product\/43404\/revisions"}],"predecessor-version":[{"id":64234,"href":"https:\/\/www.bojungle.eu\/fr\/wp-json\/wp\/v2\/product\/43404\/revisions\/64234"}],"wp:featuredmedia":[{"embeddable":true,"href":"https:\/\/www.bojungle.eu\/fr\/wp-json\/wp\/v2\/media\/72539"}],"wp:attachment":[{"href":"https:\/\/www.bojungle.eu\/fr\/wp-json\/wp\/v2\/media?parent=43404"}],"wp:term":[{"taxonomy":"product_brand","embeddable":true,"href":"https:\/\/www.bojungle.eu\/fr\/wp-json\/wp\/v2\/product_brand?post=43404"},{"taxonomy":"product_cat","embeddable":true,"href":"https:\/\/www.bojungle.eu\/fr\/wp-json\/wp\/v2\/product_cat?post=43404"},{"taxonomy":"product_tag","embeddable":true,"href":"https:\/\/www.bojungle.eu\/fr\/wp-json\/wp\/v2\/product_tag?post=43404"},{"taxonomy":"woo-feed-brand","embeddable":true,"href":"https:\/\/www.bojungle.eu\/fr\/wp-json\/wp\/v2\/woo-feed-brand?post=43404"}],"curies":[{"name":"wp","href":"https:\/\/api.w.org\/{rel}","templated":true}]}}