{"id":43409,"date":"2022-05-29T11:06:38","date_gmt":"2022-05-29T09:06:38","guid":{"rendered":"https:\/\/bojungle.eu\/shop\/product\/b-bottle-warmer-superfast-digital-car-and-home-gris\/"},"modified":"2025-06-05T11:11:55","modified_gmt":"2025-06-05T09:11:55","slug":"b-bouteille-chauffe-fleur-gris","status":"publish","type":"product","link":"https:\/\/www.bojungle.eu\/fr\/produit\/b-bouteille-chauffe-fleur-gris\/","title":{"rendered":"B-Chauffe-biberon Fleur"},"content":{"rendered":"<p>Le chauffe-biberon Fleur est un chauffe-biberon \u00e0 vapeur facile \u00e0 utiliser et peut \u00eatre utilis\u00e9 pour r\u00e9chauffer les biberons et les pots de nourriture de votre b\u00e9b\u00e9.<\/p>\n<ul>\n<li>Il suffit de 3 minutes et 30 secondes pour chauffer une bouteille de 240 ml<\/li>\n<li>Une alarme visuelle et sonore indique quand la bouteille est chaude<\/li>\n<li> S&rsquo;arr\u00eate automatiquement<\/li>\n<li>Accessoires inclus : anneau d&rsquo;adaptation pour petites bouteilles, support pour pot ou bouteille, gobelet doseur et pince.<\/li>\n<\/ul>\n<p>&nbsp;<\/p>\n<table border=\"1\">\n<tbody>\n<tr>\n<td>Manuel<\/td>\n<td><a href=\"https:\/\/www.bojungle.eu\/wp-content\/uploads\/2025\/06\/B500000-B-Bottle-Warmer-Flower-Grey-Manual.pdf\">Cliquez ici<\/a><\/td>\n<\/tr>\n<\/tbody>\n<\/table>\n","protected":false},"excerpt":{"rendered":"<p>D\u00e9couvrez la fleur chauffe-biberon, votre solution ultime pour r\u00e9chauffer sans effort les biberons et les bocaux de nourriture de votre b\u00e9b\u00e9. Ce chauffe-biberon \u00e0 vapeur convivial assure un chauffement rapide et efficace, ne prenant que 3 minutes et 30 secondes pour une bouteille de 240 ml. \u00c9quip\u00e9 d\u2019alarmes visuelles et sonores, vous serez averti lorsque votre bouteille atteindra la temp\u00e9rature id\u00e9ale. De plus, sa fonction d\u2019arr\u00eat automatique offre une s\u00e9curit\u00e9 et une tranquillit\u00e9 d\u2019esprit accrues. Dot\u00e9 d\u2019accessoires essentiels comme un anneau d\u2019adaptation pour les petits biberons, un support pour les bocaux ou les biberons, une tasse \u00e0 mesurer et des pinces, le chauffe-biberon Flower offre une commodit\u00e9 dans votre routine de soins pour b\u00e9b\u00e9. Gardez les repas de votre tout-petit au chaud et pr\u00eats en toute simplicit\u00e9 \u00e0 l\u2019aide de la fleur chauffe-biberon.<\/p>\n<p>&nbsp;<\/p>\n","protected":false},"featured_media":65225,"comment_status":"closed","ping_status":"closed","template":"","meta":{"_lmt_disableupdate":"","_lmt_disable":""},"product_brand":[],"product_cat":[439,442],"product_tag":[],"woo-feed-brand":[],"class_list":{"0":"post-43409","1":"product","2":"type-product","3":"status-publish","4":"has-post-thumbnail","6":"product_cat-nourriture-et-boisson","7":"product_cat-preparation-des-repas","9":"first","10":"instock","11":"taxable","12":"shipping-taxable","13":"purchasable","14":"product-type-simple"},"_links":{"self":[{"href":"https:\/\/www.bojungle.eu\/fr\/wp-json\/wp\/v2\/product\/43409","targetHints":{"allow":["GET"]}}],"collection":[{"href":"https:\/\/www.bojungle.eu\/fr\/wp-json\/wp\/v2\/product"}],"about":[{"href":"https:\/\/www.bojungle.eu\/fr\/wp-json\/wp\/v2\/types\/product"}],"replies":[{"embeddable":true,"href":"https:\/\/www.bojungle.eu\/fr\/wp-json\/wp\/v2\/comments?post=43409"}],"version-history":[{"count":2,"href":"https:\/\/www.bojungle.eu\/fr\/wp-json\/wp\/v2\/product\/43409\/revisions"}],"predecessor-version":[{"id":80057,"href":"https:\/\/www.bojungle.eu\/fr\/wp-json\/wp\/v2\/product\/43409\/revisions\/80057"}],"wp:featuredmedia":[{"embeddable":true,"href":"https:\/\/www.bojungle.eu\/fr\/wp-json\/wp\/v2\/media\/65225"}],"wp:attachment":[{"href":"https:\/\/www.bojungle.eu\/fr\/wp-json\/wp\/v2\/media?parent=43409"}],"wp:term":[{"taxonomy":"product_brand","embeddable":true,"href":"https:\/\/www.bojungle.eu\/fr\/wp-json\/wp\/v2\/product_brand?post=43409"},{"taxonomy":"product_cat","embeddable":true,"href":"https:\/\/www.bojungle.eu\/fr\/wp-json\/wp\/v2\/product_cat?post=43409"},{"taxonomy":"product_tag","embeddable":true,"href":"https:\/\/www.bojungle.eu\/fr\/wp-json\/wp\/v2\/product_tag?post=43409"},{"taxonomy":"woo-feed-brand","embeddable":true,"href":"https:\/\/www.bojungle.eu\/fr\/wp-json\/wp\/v2\/woo-feed-brand?post=43409"}],"curies":[{"name":"wp","href":"https:\/\/api.w.org\/{rel}","templated":true}]}}