{"id":43421,"date":"2022-05-29T11:03:50","date_gmt":"2022-05-29T09:03:50","guid":{"rendered":"https:\/\/bojungle.eu\/shop\/product\/b-bottle-brush-set-grey\/"},"modified":"2025-03-12T15:44:06","modified_gmt":"2025-03-12T14:44:06","slug":"b-bouteille-brosse-set-gris","status":"publish","type":"product","link":"https:\/\/www.bojungle.eu\/fr\/produit\/b-bouteille-brosse-set-gris\/","title":{"rendered":"Set de Goupillons Gris"},"content":{"rendered":"<p data-start=\"45\" data-end=\"161\">Gardez les biberons de votre b\u00e9b\u00e9 impeccables gr\u00e2ce \u00e0 cet ensemble de brosses \u00e0 biberons 2 pi\u00e8ces au design \u00e9l\u00e9gant. L&rsquo;ensemble comprend : <\/p>\n<ul>\n<li data-start=\"163\" data-end=\"384\"><strong data-start=\"165\" data-end=\"204\">Brosse rotative pour bouteilles de lait (grande) :<\/strong> Nettoie les bouteilles sans effort, en atteignant m\u00eame les endroits les plus difficiles.<\/li>\n<li data-start=\"163\" data-end=\"384\"><strong data-start=\"278\" data-end=\"303\">Brosse \u00e0 t\u00e9tines (petite) : <\/strong>Sp\u00e9cialement con\u00e7u pour nettoyer avec pr\u00e9cision les t\u00e9tines et autres petites parties du biberon.<\/li>\n<\/ul>\n<p><strong data-start=\"386\" data-end=\"403\">Donnez \u00e0 votre b\u00e9b\u00e9 le meilleur d\u00e9part possible avec le coussin ergonomique B-Cale-t\u00eate Jersey rose, qui allie confort et praticit\u00e9.Caract\u00e9ristiques principales :<\/strong><\/p>\n<ul>\n<li><strong data-start=\"408\" data-end=\"445\">Con\u00e7u pour les biberons et les t\u00e9tines &#8211; <\/strong>Assure un nettoyage complet pour une alimentation hygi\u00e9nique.<\/li>\n<li><strong data-start=\"513\" data-end=\"546\">Designed for feeding bottles and teats &#8211;<\/strong> Ensures thorough cleaning for hygienic feeding.<\/li>\n<li><strong data-start=\"599\" data-end=\"618\">Prise en main et utilisation faciles <\/strong>&#8211; Poign\u00e9e ergonomique pour une prise en main confortable et sans glissement.<\/li>\n<li><strong data-start=\"677\" data-end=\"705\">Facile \u00e0 nettoyer et hygi\u00e9nique<\/strong> &#8211; Il suffit de rincer ou de st\u00e9riliser pour un entretien sans souci.<\/li>\n<li><strong data-start=\"767\" data-end=\"786\">Sans BPA et sans danger <\/strong>&#8211; Fabriqu\u00e9 des mat\u00e9riaux sans danger pour les b\u00e9b\u00e9s pour une plus grande tranquillit\u00e9 d&rsquo;esprit.<\/li>\n<\/ul>\n<p data-start=\"841\" data-end=\"935\" data-is-last-node=\"\" data-is-only-node=\"\">Parfait pour un usage quotidien, cet ensemble de goupillons rend le nettoyage rapide, facile et efficace !<\/p>\n","protected":false},"excerpt":{"rendered":"<div id=\"description\" class=\"tab-pane fade in active\" role=\"tabpanel\">\n<div class=\"product-description\">\n<div class=\"flex max-w-full flex-col flex-grow\">\n<div class=\"min-h-8 text-message relative flex w-full flex-col items-end gap-2 whitespace-normal break-words text-start [.text-message+&amp;]:mt-5\" dir=\"auto\" data-message-author-role=\"assistant\" data-message-id=\"2c69c7b1-f02a-4e43-a887-8feda05d7654\" data-message-model-slug=\"gpt-4o\">\n<div class=\"flex w-full flex-col gap-1 empty:hidden first:pt-[3px]\">\n<div class=\"markdown prose w-full break-words dark:prose-invert light\">\n<div class=\"flex max-w-full flex-col flex-grow\">\n<div class=\"min-h-8 text-message relative flex w-full flex-col items-end gap-2 whitespace-normal break-words text-start [.text-message+&amp;]:mt-5\" dir=\"auto\" data-message-author-role=\"assistant\" data-message-id=\"2c69c7b1-f02a-4e43-a887-8feda05d7654\" data-message-model-slug=\"gpt-4o\">\n<div class=\"flex w-full flex-col gap-1 empty:hidden first:pt-[3px]\">\n<div class=\"markdown prose w-full break-words dark:prose-invert light\">\n<p data-start=\"41\" data-end=\"300\" data-is-last-node=\"\" data-is-only-node=\"\">Gardez les biberons impeccables gr\u00e2ce \u00e0 ce goupillon en silicone ! Comprend une grande brosse rotative pour les biberons et une petite brosse pour les t\u00e9tines, permettant d&rsquo;atteindre facilement tous les recoins. Facile \u00e0 prendre en main, sans BPA et simple \u00e0 nettoyer &#8211; parfait pour un usage quotidien !  <\/p>\n<\/div>\n<\/div>\n<\/div>\n<\/div>\n<\/div>\n<\/div>\n<\/div>\n<\/div>\n<div class=\"mb-2 flex gap-3 -ml-2\" tabindex=\"0\">\n<div class=\"flex items-center justify-start rounded-xl p-1\">\n<div class=\"flex items-center\">\n<div class=\"flex items-center pb-0\"><\/div>\n<\/div>\n<\/div>\n<\/div>\n<\/div>\n<\/div>\n<div id=\"product-details\" class=\"tab-pane fade\" style=\"box-sizing: inherit; opacity: 1; transition: opacity 0.15s linear 0s; display: block; margin-bottom: 20px; color: #000000; font-family: Roboto, Arial, Helvetica, sans-serif; font-size: 13px; font-style: normal; font-variant-ligatures: normal; font-variant-caps: normal; font-weight: 400; letter-spacing: normal; orphans: 2; text-align: start; text-indent: 0px; text-transform: none; white-space: normal; widows: 2; word-spacing: 0px; -webkit-text-stroke-width: 0px; background-color: #ffffff; text-decoration-thickness: initial; text-decoration-style: initial; text-decoration-color: initial;\" role=\"tabpanel\" data-product=\"{\"id_shop_default\":\"1\",\"id_manufacturer\":\"0\",\"id_supplier\":\"0\",\"reference\":\"B540220\",\"is_virtual\":\"0\",\"delivery_in_stock\":\"\",\"delivery_out_stock\":\"\",\"id_category_default\":\"322\",\"on_sale\":\"0\",\"online_only\":\"0\",\"ecotax\":0,\"minimal_quantity\":\"1\",\"low_stock_threshold\":null,\"low_stock_alert\":\"0\",\"price\":\"u20ac0.00\",\"unity\":\"\",\"unit_price_ratio\":\"0.000000\",\"additional_shipping_cost\":\"0.000000\",\"customizable\":\"0\",\"text_fields\":\"0\",\"uploadable_files\":\"0\",\"redirect_type\":\"301-category\",\"id_type_redirected\":\"0\",\"available_for_order\":\"1\",\"available_date\":\"0000-00-00\",\"show_condition\":\"0\",\"condition\":\"new\",\"show_price\":\"1\",\"indexed\":\"0\",\"visibility\":\"both\",\"cache_default_attribute\":\"0\",\"advanced_stock_management\":\"0\",\"date_add\":\"2021-01-20 14:58:05\",\"date_upd\":\"2022-02-01 10:25:04\",\"pack_stock_type\":\"0\",\"meta_description\":\"The B-Bottle Brush Set is a rotating Milk Bottle Brush (large) and a Nipple Brush (small) that reaches even the most difficult places.\",\"meta_keywords\":\"\",\"meta_title\":\"B-Bottle Brush Set Pink| Bo Jungle\",\"link_rewrite\":\"b-bottle-brush-set-blue\",\"name\":\"B-Bottle Brush Set Blue\",\"description\":\"&lt;encoded_tag_open \/&gt;p&lt;encoded_tag_closed \/&gt;u2022 Set of 2 pieces to clean your baby bottles&lt;encoded_tag_open \/&gt;\/p&lt;encoded_tag_closed \/&gt;r &lt;encoded_tag_open \/&gt;p&lt;encoded_tag_closed \/&gt;u2022 A rotating Milk Bottle Brush (large) and a Nipple Brush (small) that reaches even the u0003u00a0 most difficult places.&lt;encoded_tag_open \/&gt;\/p&lt;encoded_tag_closed \/&gt;r &lt;encoded_tag_open \/&gt;p&lt;encoded_tag_closed \/&gt;u2022 For baby milk bottle and teat&lt;encoded_tag_open \/&gt;\/p&lt;encoded_tag_closed \/&gt;r &lt;encoded_tag_open \/&gt;p&lt;encoded_tag_closed \/&gt;u2022 Cleaning before first usage\/ Easy to clean&lt;encoded_tag_open \/&gt;\/p&lt;encoded_tag_closed \/&gt;r &lt;encoded_tag_open \/&gt;p&lt;encoded_tag_closed \/&gt;u2022 Made of silicone&lt;encoded_tag_open \/&gt;\/p&lt;encoded_tag_closed \/&gt;r &lt;encoded_tag_open \/&gt;p&lt;encoded_tag_closed \/&gt;u2022 Easy grip \/ Easy to use&lt;encoded_tag_open \/&gt;\/p&lt;encoded_tag_closed \/&gt;r &lt;encoded_tag_open \/&gt;p&lt;encoded_tag_closed \/&gt;u2022 BPA free&lt;encoded_tag_open \/&gt;\/p&lt;encoded_tag_closed \/&gt;\",\"description_short\":\"&lt;encoded_tag_open \/&gt;p&lt;encoded_tag_closed \/&gt;B-Bottle Brush Set Blue&lt;encoded_tag_open \/&gt;\/p&lt;encoded_tag_closed \/&gt;\",\"available_now\":\"\",\"available_later\":\"\",\"id\":1013,\"id_product\":1013,\"out_of_stock\":0,\"new\":0,\"id_product_attribute\":\"0\",\"quantity_wanted\":1,\"extraContent\":[],\"allow_oosp\":true,\"category\":\"in-the-kitchen\",\"category_name\":\"In the Kitchen\",\"link\":\"https:\/\/bojungle.eu\/gb\/in-the-kitchen\/1013-b-bottle-brush-set-blue.html\",\"attribute_price\":0,\"price_tax_exc\":0,\"price_without_reduction\":0,\"reduction\":0,\"specific_prices\":[],\"quantity\":0,\"quantity_all_versions\":0,\"id_image\":\"gb-default\",\"features\":[],\"attachments\":[],\"virtual\":0,\"pack\":0,\"packItems\":[],\"nopackprice\":0,\"customization_required\":false,\"rate\":0,\"tax_name\":\"\",\"ecotax_rate\":0,\"unit_price\":\"\",\"customizations\":{\"fields\":[]},\"id_customization\":0,\"is_customizable\":false,\"show_quantities\":false,\"quantity_label\":\"Item\",\"quantity_discounts\":[],\"customer_group_discount\":0,\"images\":[{\"bySize\":{\"small_default\":{\"url\":\"https:\/\/bojungle.eu\/2988-small_default\/b-bottle-brush-set-blue.jpg\",\"width\":98,\"height\":98},\"cart_default\":{\"url\":\"https:\/\/bojungle.eu\/2988-cart_default\/b-bottle-brush-set-blue.jpg\",\"width\":125,\"height\":125},\"home_default\":{\"url\":\"https:\/\/bojungle.eu\/2988-home_default\/b-bottle-brush-set-blue.jpg\",\"width\":259,\"height\":259},\"medium_default\":{\"url\":\"https:\/\/bojungle.eu\/2988-medium_default\/b-bottle-brush-set-blue.jpg\",\"width\":452,\"height\":452},\"large_default\":{\"url\":\"https:\/\/bojungle.eu\/2988-large_default\/b-bottle-brush-set-blue.jpg\",\"width\":800,\"height\":800}},\"small\":{\"url\":\"https:\/\/bojungle.eu\/2988-small_default\/b-bottle-brush-set-blue.jpg\",\"width\":98,\"height\":98},\"medium\":{\"url\":\"https:\/\/bojungle.eu\/2988-home_default\/b-bottle-brush-set-blue.jpg\",\"width\":259,\"height\":259},\"large\":{\"url\":\"https:\/\/bojungle.eu\/2988-large_default\/b-bottle-brush-set-blue.jpg\",\"width\":800,\"height\":800},\"legend\":\"\",\"id_image\":\"2988\",\"cover\":\"1\",\"position\":\"1\",\"associatedVariants\":[]}],\"cover\":{\"bySize\":{\"small_default\":{\"url\":\"https:\/\/bojungle.eu\/2988-small_default\/b-bottle-brush-set-blue.jpg\",\"width\":98,\"height\":98},\"cart_default\":{\"url\":\"https:\/\/bojungle.eu\/2988-cart_default\/b-bottle-brush-set-blue.jpg\",\"width\":125,\"height\":125},\"home_default\":{\"url\":\"https:\/\/bojungle.eu\/2988-home_default\/b-bottle-brush-set-blue.jpg\",\"width\":259,\"height\":259},\"medium_default\":{\"url\":\"https:\/\/bojungle.eu\/2988-medium_default\/b-bottle-brush-set-blue.jpg\",\"width\":452,\"height\":452},\"large_default\":{\"url\":\"https:\/\/bojungle.eu\/2988-large_default\/b-bottle-brush-set-blue.jpg\",\"width\":800,\"height\":800}},\"small\":{\"url\":\"https:\/\/bojungle.eu\/2988-small_default\/b-bottle-brush-set-blue.jpg\",\"width\":98,\"height\":98},\"medium\":{\"url\":\"https:\/\/bojungle.eu\/2988-home_default\/b-bottle-brush-set-blue.jpg\",\"width\":259,\"height\":259},\"large\":{\"url\":\"https:\/\/bojungle.eu\/2988-large_default\/b-bottle-brush-set-blue.jpg\",\"width\":800,\"height\":800},\"legend\":\"\",\"id_image\":\"2988\",\"cover\":\"1\",\"position\":\"1\",\"associatedVariants\":[]},\"has_discount\":false,\"discount_type\":null,\"discount_percentage\":null,\"discount_percentage_absolute\":null,\"discount_amount\":null,\"discount_amount_to_display\":null,\"price_amount\":0,\"unit_price_full\":\"\",\"show_availability\":false,\"availability_message\":null,\"availability_date\":null,\"availability\":null}\"><\/div>\n","protected":false},"featured_media":72970,"comment_status":"closed","ping_status":"closed","template":"","meta":{"_lmt_disableupdate":"no","_lmt_disable":""},"product_brand":[],"product_cat":[440,439,442],"product_tag":[],"woo-feed-brand":[],"class_list":{"0":"post-43421","1":"product","2":"type-product","3":"status-publish","4":"has-post-thumbnail","6":"product_cat-gamme-silicone","7":"product_cat-nourriture-et-boisson","8":"product_cat-preparation-des-repas","10":"first","11":"outofstock","12":"taxable","13":"shipping-taxable","14":"purchasable","15":"product-type-simple"},"_links":{"self":[{"href":"https:\/\/www.bojungle.eu\/fr\/wp-json\/wp\/v2\/product\/43421","targetHints":{"allow":["GET"]}}],"collection":[{"href":"https:\/\/www.bojungle.eu\/fr\/wp-json\/wp\/v2\/product"}],"about":[{"href":"https:\/\/www.bojungle.eu\/fr\/wp-json\/wp\/v2\/types\/product"}],"replies":[{"embeddable":true,"href":"https:\/\/www.bojungle.eu\/fr\/wp-json\/wp\/v2\/comments?post=43421"}],"version-history":[{"count":2,"href":"https:\/\/www.bojungle.eu\/fr\/wp-json\/wp\/v2\/product\/43421\/revisions"}],"predecessor-version":[{"id":79298,"href":"https:\/\/www.bojungle.eu\/fr\/wp-json\/wp\/v2\/product\/43421\/revisions\/79298"}],"wp:featuredmedia":[{"embeddable":true,"href":"https:\/\/www.bojungle.eu\/fr\/wp-json\/wp\/v2\/media\/72970"}],"wp:attachment":[{"href":"https:\/\/www.bojungle.eu\/fr\/wp-json\/wp\/v2\/media?parent=43421"}],"wp:term":[{"taxonomy":"product_brand","embeddable":true,"href":"https:\/\/www.bojungle.eu\/fr\/wp-json\/wp\/v2\/product_brand?post=43421"},{"taxonomy":"product_cat","embeddable":true,"href":"https:\/\/www.bojungle.eu\/fr\/wp-json\/wp\/v2\/product_cat?post=43421"},{"taxonomy":"product_tag","embeddable":true,"href":"https:\/\/www.bojungle.eu\/fr\/wp-json\/wp\/v2\/product_tag?post=43421"},{"taxonomy":"woo-feed-brand","embeddable":true,"href":"https:\/\/www.bojungle.eu\/fr\/wp-json\/wp\/v2\/woo-feed-brand?post=43421"}],"curies":[{"name":"wp","href":"https:\/\/api.w.org\/{rel}","templated":true}]}}