{"id":43434,"date":"2022-05-29T11:04:31","date_gmt":"2022-05-29T09:04:31","guid":{"rendered":"https:\/\/bojungle.eu\/shop\/product\/b-ratelier-a-bouteilles-fleur\/"},"modified":"2024-11-29T13:38:18","modified_gmt":"2024-11-29T12:38:18","slug":"b-bouteille-porte-bouteille-fleur","status":"publish","type":"product","link":"https:\/\/www.bojungle.eu\/fr\/produit\/b-bouteille-porte-bouteille-fleur\/","title":{"rendered":"B-R\u00e2telier \u00e0 bouteilles Fleur"},"content":{"rendered":"<ul>\n<li>Porte-bouteilles en une seule pi\u00e8ce, facile \u00e0 utiliser<\/li>\n<li>Peut \u00eatre d\u00e9pli\u00e9 en position \u00a0\u00bb fleur \u00a0\u00bb pour s\u00e9cher les biberons, les t\u00e9tines et les bagues de biberon.<\/li>\n<li>Pour 12 biberons, t\u00e9tines et bagues de biberon<\/li>\n<li>Fabriqu\u00e9 en polypropyl\u00e8ne, sans BPA<\/li>\n<li>Lavable au lave-vaisselle<\/li>\n<li>Dimensions (pli\u00e9) : 27 x 9 cm<\/li>\n<li>Dimensions (ouvert) : 30,8 cm x 17,85 cm<\/li>\n<\/ul>\n","protected":false},"excerpt":{"rendered":"<p>Porte-bouteilles en une seule pi\u00e8ce, facile \u00e0 utiliser<\/p>\n","protected":false},"featured_media":69821,"comment_status":"closed","ping_status":"closed","template":"","meta":{"_lmt_disableupdate":"","_lmt_disable":""},"product_brand":[],"product_cat":[439,442,1339],"product_tag":[],"woo-feed-brand":[],"class_list":{"0":"post-43434","1":"product","2":"type-product","3":"status-publish","4":"has-post-thumbnail","6":"product_cat-nourriture-et-boisson","7":"product_cat-preparation-des-repas","8":"product_cat-soldes","10":"first","11":"instock","12":"sale","13":"taxable","14":"shipping-taxable","15":"purchasable","16":"product-type-simple"},"_links":{"self":[{"href":"https:\/\/www.bojungle.eu\/fr\/wp-json\/wp\/v2\/product\/43434","targetHints":{"allow":["GET"]}}],"collection":[{"href":"https:\/\/www.bojungle.eu\/fr\/wp-json\/wp\/v2\/product"}],"about":[{"href":"https:\/\/www.bojungle.eu\/fr\/wp-json\/wp\/v2\/types\/product"}],"replies":[{"embeddable":true,"href":"https:\/\/www.bojungle.eu\/fr\/wp-json\/wp\/v2\/comments?post=43434"}],"version-history":[{"count":0,"href":"https:\/\/www.bojungle.eu\/fr\/wp-json\/wp\/v2\/product\/43434\/revisions"}],"wp:featuredmedia":[{"embeddable":true,"href":"https:\/\/www.bojungle.eu\/fr\/wp-json\/wp\/v2\/media\/69821"}],"wp:attachment":[{"href":"https:\/\/www.bojungle.eu\/fr\/wp-json\/wp\/v2\/media?parent=43434"}],"wp:term":[{"taxonomy":"product_brand","embeddable":true,"href":"https:\/\/www.bojungle.eu\/fr\/wp-json\/wp\/v2\/product_brand?post=43434"},{"taxonomy":"product_cat","embeddable":true,"href":"https:\/\/www.bojungle.eu\/fr\/wp-json\/wp\/v2\/product_cat?post=43434"},{"taxonomy":"product_tag","embeddable":true,"href":"https:\/\/www.bojungle.eu\/fr\/wp-json\/wp\/v2\/product_tag?post=43434"},{"taxonomy":"woo-feed-brand","embeddable":true,"href":"https:\/\/www.bojungle.eu\/fr\/wp-json\/wp\/v2\/woo-feed-brand?post=43434"}],"curies":[{"name":"wp","href":"https:\/\/api.w.org\/{rel}","templated":true}]}}