{"id":43462,"date":"2022-05-29T11:03:34","date_gmt":"2022-05-29T09:03:34","guid":{"rendered":"https:\/\/bojungle.eu\/shop\/product\/siege-dappoint-b-rose\/"},"modified":"2023-09-29T11:45:32","modified_gmt":"2023-09-29T09:45:32","slug":"b-booster-seat-pink","status":"publish","type":"product","link":"https:\/\/www.bojungle.eu\/fr\/produit\/b-booster-seat-pink\/","title":{"rendered":"Rehausseur de Si\u00e8ge Rose"},"content":{"rendered":"<ul>\n<li>Amusez b\u00e9b\u00e9 pendant qu&rsquo;il mange !<\/li>\n<li>Plateau amovible, lavable au lave-vaisselle<\/li>\n<li>Plateau amovible, facile \u00e0 nettoyer<\/li>\n<li>Se fixe facilement sur la plupart des chaises pour adultes<\/li>\n<li>Facile \u00e0 emporter en voyage<\/li>\n<li>Grandit avec b\u00e9b\u00e9 : les pieds sont facilement r\u00e9glables en 3 hauteurs diff\u00e9rentes<\/li>\n<li>Pieds antid\u00e9rapants<\/li>\n<li>Harnais de s\u00e9curit\u00e9 3 points<\/li>\n<li>2 jouets attrayants pour divertir b\u00e9b\u00e9<\/li>\n<li>Disponible en 3 couleurs<\/li>\n<li>Recommand\u00e9 pour les enfants de 0 \u00e0 3 ans<\/li>\n<\/ul>\n","protected":false},"excerpt":{"rendered":"<p>Amusez b\u00e9b\u00e9 pendant qu&rsquo;il mange !<\/p>\n","protected":false},"featured_media":75382,"comment_status":"closed","ping_status":"closed","template":"","meta":{"_lmt_disableupdate":"no","_lmt_disable":""},"product_brand":[],"product_cat":[656,439,1339],"product_tag":[],"woo-feed-brand":[],"class_list":{"0":"post-43462","1":"product","2":"type-product","3":"status-publish","4":"has-post-thumbnail","6":"product_cat-chaises-hautes-et-sieges-pour-bebes","7":"product_cat-nourriture-et-boisson","8":"product_cat-soldes","10":"first","11":"instock","12":"sale","13":"taxable","14":"shipping-taxable","15":"purchasable","16":"product-type-simple"},"_links":{"self":[{"href":"https:\/\/www.bojungle.eu\/fr\/wp-json\/wp\/v2\/product\/43462","targetHints":{"allow":["GET"]}}],"collection":[{"href":"https:\/\/www.bojungle.eu\/fr\/wp-json\/wp\/v2\/product"}],"about":[{"href":"https:\/\/www.bojungle.eu\/fr\/wp-json\/wp\/v2\/types\/product"}],"replies":[{"embeddable":true,"href":"https:\/\/www.bojungle.eu\/fr\/wp-json\/wp\/v2\/comments?post=43462"}],"version-history":[{"count":1,"href":"https:\/\/www.bojungle.eu\/fr\/wp-json\/wp\/v2\/product\/43462\/revisions"}],"predecessor-version":[{"id":48781,"href":"https:\/\/www.bojungle.eu\/fr\/wp-json\/wp\/v2\/product\/43462\/revisions\/48781"}],"wp:featuredmedia":[{"embeddable":true,"href":"https:\/\/www.bojungle.eu\/fr\/wp-json\/wp\/v2\/media\/75382"}],"wp:attachment":[{"href":"https:\/\/www.bojungle.eu\/fr\/wp-json\/wp\/v2\/media?parent=43462"}],"wp:term":[{"taxonomy":"product_brand","embeddable":true,"href":"https:\/\/www.bojungle.eu\/fr\/wp-json\/wp\/v2\/product_brand?post=43462"},{"taxonomy":"product_cat","embeddable":true,"href":"https:\/\/www.bojungle.eu\/fr\/wp-json\/wp\/v2\/product_cat?post=43462"},{"taxonomy":"product_tag","embeddable":true,"href":"https:\/\/www.bojungle.eu\/fr\/wp-json\/wp\/v2\/product_tag?post=43462"},{"taxonomy":"woo-feed-brand","embeddable":true,"href":"https:\/\/www.bojungle.eu\/fr\/wp-json\/wp\/v2\/woo-feed-brand?post=43462"}],"curies":[{"name":"wp","href":"https:\/\/api.w.org\/{rel}","templated":true}]}}