{"id":43502,"date":"2022-05-29T10:48:29","date_gmt":"2022-05-29T08:48:29","guid":{"rendered":"https:\/\/bojungle.eu\/shop\/product\/b-bib-eponge-ecologique-koala-grey\/"},"modified":"2024-12-20T11:36:28","modified_gmt":"2024-12-20T10:36:28","slug":"b-bib-ecological-sponge-koala-grey","status":"publish","type":"product","link":"https:\/\/www.bojungle.eu\/fr\/produit\/b-bib-ecological-sponge-koala-grey\/","title":{"rendered":"B-Bib Eponge \u00e9cologique Koala Grey"},"content":{"rendered":"<ul>\n<li>Plus de taches sur les v\u00eatements ! Nos bavoirs en \u00e9ponge avec fermeture \u00e0 bouton-pression sont fabriqu\u00e9s \u00e0 partir de coton 100 % biologique. Ils sont doux, absorbent bien et sont extr\u00eamement mignons ! Il y en a pour tous les go\u00fbts !<\/li>\n<li>Dimensions : 26,5 x 49,5 cm<\/li>\n<li>Coton : 100% Biotcotton 450 GSM<\/li>\n<\/ul>\n","protected":false},"excerpt":{"rendered":"<p>Plus de taches sur les v\u00eatements ! Nos bavoirs en \u00e9ponge avec fermeture \u00e0 bouton-pression sont fabriqu\u00e9s \u00e0 partir de coton 100 % biologique. Ils sont doux, absorbent bien et sont extr\u00eamement mignons ! Il y en a pour tous les go\u00fbts !<\/p>\n<p>&nbsp;<\/p>\n","protected":false},"featured_media":72720,"comment_status":"closed","ping_status":"closed","template":"","meta":{"_lmt_disableupdate":"","_lmt_disable":""},"product_brand":[],"product_cat":[552,439],"product_tag":[],"woo-feed-brand":[],"class_list":{"0":"post-43502","1":"product","2":"type-product","3":"status-publish","4":"has-post-thumbnail","6":"product_cat-lheure-du-diner","7":"product_cat-nourriture-et-boisson","9":"first","10":"instock","11":"taxable","12":"shipping-taxable","13":"purchasable","14":"product-type-simple"},"_links":{"self":[{"href":"https:\/\/www.bojungle.eu\/fr\/wp-json\/wp\/v2\/product\/43502","targetHints":{"allow":["GET"]}}],"collection":[{"href":"https:\/\/www.bojungle.eu\/fr\/wp-json\/wp\/v2\/product"}],"about":[{"href":"https:\/\/www.bojungle.eu\/fr\/wp-json\/wp\/v2\/types\/product"}],"replies":[{"embeddable":true,"href":"https:\/\/www.bojungle.eu\/fr\/wp-json\/wp\/v2\/comments?post=43502"}],"version-history":[{"count":0,"href":"https:\/\/www.bojungle.eu\/fr\/wp-json\/wp\/v2\/product\/43502\/revisions"}],"wp:featuredmedia":[{"embeddable":true,"href":"https:\/\/www.bojungle.eu\/fr\/wp-json\/wp\/v2\/media\/72720"}],"wp:attachment":[{"href":"https:\/\/www.bojungle.eu\/fr\/wp-json\/wp\/v2\/media?parent=43502"}],"wp:term":[{"taxonomy":"product_brand","embeddable":true,"href":"https:\/\/www.bojungle.eu\/fr\/wp-json\/wp\/v2\/product_brand?post=43502"},{"taxonomy":"product_cat","embeddable":true,"href":"https:\/\/www.bojungle.eu\/fr\/wp-json\/wp\/v2\/product_cat?post=43502"},{"taxonomy":"product_tag","embeddable":true,"href":"https:\/\/www.bojungle.eu\/fr\/wp-json\/wp\/v2\/product_tag?post=43502"},{"taxonomy":"woo-feed-brand","embeddable":true,"href":"https:\/\/www.bojungle.eu\/fr\/wp-json\/wp\/v2\/woo-feed-brand?post=43502"}],"curies":[{"name":"wp","href":"https:\/\/api.w.org\/{rel}","templated":true}]}}