{"id":43508,"date":"2022-05-29T10:49:32","date_gmt":"2022-05-29T08:49:32","guid":{"rendered":"https:\/\/bojungle.eu\/shop\/product\/b-bib-eponge-ecologique-lapin-gris\/"},"modified":"2026-01-21T19:50:52","modified_gmt":"2026-01-21T18:50:52","slug":"b-bib-ecological-sponge-rabbit-grey","status":"publish","type":"product","link":"https:\/\/www.bojungle.eu\/fr\/produit\/b-bib-ecological-sponge-rabbit-grey\/","title":{"rendered":"B-Bib Eponge \u00e9cologique Lapin gris"},"content":{"rendered":"<ul>\n<li>Plus de taches sur les v\u00eatements ! Nos bavoirs en \u00e9ponge avec fermeture \u00e0 bouton-pression sont fabriqu\u00e9s \u00e0 partir de coton 100 % biologique. Ils sont doux, absorbent bien et sont extr\u00eamement mignons ! Il y en a pour tous les go\u00fbts !<\/li>\n<li>Dimensions : 26,5 x 49,5 cm<\/li>\n<li>Coton : 100% Biotcotton 450 GSM<\/li>\n<\/ul>\n","protected":false},"excerpt":{"rendered":"<p>Plus de taches sur les v\u00eatements ! Nos bavoirs en \u00e9ponge avec fermeture \u00e0 bouton-pression sont fabriqu\u00e9s \u00e0 partir de coton 100 % biologique. Ils sont doux, absorbent bien et sont extr\u00eamement mignons ! Il y en a pour tous les go\u00fbts !<\/p>\n","protected":false},"featured_media":72780,"comment_status":"closed","ping_status":"closed","template":"","meta":{"_lmt_disableupdate":"","_lmt_disable":""},"product_brand":[],"product_cat":[552,439],"product_tag":[],"woo-feed-brand":[],"class_list":{"0":"post-43508","1":"product","2":"type-product","3":"status-publish","4":"has-post-thumbnail","6":"product_cat-lheure-du-diner","7":"product_cat-nourriture-et-boisson","9":"first","10":"instock","11":"taxable","12":"shipping-taxable","13":"purchasable","14":"product-type-simple"},"_links":{"self":[{"href":"https:\/\/www.bojungle.eu\/fr\/wp-json\/wp\/v2\/product\/43508","targetHints":{"allow":["GET"]}}],"collection":[{"href":"https:\/\/www.bojungle.eu\/fr\/wp-json\/wp\/v2\/product"}],"about":[{"href":"https:\/\/www.bojungle.eu\/fr\/wp-json\/wp\/v2\/types\/product"}],"replies":[{"embeddable":true,"href":"https:\/\/www.bojungle.eu\/fr\/wp-json\/wp\/v2\/comments?post=43508"}],"version-history":[{"count":0,"href":"https:\/\/www.bojungle.eu\/fr\/wp-json\/wp\/v2\/product\/43508\/revisions"}],"wp:featuredmedia":[{"embeddable":true,"href":"https:\/\/www.bojungle.eu\/fr\/wp-json\/wp\/v2\/media\/72780"}],"wp:attachment":[{"href":"https:\/\/www.bojungle.eu\/fr\/wp-json\/wp\/v2\/media?parent=43508"}],"wp:term":[{"taxonomy":"product_brand","embeddable":true,"href":"https:\/\/www.bojungle.eu\/fr\/wp-json\/wp\/v2\/product_brand?post=43508"},{"taxonomy":"product_cat","embeddable":true,"href":"https:\/\/www.bojungle.eu\/fr\/wp-json\/wp\/v2\/product_cat?post=43508"},{"taxonomy":"product_tag","embeddable":true,"href":"https:\/\/www.bojungle.eu\/fr\/wp-json\/wp\/v2\/product_tag?post=43508"},{"taxonomy":"woo-feed-brand","embeddable":true,"href":"https:\/\/www.bojungle.eu\/fr\/wp-json\/wp\/v2\/woo-feed-brand?post=43508"}],"curies":[{"name":"wp","href":"https:\/\/api.w.org\/{rel}","templated":true}]}}