{"id":43581,"date":"2022-05-29T10:41:59","date_gmt":"2022-05-29T08:41:59","guid":{"rendered":"https:\/\/bojungle.eu\/shop\/product\/sommier-gris\/"},"modified":"2025-05-14T15:35:56","modified_gmt":"2025-05-14T13:35:56","slug":"sommier-gris","status":"publish","type":"product","link":"https:\/\/www.bojungle.eu\/fr\/produit\/sommier-gris\/","title":{"rendered":"Barri\u00e8re de lit gris"},"content":{"rendered":"<p>Notre barri\u00e8re de lit gris est le m\u00e9lange parfait de s\u00e9curit\u00e9 et de sophistication pour garder votre enfant en s\u00e9curit\u00e9 pendant les aventures du sommeil ! Fabriqu\u00e9 avec le plus grand soin et l\u2019attention port\u00e9e aux d\u00e9tails, ce chemin de lit est con\u00e7u pour compl\u00e9ter le d\u00e9cor de n\u2019importe quelle chambre gr\u00e2ce \u00e0 ses tons gris doux et neutres. <\/p>\n<p>La s\u00e9curit\u00e9 rencontre le style gr\u00e2ce \u00e0 notre design ludique, avec des accents subtils mais charmants qui ajoutent une touche de fantaisie \u00e0 l\u2019espace de sommeil de votre enfant. Qu\u2019il s\u2019agisse d\u2019histoires \u00e0 raconter \u00e0 l\u2019heure du coucher ou de jeux d\u2019imagination, votre b\u00e9b\u00e9 est confortablement install\u00e9 et en s\u00e9curit\u00e9. <\/p>\n<p>La commodit\u00e9 est essentielle, c\u2019est pourquoi notre barri\u00e8re de lit gris est facilement pliable pour un rangement et un transport sans souci. De plus, les tissus sont amovibles et donc lavables. <\/p>\n<p>Construit pour durer, notre barrage de lit est dot\u00e9 d\u2019un cadre robuste qui offre un soutien fiable, vous permettant de dormir en toute tranquillit\u00e9 d\u2019esprit pendant que votre enfant passe des nuits paisibles. Avec des dimensions de 120 cm de long x 50 cm de haut, il a la taille id\u00e9ale pour s\u2019int\u00e9grer parfaitement dans le lit de votre enfant. <\/p>\n<p>Gardez b\u00e9b\u00e9 en s\u00e9curit\u00e9 avec style gr\u00e2ce \u00e0 notre barri\u00e8re de lit gris \u2013 parce qu\u2019une bonne nuit de sommeil commence par la tranquillit\u00e9 d\u2019esprit.<\/p>\n<ul>\n<li>Gardez b\u00e9b\u00e9 en s\u00e9curit\u00e9 avec style !<\/li>\n<li>Couleurs douces et neutres<\/li>\n<li>Design ludique<\/li>\n<li>Facilement pliable<\/li>\n<li>Tissus de luxe amovibles et lavables en machine<\/li>\n<li>Cadre robuste<\/li>\n<\/ul>\n<p>&nbsp;<\/p>\n<table border=\"1\">\n<tbody>\n<tr>\n<td>Manuel<\/td>\n<td><a href=\"https:\/\/www.bojungle.eu\/wp-content\/uploads\/2025\/05\/B-Bedrail-Manual.pdf\" target=\"_blank\" rel=\"noopener\">Cliquez ici<\/a><\/td>\n<\/tr>\n<\/tbody>\n<\/table>\n","protected":false},"excerpt":{"rendered":"<div class=\"w-full text-token-text-primary\" data-testid=\"conversation-turn-5\">\n<div class=\"px-4 py-2 justify-center text-base md:gap-6 m-auto\">\n<div class=\"flex flex-1 text-base mx-auto gap-3 md:px-5 lg:px-1 xl:px-5 md:max-w-3xl lg:max-w-[40rem] xl:max-w-[48rem] group final-completion\">\n<div class=\"relative flex w-full flex-col agent-turn\">\n<div class=\"flex-col gap-1 md:gap-3\">\n<div class=\"flex flex-grow flex-col max-w-full\">\n<div class=\"min-h-[20px] text-message flex flex-col items-start gap-3 whitespace-pre-wrap break-words [.text-message+&amp;]:mt-5 overflow-x-auto\" data-message-author-role=\"assistant\" data-message-id=\"53f57814-90c3-4128-9578-79dd45938ba9\">\n<div class=\"markdown prose w-full break-words dark:prose-invert light\">\n<p>La barri\u00e8re de lit gris est un m\u00e9lange parfait de s\u00e9curit\u00e9 et de style pour l&rsquo;espace de sommeil de votre enfant. Avec ses couleurs douces et neutres et son design ludique, il est \u00e0 la fois charmant et pratique. Facilement pliable pour le rangement, il est dot\u00e9 de tissus de luxe amovibles et lavables en machine, et d&rsquo;un cadre robuste pour un soutien fiable. Gardez votre b\u00e9b\u00e9 en s\u00e9curit\u00e9 et bien au chaud avec style !   <\/p>\n<\/div>\n<\/div>\n<\/div>\n<div class=\"mt-1 flex justify-start gap-3 empty:hidden\">\n<div class=\"text-gray-400 flex self-end lg:self-center justify-center lg:justify-start mt-0 -ml-1 h-7 visible\">\n<p>&nbsp;<\/p>\n<div class=\"flex items-center gap-1.5 text-xs\"><\/div>\n<div class=\"flex\"><\/div>\n<\/div>\n<\/div>\n<\/div>\n<\/div>\n<\/div>\n<\/div>\n<\/div>\n<div class=\"mx-auto\">\n<div>\n<div class=\"mx-auto mt-2 inline-flex rounded-xl border border-gray-100 dark:border-gray-700\"><\/div>\n<\/div>\n<\/div>\n","protected":false},"featured_media":66838,"comment_status":"closed","ping_status":"closed","template":"","meta":{"_lmt_disableupdate":"no","_lmt_disable":""},"product_brand":[],"product_cat":[527],"product_tag":[],"woo-feed-brand":[],"class_list":{"0":"post-43581","1":"product","2":"type-product","3":"status-publish","4":"has-post-thumbnail","6":"product_cat-sommeil","8":"first","9":"instock","10":"taxable","11":"shipping-taxable","12":"purchasable","13":"product-type-simple"},"_links":{"self":[{"href":"https:\/\/www.bojungle.eu\/fr\/wp-json\/wp\/v2\/product\/43581","targetHints":{"allow":["GET"]}}],"collection":[{"href":"https:\/\/www.bojungle.eu\/fr\/wp-json\/wp\/v2\/product"}],"about":[{"href":"https:\/\/www.bojungle.eu\/fr\/wp-json\/wp\/v2\/types\/product"}],"replies":[{"embeddable":true,"href":"https:\/\/www.bojungle.eu\/fr\/wp-json\/wp\/v2\/comments?post=43581"}],"version-history":[{"count":2,"href":"https:\/\/www.bojungle.eu\/fr\/wp-json\/wp\/v2\/product\/43581\/revisions"}],"predecessor-version":[{"id":79713,"href":"https:\/\/www.bojungle.eu\/fr\/wp-json\/wp\/v2\/product\/43581\/revisions\/79713"}],"wp:featuredmedia":[{"embeddable":true,"href":"https:\/\/www.bojungle.eu\/fr\/wp-json\/wp\/v2\/media\/66838"}],"wp:attachment":[{"href":"https:\/\/www.bojungle.eu\/fr\/wp-json\/wp\/v2\/media?parent=43581"}],"wp:term":[{"taxonomy":"product_brand","embeddable":true,"href":"https:\/\/www.bojungle.eu\/fr\/wp-json\/wp\/v2\/product_brand?post=43581"},{"taxonomy":"product_cat","embeddable":true,"href":"https:\/\/www.bojungle.eu\/fr\/wp-json\/wp\/v2\/product_cat?post=43581"},{"taxonomy":"product_tag","embeddable":true,"href":"https:\/\/www.bojungle.eu\/fr\/wp-json\/wp\/v2\/product_tag?post=43581"},{"taxonomy":"woo-feed-brand","embeddable":true,"href":"https:\/\/www.bojungle.eu\/fr\/wp-json\/wp\/v2\/woo-feed-brand?post=43581"}],"curies":[{"name":"wp","href":"https:\/\/api.w.org\/{rel}","templated":true}]}}