{"id":43621,"date":"2022-05-29T10:35:47","date_gmt":"2022-05-29T08:35:47","guid":{"rendered":"https:\/\/bojungle.eu\/shop\/product\/b-bathcape-eponge-ecologique-ours-bleu-vert\/"},"modified":"2023-10-02T10:36:49","modified_gmt":"2023-10-02T08:36:49","slug":"b-paysage-eponge-ecologique-ours-bleu-vert","status":"publish","type":"product","link":"https:\/\/www.bojungle.eu\/fr\/produit\/b-paysage-eponge-ecologique-ours-bleu-vert\/","title":{"rendered":"Sortie de Bain Eco Eponge Ourson bleu\/vert"},"content":{"rendered":"<ul>\n<li>Le facteur tactile devient de plus en plus important ! Les capes aux motifs uniques sont toujours dot\u00e9es d&rsquo;une capuche, afin que la t\u00eate de votre b\u00e9b\u00e9 reste bien au chaud d\u00e8s sa sortie du bain. Les capes de bain sont fabriqu\u00e9es en coton 100 % biologique. Ils sont doux, absorbent bien et sont extr\u00eamement mignons.<\/li>\n<li>Dimensions : 90 x 90 cm<\/li>\n<li>Biocoton : 450 GSM<\/li>\n<\/ul>\n","protected":false},"excerpt":{"rendered":"<p>Le facteur tactile devient de plus en plus important ! Les capes aux motifs uniques sont toujours dot\u00e9es d&rsquo;une capuche, afin que la t\u00eate de votre b\u00e9b\u00e9 reste bien au chaud d\u00e8s sa sortie du bain. Les capes de bain sont fabriqu\u00e9es en coton 100 % biologique. Ils sont doux, absorbent bien et sont extr\u00eamement mignons.<\/p>\n","protected":false},"featured_media":51949,"comment_status":"closed","ping_status":"closed","template":"","meta":{"_lmt_disableupdate":"no","_lmt_disable":""},"product_brand":[],"product_cat":[819,510],"product_tag":[],"woo-feed-brand":[],"class_list":{"0":"post-43621","1":"product","2":"type-product","3":"status-publish","4":"has-post-thumbnail","6":"product_cat-capes-de-bain","7":"product_cat-soins","9":"first","10":"instock","11":"taxable","12":"shipping-taxable","13":"purchasable","14":"product-type-simple"},"_links":{"self":[{"href":"https:\/\/www.bojungle.eu\/fr\/wp-json\/wp\/v2\/product\/43621","targetHints":{"allow":["GET"]}}],"collection":[{"href":"https:\/\/www.bojungle.eu\/fr\/wp-json\/wp\/v2\/product"}],"about":[{"href":"https:\/\/www.bojungle.eu\/fr\/wp-json\/wp\/v2\/types\/product"}],"replies":[{"embeddable":true,"href":"https:\/\/www.bojungle.eu\/fr\/wp-json\/wp\/v2\/comments?post=43621"}],"version-history":[{"count":0,"href":"https:\/\/www.bojungle.eu\/fr\/wp-json\/wp\/v2\/product\/43621\/revisions"}],"wp:featuredmedia":[{"embeddable":true,"href":"https:\/\/www.bojungle.eu\/fr\/wp-json\/wp\/v2\/media\/51949"}],"wp:attachment":[{"href":"https:\/\/www.bojungle.eu\/fr\/wp-json\/wp\/v2\/media?parent=43621"}],"wp:term":[{"taxonomy":"product_brand","embeddable":true,"href":"https:\/\/www.bojungle.eu\/fr\/wp-json\/wp\/v2\/product_brand?post=43621"},{"taxonomy":"product_cat","embeddable":true,"href":"https:\/\/www.bojungle.eu\/fr\/wp-json\/wp\/v2\/product_cat?post=43621"},{"taxonomy":"product_tag","embeddable":true,"href":"https:\/\/www.bojungle.eu\/fr\/wp-json\/wp\/v2\/product_tag?post=43621"},{"taxonomy":"woo-feed-brand","embeddable":true,"href":"https:\/\/www.bojungle.eu\/fr\/wp-json\/wp\/v2\/woo-feed-brand?post=43621"}],"curies":[{"name":"wp","href":"https:\/\/api.w.org\/{rel}","templated":true}]}}