{"id":43640,"date":"2022-05-29T10:39:48","date_gmt":"2022-05-29T08:39:48","guid":{"rendered":"https:\/\/bojungle.eu\/shop\/product\/b-bathcape-kenzi-le-lion\/"},"modified":"2023-10-02T10:40:09","modified_gmt":"2023-10-02T08:40:09","slug":"b-bathcape-kenzi-the-lion","status":"publish","type":"product","link":"https:\/\/www.bojungle.eu\/fr\/produit\/b-bathcape-kenzi-the-lion\/","title":{"rendered":"Cape de Bain Kenzi le Lion"},"content":{"rendered":"<ul>\n<li>Ces magnifiques capes de bain sur le th\u00e8me de la jungle rendront l&rsquo;heure du bain de votre enfant beaucoup plus agr\u00e9able.<\/li>\n<li>Les capes de bain ont un c\u00f4t\u00e9 en tissu \u00e9ponge doux qui peut \u00eatre utilis\u00e9 comme une serviette et l&rsquo;autre en polaire qui peut \u00e9galement \u00eatre utilis\u00e9 comme une couverture<\/li>\n<li>Les animaux de la jungle garderont la t\u00eate de votre b\u00e9b\u00e9 bien au chaud.<\/li>\n<li>Dimensions : +- 75 x 75 cm +- 75 x 75 cm<\/li>\n<\/ul>\n","protected":false},"excerpt":{"rendered":"<p>Ces magnifiques capes de bain sur le th\u00e8me de la jungle rendront l&rsquo;heure du bain de votre enfant beaucoup plus agr\u00e9able.<\/p>\n","protected":false},"featured_media":68658,"comment_status":"closed","ping_status":"closed","template":"","meta":{"_lmt_disableupdate":"no","_lmt_disable":""},"product_brand":[],"product_cat":[819,510],"product_tag":[],"woo-feed-brand":[],"class_list":{"0":"post-43640","1":"product","2":"type-product","3":"status-publish","4":"has-post-thumbnail","6":"product_cat-capes-de-bain","7":"product_cat-soins","9":"first","10":"outofstock","11":"taxable","12":"shipping-taxable","13":"purchasable","14":"product-type-simple"},"_links":{"self":[{"href":"https:\/\/www.bojungle.eu\/fr\/wp-json\/wp\/v2\/product\/43640","targetHints":{"allow":["GET"]}}],"collection":[{"href":"https:\/\/www.bojungle.eu\/fr\/wp-json\/wp\/v2\/product"}],"about":[{"href":"https:\/\/www.bojungle.eu\/fr\/wp-json\/wp\/v2\/types\/product"}],"replies":[{"embeddable":true,"href":"https:\/\/www.bojungle.eu\/fr\/wp-json\/wp\/v2\/comments?post=43640"}],"version-history":[{"count":0,"href":"https:\/\/www.bojungle.eu\/fr\/wp-json\/wp\/v2\/product\/43640\/revisions"}],"wp:featuredmedia":[{"embeddable":true,"href":"https:\/\/www.bojungle.eu\/fr\/wp-json\/wp\/v2\/media\/68658"}],"wp:attachment":[{"href":"https:\/\/www.bojungle.eu\/fr\/wp-json\/wp\/v2\/media?parent=43640"}],"wp:term":[{"taxonomy":"product_brand","embeddable":true,"href":"https:\/\/www.bojungle.eu\/fr\/wp-json\/wp\/v2\/product_brand?post=43640"},{"taxonomy":"product_cat","embeddable":true,"href":"https:\/\/www.bojungle.eu\/fr\/wp-json\/wp\/v2\/product_cat?post=43640"},{"taxonomy":"product_tag","embeddable":true,"href":"https:\/\/www.bojungle.eu\/fr\/wp-json\/wp\/v2\/product_tag?post=43640"},{"taxonomy":"woo-feed-brand","embeddable":true,"href":"https:\/\/www.bojungle.eu\/fr\/wp-json\/wp\/v2\/woo-feed-brand?post=43640"}],"curies":[{"name":"wp","href":"https:\/\/api.w.org\/{rel}","templated":true}]}}