{"id":43672,"date":"2022-05-29T10:34:56","date_gmt":"2022-05-29T08:34:56","guid":{"rendered":"https:\/\/bojungle.eu\/shop\/product\/siege-b-bath-gris-blanc\/"},"modified":"2025-05-27T09:14:43","modified_gmt":"2025-05-27T07:14:43","slug":"b-bath-seat-grey-white","status":"publish","type":"product","link":"https:\/\/www.bojungle.eu\/fr\/produit\/b-bath-seat-grey-white\/","title":{"rendered":"Si\u00e8ge de Bain Gris\/Blanc"},"content":{"rendered":"<p>D\u00e9couvrez notre si\u00e8ge de bain gris\/blanc &#8211; la solution ultime pour que votre enfant prenne son bain en toute s\u00e9curit\u00e9 et avec plaisir ! Fabriqu\u00e9 avec une attention m\u00e9ticuleuse aux d\u00e9tails, ce si\u00e8ge de bain promet d&rsquo;\u00e9lever le plaisir de l&rsquo;eau \u00e0 de nouveaux sommets. <\/p>\n<p>Con\u00e7u dans un souci de stabilit\u00e9 et de s\u00e9curit\u00e9, notre si\u00e8ge de bain est dot\u00e9 de quatre puissantes ventouses qui adh\u00e8rent fermement \u00e0 la surface de la baignoire, assurant ainsi une base stable \u00e0 votre enfant. Vous pouvez \u00eatre s\u00fbr que votre petit \u00e9claboussure restera bien en place tout au long de ses aventures dans le bain. <\/p>\n<p>Nous comprenons l&rsquo;importance du confort pendant le bain, c&rsquo;est pourquoi notre si\u00e8ge de bain est dot\u00e9 d&rsquo;un dossier haut et d&rsquo;un support pour les bras. Cette conception ergonomique offre un soutien optimal \u00e0 votre enfant, lui permettant de se d\u00e9tendre et de profiter pleinement de son bain. Mais ce n&rsquo;est pas tout : notre si\u00e8ge de bain est \u00e9quip\u00e9 de trois jouets int\u00e9gr\u00e9s, qui ajoutent un \u00e9l\u00e9ment de divertissement suppl\u00e9mentaire \u00e0 l&rsquo;heure du bain. Regardez votre enfant rire et s&rsquo;amuser avec ces d\u00e9licieux jouets, rendant l&rsquo;heure du bain encore plus agr\u00e9able.   <\/p>\n<p>La s\u00e9curit\u00e9 est primordiale, c&rsquo;est pourquoi notre si\u00e8ge de bain est con\u00e7u avec une ouverture frontale pratique. Cette caract\u00e9ristique permet \u00e0 votre enfant d&rsquo;entrer et de sortir facilement du si\u00e8ge sans risque de blessure, ce qui assure la tranquillit\u00e9 d&rsquo;esprit des parents. <\/p>\n<p>Dites adieu aux difficult\u00e9s li\u00e9es \u00e0 l&rsquo;heure du bain et bonjour \u00e0 l&rsquo;amusement sans souci avec notre si\u00e8ge de bain gris\/blanc. Transformez la routine du bain de votre enfant en une aventure qu&rsquo;il attendra avec impatience chaque jour. Commandez le v\u00f4tre d\u00e8s aujourd&rsquo;hui et faites une entr\u00e9e fracassante dans le monde de l&rsquo;heure du bain !  <\/p>\n<p>&nbsp;<\/p>\n<table border=\"1\">\n<tbody>\n<tr>\n<td>Manuel<\/td>\n<td><a href=\"https:\/\/www.bojungle.eu\/wp-content\/uploads\/2025\/05\/Manual-B400700.pdf\">Cliquez ici<\/a><\/td>\n<\/tr>\n<\/tbody>\n<\/table>\n","protected":false},"excerpt":{"rendered":"<p>D\u00e9couvrez notre si\u00e8ge de bain gris et blanc &#8211; la combinaison parfaite de s\u00e9curit\u00e9 et d&rsquo;amusement pour les aventures de votre b\u00e9b\u00e9 dans le bain. Avec quatre ventouses solides pour la stabilit\u00e9, un dossier et des accoudoirs hauts pour le confort, trois jouets int\u00e9gr\u00e9s pour l&rsquo;amusement et une ouverture frontale pratique pour un acc\u00e8s facile, l&rsquo;heure du bain n&rsquo;a jamais \u00e9t\u00e9 aussi agr\u00e9able et insouciante. Pr\u00e9parez-vous \u00e0 gambader avec notre si\u00e8ge de bain en blanc cass\u00e9 !  <\/p>\n","protected":false},"featured_media":69298,"comment_status":"closed","ping_status":"closed","template":"","meta":{"_lmt_disableupdate":"no","_lmt_disable":""},"product_brand":[],"product_cat":[580,510],"product_tag":[],"woo-feed-brand":[],"class_list":{"0":"post-43672","1":"product","2":"type-product","3":"status-publish","4":"has-post-thumbnail","6":"product_cat-bebe-dans-le-bain","7":"product_cat-soins","9":"first","10":"outofstock","11":"taxable","12":"shipping-taxable","13":"purchasable","14":"product-type-simple"},"_links":{"self":[{"href":"https:\/\/www.bojungle.eu\/fr\/wp-json\/wp\/v2\/product\/43672","targetHints":{"allow":["GET"]}}],"collection":[{"href":"https:\/\/www.bojungle.eu\/fr\/wp-json\/wp\/v2\/product"}],"about":[{"href":"https:\/\/www.bojungle.eu\/fr\/wp-json\/wp\/v2\/types\/product"}],"replies":[{"embeddable":true,"href":"https:\/\/www.bojungle.eu\/fr\/wp-json\/wp\/v2\/comments?post=43672"}],"version-history":[{"count":2,"href":"https:\/\/www.bojungle.eu\/fr\/wp-json\/wp\/v2\/product\/43672\/revisions"}],"predecessor-version":[{"id":79962,"href":"https:\/\/www.bojungle.eu\/fr\/wp-json\/wp\/v2\/product\/43672\/revisions\/79962"}],"wp:featuredmedia":[{"embeddable":true,"href":"https:\/\/www.bojungle.eu\/fr\/wp-json\/wp\/v2\/media\/69298"}],"wp:attachment":[{"href":"https:\/\/www.bojungle.eu\/fr\/wp-json\/wp\/v2\/media?parent=43672"}],"wp:term":[{"taxonomy":"product_brand","embeddable":true,"href":"https:\/\/www.bojungle.eu\/fr\/wp-json\/wp\/v2\/product_brand?post=43672"},{"taxonomy":"product_cat","embeddable":true,"href":"https:\/\/www.bojungle.eu\/fr\/wp-json\/wp\/v2\/product_cat?post=43672"},{"taxonomy":"product_tag","embeddable":true,"href":"https:\/\/www.bojungle.eu\/fr\/wp-json\/wp\/v2\/product_tag?post=43672"},{"taxonomy":"woo-feed-brand","embeddable":true,"href":"https:\/\/www.bojungle.eu\/fr\/wp-json\/wp\/v2\/woo-feed-brand?post=43672"}],"curies":[{"name":"wp","href":"https:\/\/api.w.org\/{rel}","templated":true}]}}