{"id":43684,"date":"2022-05-29T10:34:57","date_gmt":"2022-05-29T08:34:57","guid":{"rendered":"https:\/\/bojungle.eu\/shop\/product\/formes-en-mousse-b-bath-36-pieces\/"},"modified":"2024-04-15T16:44:36","modified_gmt":"2024-04-15T14:44:36","slug":"b-bath-foam-shapes-36-pcs","status":"publish","type":"product","link":"https:\/\/www.bojungle.eu\/fr\/produit\/b-bath-foam-shapes-36-pcs\/","title":{"rendered":"Formes en mousse pour le bain (36 pi\u00e8ces)"},"content":{"rendered":"<p>Pr\u00e9parez-vous \u00e0 vous amuser s\u00e9rieusement avec nos formes en mousse pour le bain ! Avec 36 formes et couleurs diff\u00e9rentes, l&rsquo;heure du bain devient plus excitante. Votre enfant peut les coller sur les carreaux ou sur la baignoire pour multiplier les possibilit\u00e9s de jeu. Imaginez que vous construisiez un mur rempli de formes en mousse &#8211; les possibilit\u00e9s sont infinies ! Et ne vous inqui\u00e9tez pas, ces formes en mousse sont tr\u00e8s s\u00fbres et r\u00e9pondent aux normes europ\u00e9ennes de qualit\u00e9. Alors, pourquoi se contenter d&rsquo;un bain ennuyeux quand on peut faire des \u00e9claboussures avec nos formes en mousse pour le bain ? Que l&rsquo;aventure commence !  <\/p>\n","protected":false},"excerpt":{"rendered":"<div class=\"w-full text-token-text-primary\" dir=\"auto\" data-testid=\"conversation-turn-5\">\n<div class=\"px-4 py-2 justify-center text-base md:gap-6 m-auto\">\n<div class=\"flex flex-1 text-base mx-auto gap-3 juice:gap-4 juice:md:gap-6 md:px-5 lg:px-1 xl:px-5 md:max-w-3xl lg:max-w-[40rem] xl:max-w-[48rem] group\">\n<div class=\"relative flex w-full flex-col agent-turn\">\n<div class=\"flex-col gap-1 md:gap-3\">\n<div class=\"flex flex-grow flex-col max-w-full\">\n<div class=\"min-h-[20px] text-message flex flex-col items-start gap-3 whitespace-pre-wrap break-words [.text-message+&amp;]:mt-5 overflow-x-auto\" dir=\"auto\" data-message-author-role=\"assistant\" data-message-id=\"f0d0dcbb-d22c-4ec2-983d-4ad5d7971b3e\">\n<div class=\"markdown prose w-full break-words dark:prose-invert light\">\n<p>D\u00e9couvrez nos formes en mousse de bain ! Avec 36 formes et couleurs diff\u00e9rentes, elles rendent l&rsquo;heure du bain tr\u00e8s amusante. Votre enfant peut les coller sur les carreaux ou sur la baignoire pour multiplier les possibilit\u00e9s de jeu. De plus, elles sont tr\u00e8s s\u00fbres et conformes aux normes europ\u00e9ennes. Laissez libre cours \u00e0 votre imagination et profitez de l&rsquo;heure du bain comme jamais auparavant !    <\/p>\n<\/div>\n<\/div>\n<\/div>\n<\/div>\n<\/div>\n<\/div>\n<\/div>\n<\/div>\n","protected":false},"featured_media":73690,"comment_status":"closed","ping_status":"closed","template":"","meta":{"_lmt_disableupdate":"no","_lmt_disable":""},"product_brand":[],"product_cat":[513,445,510],"product_tag":[],"woo-feed-brand":[],"class_list":{"0":"post-43684","1":"product","2":"type-product","3":"status-publish","4":"has-post-thumbnail","6":"product_cat-jouets-de-bain","7":"product_cat-playtime-fr","8":"product_cat-soins","10":"first","11":"instock","12":"taxable","13":"shipping-taxable","14":"purchasable","15":"product-type-simple"},"_links":{"self":[{"href":"https:\/\/www.bojungle.eu\/fr\/wp-json\/wp\/v2\/product\/43684","targetHints":{"allow":["GET"]}}],"collection":[{"href":"https:\/\/www.bojungle.eu\/fr\/wp-json\/wp\/v2\/product"}],"about":[{"href":"https:\/\/www.bojungle.eu\/fr\/wp-json\/wp\/v2\/types\/product"}],"replies":[{"embeddable":true,"href":"https:\/\/www.bojungle.eu\/fr\/wp-json\/wp\/v2\/comments?post=43684"}],"version-history":[{"count":1,"href":"https:\/\/www.bojungle.eu\/fr\/wp-json\/wp\/v2\/product\/43684\/revisions"}],"predecessor-version":[{"id":73790,"href":"https:\/\/www.bojungle.eu\/fr\/wp-json\/wp\/v2\/product\/43684\/revisions\/73790"}],"wp:featuredmedia":[{"embeddable":true,"href":"https:\/\/www.bojungle.eu\/fr\/wp-json\/wp\/v2\/media\/73690"}],"wp:attachment":[{"href":"https:\/\/www.bojungle.eu\/fr\/wp-json\/wp\/v2\/media?parent=43684"}],"wp:term":[{"taxonomy":"product_brand","embeddable":true,"href":"https:\/\/www.bojungle.eu\/fr\/wp-json\/wp\/v2\/product_brand?post=43684"},{"taxonomy":"product_cat","embeddable":true,"href":"https:\/\/www.bojungle.eu\/fr\/wp-json\/wp\/v2\/product_cat?post=43684"},{"taxonomy":"product_tag","embeddable":true,"href":"https:\/\/www.bojungle.eu\/fr\/wp-json\/wp\/v2\/product_tag?post=43684"},{"taxonomy":"woo-feed-brand","embeddable":true,"href":"https:\/\/www.bojungle.eu\/fr\/wp-json\/wp\/v2\/woo-feed-brand?post=43684"}],"curies":[{"name":"wp","href":"https:\/\/api.w.org\/{rel}","templated":true}]}}