{"id":43692,"date":"2022-05-29T10:32:43","date_gmt":"2022-05-29T08:32:43","guid":{"rendered":"https:\/\/bojungle.eu\/shop\/product\/b-bath-bear-rose-pastel\/"},"modified":"2025-05-26T14:58:04","modified_gmt":"2025-05-26T12:58:04","slug":"b-bath-bear-pastel-pink","status":"publish","type":"product","link":"https:\/\/www.bojungle.eu\/fr\/produit\/b-bath-bear-pastel-pink\/","title":{"rendered":"Baignoire Ourson Rose Pastel"},"content":{"rendered":"<p>D\u00e9couvrez la baignoire Ourson rose pastel &#8211; le nouveau compagnon de bain pr\u00e9f\u00e9r\u00e9 de votre b\u00e9b\u00e9 ! Avec ses oreilles d&rsquo;ours adorables et sa forme confortable, l&rsquo;heure du bain est devenue beaucoup plus amusante.<\/p>\n<p>Cette baignoire pour b\u00e9b\u00e9 est livr\u00e9e avec un r\u00e9ducteur de bain pratique, parfait pour les nouveau-n\u00e9s, qui les maintient en place gr\u00e2ce \u00e0 des ventouses. Et lorsqu&rsquo;il est temps de vider l&rsquo;eau, il suffit d&rsquo;ouvrir le bouchon de vidange pour un nettoyage rapide et facile. <\/p>\n<p>Nous avons \u00e9galement inclus un porte-savon amovible en silicone respectueux de l&rsquo;environnement, pour que vous puissiez garder tous vos accessoires de bain \u00e0 port\u00e9e de main sans vous encombrer. De plus, la baignoire ourson est exempt de BPA, ce qui garantit la s\u00e9curit\u00e9 de votre enfant lors de ses aventures.<\/p>\n<p>&nbsp;<\/p>\n<table border=\"1\">\n<tbody>\n<tr>\n<td>Manuel<\/td>\n<td><a href=\"https:\/\/www.bojungle.eu\/wp-content\/uploads\/2025\/05\/Manual-Bath-Bear.pdf\">Cliquez ici<\/a><\/td>\n<\/tr>\n<\/tbody>\n<\/table>\n","protected":false},"excerpt":{"rendered":"<p>Voici l&rsquo;ourson de bain rose pastel &#8211; le compagnon id\u00e9al pour le bain de votre b\u00e9b\u00e9 ! Avec ses adorables oreilles d&rsquo;ours et son design ergonomique, l&rsquo;heure du bain est devenue beaucoup plus mignonne et confortable. Dot\u00e9 d&rsquo;un r\u00e9ducteur de bain pour les nouveau-n\u00e9s, d&rsquo;un bouchon de vidange facile et d&rsquo;un porte-savon \u00e9cologique, c&rsquo;est l&rsquo;alliance parfaite de l&rsquo;amusement et de la fonctionnalit\u00e9. De plus, il est sans BPA pour votre tranquillit\u00e9 d&rsquo;esprit.   Pr\u00e9parez-vous \u00e0 des aventures propres avec la baignoire ourson rose pastel!<\/p>\n","protected":false},"featured_media":69029,"comment_status":"closed","ping_status":"closed","template":"","meta":{"_lmt_disableupdate":"no","_lmt_disable":""},"product_brand":[],"product_cat":[580,510],"product_tag":[],"woo-feed-brand":[],"class_list":{"0":"post-43692","1":"product","2":"type-product","3":"status-publish","4":"has-post-thumbnail","6":"product_cat-bebe-dans-le-bain","7":"product_cat-soins","9":"first","10":"outofstock","11":"taxable","12":"shipping-taxable","13":"purchasable","14":"product-type-simple"},"_links":{"self":[{"href":"https:\/\/www.bojungle.eu\/fr\/wp-json\/wp\/v2\/product\/43692","targetHints":{"allow":["GET"]}}],"collection":[{"href":"https:\/\/www.bojungle.eu\/fr\/wp-json\/wp\/v2\/product"}],"about":[{"href":"https:\/\/www.bojungle.eu\/fr\/wp-json\/wp\/v2\/types\/product"}],"replies":[{"embeddable":true,"href":"https:\/\/www.bojungle.eu\/fr\/wp-json\/wp\/v2\/comments?post=43692"}],"version-history":[{"count":3,"href":"https:\/\/www.bojungle.eu\/fr\/wp-json\/wp\/v2\/product\/43692\/revisions"}],"predecessor-version":[{"id":79896,"href":"https:\/\/www.bojungle.eu\/fr\/wp-json\/wp\/v2\/product\/43692\/revisions\/79896"}],"wp:featuredmedia":[{"embeddable":true,"href":"https:\/\/www.bojungle.eu\/fr\/wp-json\/wp\/v2\/media\/69029"}],"wp:attachment":[{"href":"https:\/\/www.bojungle.eu\/fr\/wp-json\/wp\/v2\/media?parent=43692"}],"wp:term":[{"taxonomy":"product_brand","embeddable":true,"href":"https:\/\/www.bojungle.eu\/fr\/wp-json\/wp\/v2\/product_brand?post=43692"},{"taxonomy":"product_cat","embeddable":true,"href":"https:\/\/www.bojungle.eu\/fr\/wp-json\/wp\/v2\/product_cat?post=43692"},{"taxonomy":"product_tag","embeddable":true,"href":"https:\/\/www.bojungle.eu\/fr\/wp-json\/wp\/v2\/product_tag?post=43692"},{"taxonomy":"woo-feed-brand","embeddable":true,"href":"https:\/\/www.bojungle.eu\/fr\/wp-json\/wp\/v2\/woo-feed-brand?post=43692"}],"curies":[{"name":"wp","href":"https:\/\/api.w.org\/{rel}","templated":true}]}}