{"id":43708,"date":"2022-05-29T10:33:05","date_gmt":"2022-05-29T08:33:05","guid":{"rendered":"https:\/\/bojungle.eu\/shop\/product\/b-bath-net-elephant\/"},"modified":"2023-09-29T15:29:24","modified_gmt":"2023-09-29T13:29:24","slug":"b-bath-net-elephant","status":"publish","type":"product","link":"https:\/\/www.bojungle.eu\/fr\/produit\/b-bath-net-elephant\/","title":{"rendered":"B-Filets de Rangement pour le Bain \u00c9l\u00e9phant"},"content":{"rendered":"<ul>\n<li>Apr\u00e8s son bain, vous pouvez ranger tous les jouets de votre b\u00e9b\u00e9 dans ces magnifiques filets de bain sur le th\u00e8me de la jungle.<\/li>\n<li>L&rsquo;eau qui reste dans les jouets peut s&rsquo;\u00e9couler facilement gr\u00e2ce \u00e0 la conception des filets de bain, ce qui favorise l&rsquo;hygi\u00e8ne.<\/li>\n<li>Lavable en machine<\/li>\n<\/ul>\n","protected":false},"excerpt":{"rendered":"<p>Apr\u00e8s son bain, vous pouvez ranger tous les jouets de votre b\u00e9b\u00e9 dans ces magnifiques filets de bain sur le th\u00e8me de la jungle.<\/p>\n","protected":false},"featured_media":74317,"comment_status":"closed","ping_status":"closed","template":"","meta":{"_lmt_disableupdate":"no","_lmt_disable":""},"product_brand":[],"product_cat":[513,445,510,1339],"product_tag":[],"woo-feed-brand":[],"class_list":{"0":"post-43708","1":"product","2":"type-product","3":"status-publish","4":"has-post-thumbnail","6":"product_cat-jouets-de-bain","7":"product_cat-playtime-fr","8":"product_cat-soins","9":"product_cat-soldes","11":"first","12":"instock","13":"sale","14":"taxable","15":"shipping-taxable","16":"purchasable","17":"product-type-simple"},"_links":{"self":[{"href":"https:\/\/www.bojungle.eu\/fr\/wp-json\/wp\/v2\/product\/43708","targetHints":{"allow":["GET"]}}],"collection":[{"href":"https:\/\/www.bojungle.eu\/fr\/wp-json\/wp\/v2\/product"}],"about":[{"href":"https:\/\/www.bojungle.eu\/fr\/wp-json\/wp\/v2\/types\/product"}],"replies":[{"embeddable":true,"href":"https:\/\/www.bojungle.eu\/fr\/wp-json\/wp\/v2\/comments?post=43708"}],"version-history":[{"count":0,"href":"https:\/\/www.bojungle.eu\/fr\/wp-json\/wp\/v2\/product\/43708\/revisions"}],"wp:featuredmedia":[{"embeddable":true,"href":"https:\/\/www.bojungle.eu\/fr\/wp-json\/wp\/v2\/media\/74317"}],"wp:attachment":[{"href":"https:\/\/www.bojungle.eu\/fr\/wp-json\/wp\/v2\/media?parent=43708"}],"wp:term":[{"taxonomy":"product_brand","embeddable":true,"href":"https:\/\/www.bojungle.eu\/fr\/wp-json\/wp\/v2\/product_brand?post=43708"},{"taxonomy":"product_cat","embeddable":true,"href":"https:\/\/www.bojungle.eu\/fr\/wp-json\/wp\/v2\/product_cat?post=43708"},{"taxonomy":"product_tag","embeddable":true,"href":"https:\/\/www.bojungle.eu\/fr\/wp-json\/wp\/v2\/product_tag?post=43708"},{"taxonomy":"woo-feed-brand","embeddable":true,"href":"https:\/\/www.bojungle.eu\/fr\/wp-json\/wp\/v2\/woo-feed-brand?post=43708"}],"curies":[{"name":"wp","href":"https:\/\/api.w.org\/{rel}","templated":true}]}}