{"id":43771,"date":"2022-05-29T10:24:19","date_gmt":"2022-05-29T08:24:19","guid":{"rendered":"https:\/\/bojungle.eu\/shop\/product\/b-ball-pit-play-gym-gris\/"},"modified":"2024-02-07T11:17:24","modified_gmt":"2024-02-07T10:17:24","slug":"b-ball-pit-play-gym-grey","status":"publish","type":"product","link":"https:\/\/www.bojungle.eu\/fr\/produit\/b-ball-pit-play-gym-grey\/","title":{"rendered":"Piscine \u00e0 Balles Gris"},"content":{"rendered":"<div id=\"description\" class=\"tab-pane fade in active\" role=\"tabpanel\">\n<div class=\"product-description\">\n<div class=\"flex-1 overflow-hidden\">\n<div class=\"react-scroll-to-bottom--css-fuibk-79elbk h-full\">\n<div class=\"react-scroll-to-bottom--css-fuibk-1n7m0yu\">\n<div class=\"flex flex-col pb-9 text-sm\">\n<div class=\"w-full text-token-text-primary\" data-testid=\"conversation-turn-5\">\n<div class=\"px-4 py-2 justify-center text-base md:gap-6 m-auto\">\n<div class=\"flex flex-1 text-base mx-auto gap-3 md:px-5 lg:px-1 xl:px-5 md:max-w-3xl lg:max-w-[40rem] xl:max-w-[48rem] group final-completion\">\n<div class=\"relative flex w-full flex-col lg:w-[calc(100%-115px)] agent-turn\">\n<div class=\"flex-col gap-1 md:gap-3\">\n<div class=\"flex flex-grow flex-col max-w-full\">\n<div class=\"min-h-[20px] text-message flex flex-col items-start gap-3 whitespace-pre-wrap break-words [.text-message+&amp;]:mt-5 overflow-x-auto\" data-message-author-role=\"assistant\" data-message-id=\"56127af4-1f04-405d-b559-028a9786080b\">\n<div class=\"markdown prose w-full break-words dark:prose-invert light\">\n<p>Notre Piscine \u00e0 Balles Gris est le m\u00e9lange parfait de divertissement et d&rsquo;esth\u00e9tique, tout en garantissant des heures d&rsquo;amusement sans fin ! Fabriqu\u00e9 m\u00e9ticuleusement avec de la mousse, il est recouvert d&rsquo;une housse en velboa lavable et amovible pour plus de durabilit\u00e9 et de confort. Avec ses bords arrondis et ses balles non toxiques certifi\u00e9es CE, la s\u00e9curit\u00e9 est assur\u00e9e. Plus qu&rsquo;un simple jouet, cette fosse \u00e0 balles stimule le d\u00e9veloppement physique et manuel de votre enfant. Accompagn\u00e9 de 120 balles vibrantes, il s&rsquo;agit d&rsquo;un compl\u00e9ment polyvalent et attrayant au r\u00e9pertoire de jeux de votre enfant.   <\/p>\n<\/div>\n<\/div>\n<\/div>\n<\/div>\n<\/div>\n<\/div>\n<\/div>\n<\/div>\n<\/div>\n<\/div>\n<\/div>\n<\/div>\n<\/div>\n<\/div>\n","protected":false},"excerpt":{"rendered":"<div id=\"description\" class=\"tab-pane fade in active\" role=\"tabpanel\">\n<div class=\"product-description\">\n<p>La piscine Ball Pit Play Gym Grey s&rsquo;adapte \u00e0 tous les int\u00e9rieurs et garantit des heures d&rsquo;amusement ! La baignoire est en mousse et recouverte d&rsquo;une housse en velcro lavable et amovible.<\/p>\n<\/div>\n<\/div>\n","protected":false},"featured_media":65271,"comment_status":"closed","ping_status":"closed","template":"","meta":{"_lmt_disableupdate":"no","_lmt_disable":""},"product_brand":[],"product_cat":[615,445],"product_tag":[],"woo-feed-brand":[],"class_list":{"0":"post-43771","1":"product","2":"type-product","3":"status-publish","4":"has-post-thumbnail","6":"product_cat-jouets-dactivite","7":"product_cat-playtime-fr","9":"first","10":"instock","11":"taxable","12":"shipping-taxable","13":"purchasable","14":"product-type-simple"},"_links":{"self":[{"href":"https:\/\/www.bojungle.eu\/fr\/wp-json\/wp\/v2\/product\/43771","targetHints":{"allow":["GET"]}}],"collection":[{"href":"https:\/\/www.bojungle.eu\/fr\/wp-json\/wp\/v2\/product"}],"about":[{"href":"https:\/\/www.bojungle.eu\/fr\/wp-json\/wp\/v2\/types\/product"}],"replies":[{"embeddable":true,"href":"https:\/\/www.bojungle.eu\/fr\/wp-json\/wp\/v2\/comments?post=43771"}],"version-history":[{"count":1,"href":"https:\/\/www.bojungle.eu\/fr\/wp-json\/wp\/v2\/product\/43771\/revisions"}],"predecessor-version":[{"id":65321,"href":"https:\/\/www.bojungle.eu\/fr\/wp-json\/wp\/v2\/product\/43771\/revisions\/65321"}],"wp:featuredmedia":[{"embeddable":true,"href":"https:\/\/www.bojungle.eu\/fr\/wp-json\/wp\/v2\/media\/65271"}],"wp:attachment":[{"href":"https:\/\/www.bojungle.eu\/fr\/wp-json\/wp\/v2\/media?parent=43771"}],"wp:term":[{"taxonomy":"product_brand","embeddable":true,"href":"https:\/\/www.bojungle.eu\/fr\/wp-json\/wp\/v2\/product_brand?post=43771"},{"taxonomy":"product_cat","embeddable":true,"href":"https:\/\/www.bojungle.eu\/fr\/wp-json\/wp\/v2\/product_cat?post=43771"},{"taxonomy":"product_tag","embeddable":true,"href":"https:\/\/www.bojungle.eu\/fr\/wp-json\/wp\/v2\/product_tag?post=43771"},{"taxonomy":"woo-feed-brand","embeddable":true,"href":"https:\/\/www.bojungle.eu\/fr\/wp-json\/wp\/v2\/woo-feed-brand?post=43771"}],"curies":[{"name":"wp","href":"https:\/\/api.w.org\/{rel}","templated":true}]}}