{"id":43803,"date":"2022-05-29T10:22:18","date_gmt":"2022-05-29T08:22:18","guid":{"rendered":"https:\/\/bojungle.eu\/shop\/product\/casse-tete-b-animal-3-pieces-singe-ours-koala\/"},"modified":"2024-02-12T11:04:44","modified_gmt":"2024-02-12T10:04:44","slug":"b-animal-puzzle-3-pcs-aap-biere-koala","status":"publish","type":"product","link":"https:\/\/www.bojungle.eu\/fr\/produit\/b-animal-puzzle-3-pcs-aap-biere-koala\/","title":{"rendered":"Casse-t\u00eate B-Animal (3 pi\u00e8ces) Singe &#8211; Ours &#8211; Koala"},"content":{"rendered":"<p>Les formes cr\u00e9atives et multicolores de ces jouets de bain stimuleront l&rsquo;imagination de votre enfant et rendront l&rsquo;heure du bain plus agr\u00e9able.<\/p>\n<ul>\n<li>Puzzles d&rsquo;animaux amusants pour les petits<\/li>\n<li>Peut \u00eatre coll\u00e9 sur le carrelage ou la baignoire<\/li>\n<li>Chaque animal comporte 4 grandes pi\u00e8ces \u00e0 assembler<\/li>\n<li>3 animaux dans chaque paquet<\/li>\n<li>Fabriqu\u00e9 en mousse<\/li>\n<li>Conforme aux normes europ\u00e9ennes les plus strictes en mati\u00e8re de s\u00e9curit\u00e9 et de qualit\u00e9<\/li>\n<li>\u00c2ge : 36 mois et plus<\/li>\n<\/ul>\n","protected":false},"excerpt":{"rendered":"<p>D\u00e9couvrez nos adorables jouets de bain en mousse en forme de puzzle d&rsquo;animaux ! Ces charmantes formes enflammeront l&rsquo;imagination de votre enfant et transformeront l&rsquo;heure du bain en une aventure passionnante. Con\u00e7us avec des puzzles d&rsquo;animaux amusants, ces jouets sont parfaits pour les petits qui aiment explorer et apprendre tout en jouant. Con\u00e7ues dans un souci de s\u00e9curit\u00e9 et de plaisir, toutes les pi\u00e8ces du puzzle sont fabriqu\u00e9es en mousse souple, ce qui garantit une exp\u00e9rience de jeu douce et confortable. Ces puzzles sont non seulement divertissants, mais aussi \u00e9ducatifs, car ils encouragent le d\u00e9veloppement cognitif et la motricit\u00e9 fine au fur et \u00e0 mesure que les enfants assemblent les pi\u00e8ces. Vous pouvez \u00e9galement les coller contre les murs de la salle de bains. Chaque animal comporte quatre grandes pi\u00e8ces \u00e0 assembler, ce qui permet aux petites mains de les manipuler et de les assembler facilement. De plus, avec trois animaux diff\u00e9rents dans chaque paquet, il y a beaucoup de vari\u00e9t\u00e9 pour garder votre enfant occup\u00e9. Soyez assur\u00e9s que nos jouets de bain puzzle en mousse pour animaux sont conformes aux normes europ\u00e9ennes les plus strictes en mati\u00e8re de s\u00e9curit\u00e9 et de qualit\u00e9, pour la plus grande tranquillit\u00e9 d&rsquo;esprit des parents. Convenant aux enfants \u00e2g\u00e9s de 36 mois et plus, ces jouets de bain feront de la baignade une exp\u00e9rience agr\u00e9able et enrichissante pour votre enfant.  <\/p>\n","protected":false},"featured_media":65693,"comment_status":"closed","ping_status":"closed","template":"","meta":{"_lmt_disableupdate":"no","_lmt_disable":""},"product_brand":[],"product_cat":[513,445,510],"product_tag":[],"woo-feed-brand":[],"class_list":{"0":"post-43803","1":"product","2":"type-product","3":"status-publish","4":"has-post-thumbnail","6":"product_cat-jouets-de-bain","7":"product_cat-playtime-fr","8":"product_cat-soins","10":"first","11":"instock","12":"taxable","13":"shipping-taxable","14":"purchasable","15":"product-type-simple"},"_links":{"self":[{"href":"https:\/\/www.bojungle.eu\/fr\/wp-json\/wp\/v2\/product\/43803","targetHints":{"allow":["GET"]}}],"collection":[{"href":"https:\/\/www.bojungle.eu\/fr\/wp-json\/wp\/v2\/product"}],"about":[{"href":"https:\/\/www.bojungle.eu\/fr\/wp-json\/wp\/v2\/types\/product"}],"replies":[{"embeddable":true,"href":"https:\/\/www.bojungle.eu\/fr\/wp-json\/wp\/v2\/comments?post=43803"}],"version-history":[{"count":1,"href":"https:\/\/www.bojungle.eu\/fr\/wp-json\/wp\/v2\/product\/43803\/revisions"}],"predecessor-version":[{"id":65792,"href":"https:\/\/www.bojungle.eu\/fr\/wp-json\/wp\/v2\/product\/43803\/revisions\/65792"}],"wp:featuredmedia":[{"embeddable":true,"href":"https:\/\/www.bojungle.eu\/fr\/wp-json\/wp\/v2\/media\/65693"}],"wp:attachment":[{"href":"https:\/\/www.bojungle.eu\/fr\/wp-json\/wp\/v2\/media?parent=43803"}],"wp:term":[{"taxonomy":"product_brand","embeddable":true,"href":"https:\/\/www.bojungle.eu\/fr\/wp-json\/wp\/v2\/product_brand?post=43803"},{"taxonomy":"product_cat","embeddable":true,"href":"https:\/\/www.bojungle.eu\/fr\/wp-json\/wp\/v2\/product_cat?post=43803"},{"taxonomy":"product_tag","embeddable":true,"href":"https:\/\/www.bojungle.eu\/fr\/wp-json\/wp\/v2\/product_tag?post=43803"},{"taxonomy":"woo-feed-brand","embeddable":true,"href":"https:\/\/www.bojungle.eu\/fr\/wp-json\/wp\/v2\/woo-feed-brand?post=43803"}],"curies":[{"name":"wp","href":"https:\/\/api.w.org\/{rel}","templated":true}]}}