{"id":43849,"date":"2022-05-29T10:20:58","date_gmt":"2022-05-29T08:20:58","guid":{"rendered":"https:\/\/bojungle.eu\/shop\/product\/b-pyramide-dactivites-de-la-jungle\/"},"modified":"2024-02-29T16:32:41","modified_gmt":"2024-02-29T15:32:41","slug":"b-activite-pyramide-jungle","status":"publish","type":"product","link":"https:\/\/www.bojungle.eu\/fr\/produit\/b-activite-pyramide-jungle\/","title":{"rendered":"B -Pyramide d&rsquo;activit\u00e9s Jungle"},"content":{"rendered":"<p>Voici la pyramide d&rsquo;activit\u00e9s Jungle &#8211; un jouet amusant qui aide les enfants \u00e0 apprendre et \u00e0 jouer en m\u00eame temps ! Cette pyramide color\u00e9e a beaucoup de choses \u00e0 faire qui sont parfaites pour les petites mains. Les enfants peuvent pousser, tirer, tordre et tourner les diff\u00e9rentes parties de la pyramide, ce qui les aide \u00e0 mieux utiliser leurs doigts et leurs mains. De plus, cela leur permet d&rsquo;apprendre \u00e0 mieux coordonner leurs mouvements. Il y a un jeu sympa o\u00f9 les enfants doivent trouver des animaux cach\u00e9s. Il s&rsquo;agit d&rsquo;un puzzle amusant qui les aide \u00e0 r\u00e9fl\u00e9chir et \u00e0 r\u00e9soudre des probl\u00e8mes. La pyramide joue des chansons entra\u00eenantes et des sons amusants qui suscitent la curiosit\u00e9 et l&rsquo;enthousiasme des enfants. C&rsquo;est comme si un petit concert avait lieu dans leur salle de jeux ! Avec ses couleurs vives et ses motifs, la pyramide stimule l&rsquo;imagination des enfants. Ils peuvent faire semblant d&rsquo;explorer une jungle ou de partir \u00e0 l&rsquo;aventure ! La pyramide d&rsquo;activit\u00e9s Jungle n&rsquo;est pas seulement un jouet, c&rsquo;est un moyen pour les enfants d&rsquo;apprendre, de s&rsquo;amuser et d&rsquo;utiliser leur imagination tout \u00e0 la fois ! <\/p>\n<ul>\n<li>Pousser, tirer, saisir ou tourner les diff\u00e9rentes pi\u00e8ces permet d&rsquo;am\u00e9liorer l&rsquo;habilet\u00e9 des doigts et des mains, la coordination oculo-manuelle et la motricit\u00e9 fine.<\/li>\n<li>Tournez les pages et jouez au jeu \u00ab\u00a0trouvez l&rsquo;animal\u00a0\u00bb, qui aide \u00e0 d\u00e9velopper la pens\u00e9e logique et la capacit\u00e9 \u00e0 r\u00e9soudre des probl\u00e8mes.<\/li>\n<li>Le jouet offre un large \u00e9ventail de fonctions interactives, de motifs moir\u00e9s et de jeux qui contribuent \u00e0 stimuler l&rsquo;imagination et la cr\u00e9ativit\u00e9 de votre enfant.<\/li>\n<li>Les chansons et les effets sonores int\u00e9gr\u00e9s sont con\u00e7us pour stimuler la curiosit\u00e9 de votre enfant.<\/li>\n<\/ul>\n","protected":false},"excerpt":{"rendered":"<p>Voici la pyramide d&rsquo;activit\u00e9s Jungle &#8211; un jouet amusant qui aide les enfants \u00e0 apprendre et \u00e0 jouer en m\u00eame temps ! Cette pyramide color\u00e9e a beaucoup de choses \u00e0 faire qui sont parfaites pour les petites mains. <\/p>\n","protected":false},"featured_media":66869,"comment_status":"closed","ping_status":"closed","template":"","meta":{"_lmt_disableupdate":"no","_lmt_disable":""},"product_brand":[],"product_cat":[496,615,616,445],"product_tag":[],"woo-feed-brand":[],"class_list":{"0":"post-43849","1":"product","2":"type-product","3":"status-publish","4":"has-post-thumbnail","6":"product_cat-des-jouets-colores","7":"product_cat-jouets-dactivite","8":"product_cat-jouets-musicaux","9":"product_cat-playtime-fr","11":"first","12":"instock","13":"taxable","14":"shipping-taxable","15":"purchasable","16":"product-type-simple"},"_links":{"self":[{"href":"https:\/\/www.bojungle.eu\/fr\/wp-json\/wp\/v2\/product\/43849","targetHints":{"allow":["GET"]}}],"collection":[{"href":"https:\/\/www.bojungle.eu\/fr\/wp-json\/wp\/v2\/product"}],"about":[{"href":"https:\/\/www.bojungle.eu\/fr\/wp-json\/wp\/v2\/types\/product"}],"replies":[{"embeddable":true,"href":"https:\/\/www.bojungle.eu\/fr\/wp-json\/wp\/v2\/comments?post=43849"}],"version-history":[{"count":2,"href":"https:\/\/www.bojungle.eu\/fr\/wp-json\/wp\/v2\/product\/43849\/revisions"}],"predecessor-version":[{"id":66928,"href":"https:\/\/www.bojungle.eu\/fr\/wp-json\/wp\/v2\/product\/43849\/revisions\/66928"}],"wp:featuredmedia":[{"embeddable":true,"href":"https:\/\/www.bojungle.eu\/fr\/wp-json\/wp\/v2\/media\/66869"}],"wp:attachment":[{"href":"https:\/\/www.bojungle.eu\/fr\/wp-json\/wp\/v2\/media?parent=43849"}],"wp:term":[{"taxonomy":"product_brand","embeddable":true,"href":"https:\/\/www.bojungle.eu\/fr\/wp-json\/wp\/v2\/product_brand?post=43849"},{"taxonomy":"product_cat","embeddable":true,"href":"https:\/\/www.bojungle.eu\/fr\/wp-json\/wp\/v2\/product_cat?post=43849"},{"taxonomy":"product_tag","embeddable":true,"href":"https:\/\/www.bojungle.eu\/fr\/wp-json\/wp\/v2\/product_tag?post=43849"},{"taxonomy":"woo-feed-brand","embeddable":true,"href":"https:\/\/www.bojungle.eu\/fr\/wp-json\/wp\/v2\/woo-feed-brand?post=43849"}],"curies":[{"name":"wp","href":"https:\/\/api.w.org\/{rel}","templated":true}]}}