{"id":43870,"date":"2022-05-29T10:19:49","date_gmt":"2022-05-29T08:19:49","guid":{"rendered":"https:\/\/bojungle.eu\/shop\/product\/b-anneaux-hochets-elephant-bleu\/"},"modified":"2023-09-29T14:57:02","modified_gmt":"2023-09-29T12:57:02","slug":"b-anneaux-de-crecelle-bleu-elephant","status":"publish","type":"product","link":"https:\/\/www.bojungle.eu\/fr\/produit\/b-anneaux-de-crecelle-bleu-elephant\/","title":{"rendered":"B-Anneau hochet El\u00e9phant Bleu"},"content":{"rendered":"<ul>\n<li>Un grand classique avec une nouvelle touche : le hochet \u00e0 m\u00e2cher en silicone et en bois pour un jouet sain et durable !<\/li>\n<li>Ce hochet aidera \u00e0 soulager les douleurs de dentition de b\u00e9b\u00e9 gr\u00e2ce aux diff\u00e9rentes textures et formes de la partie en silicone.<\/li>\n<li>Hochet design et couleurs tendance pour plaire \u00e0 b\u00e9b\u00e9 et \u00e0 ses parents.<\/li>\n<\/ul>\n","protected":false},"excerpt":{"rendered":"<p>Un grand classique avec une nouvelle touche : le hochet \u00e0 m\u00e2cher en silicone et en bois pour un jouet sain et durable !<\/p>\n","protected":false},"featured_media":71300,"comment_status":"closed","ping_status":"closed","template":"","meta":{"_lmt_disableupdate":"no","_lmt_disable":""},"product_brand":[],"product_cat":[496,673,445],"product_tag":[],"woo-feed-brand":[],"class_list":{"0":"post-43870","1":"product","2":"type-product","3":"status-publish","4":"has-post-thumbnail","6":"product_cat-des-jouets-colores","7":"product_cat-hochets","8":"product_cat-playtime-fr","10":"first","11":"instock","12":"taxable","13":"shipping-taxable","14":"purchasable","15":"product-type-simple"},"_links":{"self":[{"href":"https:\/\/www.bojungle.eu\/fr\/wp-json\/wp\/v2\/product\/43870","targetHints":{"allow":["GET"]}}],"collection":[{"href":"https:\/\/www.bojungle.eu\/fr\/wp-json\/wp\/v2\/product"}],"about":[{"href":"https:\/\/www.bojungle.eu\/fr\/wp-json\/wp\/v2\/types\/product"}],"replies":[{"embeddable":true,"href":"https:\/\/www.bojungle.eu\/fr\/wp-json\/wp\/v2\/comments?post=43870"}],"version-history":[{"count":0,"href":"https:\/\/www.bojungle.eu\/fr\/wp-json\/wp\/v2\/product\/43870\/revisions"}],"wp:featuredmedia":[{"embeddable":true,"href":"https:\/\/www.bojungle.eu\/fr\/wp-json\/wp\/v2\/media\/71300"}],"wp:attachment":[{"href":"https:\/\/www.bojungle.eu\/fr\/wp-json\/wp\/v2\/media?parent=43870"}],"wp:term":[{"taxonomy":"product_brand","embeddable":true,"href":"https:\/\/www.bojungle.eu\/fr\/wp-json\/wp\/v2\/product_brand?post=43870"},{"taxonomy":"product_cat","embeddable":true,"href":"https:\/\/www.bojungle.eu\/fr\/wp-json\/wp\/v2\/product_cat?post=43870"},{"taxonomy":"product_tag","embeddable":true,"href":"https:\/\/www.bojungle.eu\/fr\/wp-json\/wp\/v2\/product_tag?post=43870"},{"taxonomy":"woo-feed-brand","embeddable":true,"href":"https:\/\/www.bojungle.eu\/fr\/wp-json\/wp\/v2\/woo-feed-brand?post=43870"}],"curies":[{"name":"wp","href":"https:\/\/api.w.org\/{rel}","templated":true}]}}