{"id":43884,"date":"2022-05-29T10:18:08","date_gmt":"2022-05-29T08:18:08","guid":{"rendered":"https:\/\/bojungle.eu\/shop\/product\/b-anneau-multisensoriel\/"},"modified":"2024-02-27T16:54:35","modified_gmt":"2024-02-27T15:54:35","slug":"b-anneau-multisensoriel","status":"publish","type":"product","link":"https:\/\/www.bojungle.eu\/fr\/produit\/b-anneau-multisensoriel\/","title":{"rendered":"B- Anneau multisensoriel"},"content":{"rendered":"<div class=\"flex-1 overflow-hidden\">\n<div class=\"react-scroll-to-bottom--css-enznj-79elbk h-full\">\n<div class=\"react-scroll-to-bottom--css-enznj-1n7m0yu\">\n<div class=\"flex flex-col text-sm pb-9\">\n<div class=\"w-full text-token-text-primary\" data-testid=\"conversation-turn-3\">\n<div class=\"px-4 py-2 justify-center text-base md:gap-6 m-auto\">\n<div class=\"flex flex-1 text-base mx-auto gap-3 md:px-5 lg:px-1 xl:px-5 md:max-w-3xl lg:max-w-[40rem] xl:max-w-[48rem] group final-completion\">\n<div class=\"relative flex w-full flex-col agent-turn\">\n<div class=\"flex-col gap-1 md:gap-3\">\n<div class=\"flex flex-grow flex-col max-w-full\">\n<div class=\"min-h-[20px] text-message flex flex-col items-start gap-3 whitespace-pre-wrap break-words [.text-message+&amp;]:mt-5 overflow-x-auto\" data-message-author-role=\"assistant\" data-message-id=\"f9d6a576-9720-45fc-a945-c7ebe391709e\">\n<div class=\"markdown prose w-full break-words dark:prose-invert light\">\n<p>D\u00e9couvrez l&rsquo;anneau multisensoriel de Bo Jungle, une d\u00e9licieuse version d&rsquo;un classique bien aim\u00e9, con\u00e7u sp\u00e9cialement pour le plaisir et le confort de votre enfant. Fabriqu\u00e9 en silicone et en bois s\u00fbrs et durables, ce hochet \u00e0 mordiller est parfait pour calmer les douleurs de dentition tout en offrant des heures de divertissement. La partie en silicone de l&rsquo;anneau pr\u00e9sente une vari\u00e9t\u00e9 de textures et de formes, soulageant les gencives sensibles de votre b\u00e9b\u00e9 et stimulant ses sens au fur et \u00e0 mesure qu&rsquo;il explore. Avec son design simple mais \u00e9l\u00e9gant et sa gamme de couleurs douces et agr\u00e9ables, notre anneau multisensoriel plaira certainement aux b\u00e9b\u00e9s comme aux parents. Avec notre anneau multisensoriel, les jeux deviennent un jeu d&rsquo;enfant. C&rsquo;est le compagnon id\u00e9al des premi\u00e8res aventures de votre b\u00e9b\u00e9. <\/p>\n<\/div>\n<\/div>\n<\/div>\n<\/div>\n<\/div>\n<\/div>\n<\/div>\n<\/div>\n<\/div>\n<\/div>\n<\/div>\n<\/div>\n<ul>\n<li>Un grand classique avec une nouvelle touche : le hochet \u00e0 m\u00e2cher en silicone et en bois pour un jouet sain et durable !<\/li>\n<li>Ce hochet aidera \u00e0 soulager les douleurs de dentition de b\u00e9b\u00e9 gr\u00e2ce aux diff\u00e9rentes textures et formes de la partie en silicone.<\/li>\n<li>Hochet design et couleurs tendance pour plaire \u00e0 b\u00e9b\u00e9 et \u00e0 ses parents.<\/li>\n<\/ul>\n","protected":false},"excerpt":{"rendered":"<p>L&rsquo;anneau multisensoriel : un jouet de dentition s\u00fbr, durable et apaisant pour votre enfant. Avec sa vari\u00e9t\u00e9 de textures et de formes, ce hochet \u00e0 m\u00e2cher soulage et stimule tout en offrant un design simple mais \u00e9l\u00e9gant dans des couleurs tendance. Parfait pour garder votre b\u00e9b\u00e9 heureux pendant les heures de jeu !  <\/p>\n","protected":false},"featured_media":66771,"comment_status":"closed","ping_status":"closed","template":"","meta":{"_lmt_disableupdate":"no","_lmt_disable":""},"product_brand":[],"product_cat":[501,445],"product_tag":[],"woo-feed-brand":[],"class_list":{"0":"post-43884","1":"product","2":"type-product","3":"status-publish","4":"has-post-thumbnail","6":"product_cat-jouets-en-silicone","7":"product_cat-playtime-fr","9":"first","10":"outofstock","11":"taxable","12":"shipping-taxable","13":"purchasable","14":"product-type-simple"},"_links":{"self":[{"href":"https:\/\/www.bojungle.eu\/fr\/wp-json\/wp\/v2\/product\/43884","targetHints":{"allow":["GET"]}}],"collection":[{"href":"https:\/\/www.bojungle.eu\/fr\/wp-json\/wp\/v2\/product"}],"about":[{"href":"https:\/\/www.bojungle.eu\/fr\/wp-json\/wp\/v2\/types\/product"}],"replies":[{"embeddable":true,"href":"https:\/\/www.bojungle.eu\/fr\/wp-json\/wp\/v2\/comments?post=43884"}],"version-history":[{"count":1,"href":"https:\/\/www.bojungle.eu\/fr\/wp-json\/wp\/v2\/product\/43884\/revisions"}],"predecessor-version":[{"id":66822,"href":"https:\/\/www.bojungle.eu\/fr\/wp-json\/wp\/v2\/product\/43884\/revisions\/66822"}],"wp:featuredmedia":[{"embeddable":true,"href":"https:\/\/www.bojungle.eu\/fr\/wp-json\/wp\/v2\/media\/66771"}],"wp:attachment":[{"href":"https:\/\/www.bojungle.eu\/fr\/wp-json\/wp\/v2\/media?parent=43884"}],"wp:term":[{"taxonomy":"product_brand","embeddable":true,"href":"https:\/\/www.bojungle.eu\/fr\/wp-json\/wp\/v2\/product_brand?post=43884"},{"taxonomy":"product_cat","embeddable":true,"href":"https:\/\/www.bojungle.eu\/fr\/wp-json\/wp\/v2\/product_cat?post=43884"},{"taxonomy":"product_tag","embeddable":true,"href":"https:\/\/www.bojungle.eu\/fr\/wp-json\/wp\/v2\/product_tag?post=43884"},{"taxonomy":"woo-feed-brand","embeddable":true,"href":"https:\/\/www.bojungle.eu\/fr\/wp-json\/wp\/v2\/woo-feed-brand?post=43884"}],"curies":[{"name":"wp","href":"https:\/\/api.w.org\/{rel}","templated":true}]}}