{"id":44312,"date":"2023-05-02T12:54:21","date_gmt":"2023-05-02T10:54:21","guid":{"rendered":"https:\/\/bojungle.eu\/shop\/product\/b-set-de-cuilleres-silicones-terracotta\/"},"modified":"2023-09-29T11:22:57","modified_gmt":"2023-09-29T09:22:57","slug":"b-spoon-shape-set-2-pcs-terracotta","status":"publish","type":"product","link":"https:\/\/www.bojungle.eu\/fr\/produit\/b-spoon-shape-set-2-pcs-terracotta\/","title":{"rendered":"Set de 2 Cuill\u00e9res Silicone Terracotta"},"content":{"rendered":"<p style=\"font-weight: 400;\">La forme de la cuill\u00e8re est sp\u00e9cialement con\u00e7ue pour permettre au b\u00e9b\u00e9 de passer de la t\u00e9tine \u00e0 la cuill\u00e8re.<\/p>\n<ul style=\"font-weight: 400;\">\n<li>Une poign\u00e9e facile \u00e0 tenir<\/li>\n<li>Fabriqu\u00e9 en silicone<\/li>\n<li>Facile \u00e0 nettoyer<\/li>\n<li>Cuill\u00e8re douce : sans danger pour la morsure<\/li>\n<li>Lavage \u00e0 la main ou au lave-vaisselle<\/li>\n<\/ul>\n","protected":false},"excerpt":{"rendered":"<p style=\"font-weight: 400;\">La forme de la cuill\u00e8re est sp\u00e9cialement con\u00e7ue pour permettre au b\u00e9b\u00e9 de passer de la t\u00e9tine \u00e0 la cuill\u00e8re.<\/p>\n","protected":false},"featured_media":73656,"comment_status":"closed","ping_status":"closed","template":"","meta":{"_lmt_disableupdate":"no","_lmt_disable":""},"product_brand":[],"product_cat":[440,552,439],"product_tag":[],"woo-feed-brand":[],"class_list":{"0":"post-44312","1":"product","2":"type-product","3":"status-publish","4":"has-post-thumbnail","6":"product_cat-gamme-silicone","7":"product_cat-lheure-du-diner","8":"product_cat-nourriture-et-boisson","10":"first","11":"instock","12":"taxable","13":"shipping-taxable","14":"purchasable","15":"product-type-simple"},"_links":{"self":[{"href":"https:\/\/www.bojungle.eu\/fr\/wp-json\/wp\/v2\/product\/44312","targetHints":{"allow":["GET"]}}],"collection":[{"href":"https:\/\/www.bojungle.eu\/fr\/wp-json\/wp\/v2\/product"}],"about":[{"href":"https:\/\/www.bojungle.eu\/fr\/wp-json\/wp\/v2\/types\/product"}],"replies":[{"embeddable":true,"href":"https:\/\/www.bojungle.eu\/fr\/wp-json\/wp\/v2\/comments?post=44312"}],"version-history":[{"count":0,"href":"https:\/\/www.bojungle.eu\/fr\/wp-json\/wp\/v2\/product\/44312\/revisions"}],"wp:featuredmedia":[{"embeddable":true,"href":"https:\/\/www.bojungle.eu\/fr\/wp-json\/wp\/v2\/media\/73656"}],"wp:attachment":[{"href":"https:\/\/www.bojungle.eu\/fr\/wp-json\/wp\/v2\/media?parent=44312"}],"wp:term":[{"taxonomy":"product_brand","embeddable":true,"href":"https:\/\/www.bojungle.eu\/fr\/wp-json\/wp\/v2\/product_brand?post=44312"},{"taxonomy":"product_cat","embeddable":true,"href":"https:\/\/www.bojungle.eu\/fr\/wp-json\/wp\/v2\/product_cat?post=44312"},{"taxonomy":"product_tag","embeddable":true,"href":"https:\/\/www.bojungle.eu\/fr\/wp-json\/wp\/v2\/product_tag?post=44312"},{"taxonomy":"woo-feed-brand","embeddable":true,"href":"https:\/\/www.bojungle.eu\/fr\/wp-json\/wp\/v2\/woo-feed-brand?post=44312"}],"curies":[{"name":"wp","href":"https:\/\/api.w.org\/{rel}","templated":true}]}}