{"id":44394,"date":"2023-05-03T07:40:53","date_gmt":"2023-05-03T05:40:53","guid":{"rendered":"https:\/\/bojungle.eu\/shop\/product\/b-tapis-deau-amis-de-mer\/"},"modified":"2024-02-09T11:35:09","modified_gmt":"2024-02-09T10:35:09","slug":"b-watermat-sea-friends","status":"publish","type":"product","link":"https:\/\/www.bojungle.eu\/fr\/produit\/b-watermat-sea-friends\/","title":{"rendered":"Tapis d&rsquo;eau Amis de la Mer"},"content":{"rendered":"<p>Tapis d&rsquo;eau Amis de la Mer, un tapis de jeu \u00e0 remplir d&rsquo;eau ! Le tapis d&rsquo;eau favorise les capacit\u00e9s visuelles et tactiles de votre enfant.<\/p>\n<ul>\n<li>Facile \u00e0 remplir\/vider<\/li>\n<li>Id\u00e9al pour s&rsquo;allonger sur le ventre<\/li>\n<li>Couleurs amusantes et animaux marins pour stimuler le d\u00e9veloppement sensoriel<\/li>\n<\/ul>\n","protected":false},"excerpt":{"rendered":"<div class=\"flex-1 overflow-hidden\">\n<div class=\"react-scroll-to-bottom--css-nliuc-79elbk h-full\">\n<div class=\"react-scroll-to-bottom--css-nliuc-1n7m0yu\">\n<div class=\"flex flex-col pb-9 text-sm\">\n<div class=\"w-full text-token-text-primary\" data-testid=\"conversation-turn-5\">\n<div class=\"px-4 py-2 justify-center text-base md:gap-6 m-auto\">\n<div class=\"flex flex-1 text-base mx-auto gap-3 md:px-5 lg:px-1 xl:px-5 md:max-w-3xl lg:max-w-[40rem] xl:max-w-[48rem] group final-completion\">\n<div class=\"relative flex w-full flex-col lg:w-[calc(100%-115px)] agent-turn\">\n<div class=\"flex-col gap-1 md:gap-3\">\n<div class=\"flex flex-grow flex-col max-w-full\">\n<div class=\"min-h-[20px] text-message flex flex-col items-start gap-3 whitespace-pre-wrap break-words [.text-message+&amp;]:mt-5 overflow-x-auto\" data-message-author-role=\"assistant\" data-message-id=\"5cf64b2b-889e-4b95-b80a-3f166b221381\">\n<div class=\"markdown prose w-full break-words dark:prose-invert light\">\n<p>D\u00e9couvre le Tapis d&rsquo;eau Amis de la Mer, le tapis de jeu innovant qui am\u00e8ne les aventures aquatiques jusque dans ton salon ! Remplissez-le d&rsquo;eau pour une exp\u00e9rience sensorielle immersive qui sollicite d\u00e8s le d\u00e9part les capacit\u00e9s visuelles et tactiles de votre enfant. Facile \u00e0 remplir et \u00e0 vider, ce tapis est parfait pour l&rsquo;heure du ventre. Ses couleurs vives et ses charmantes cr\u00e9atures marines procurent un plaisir et une stimulation sans fin.   Observez le d\u00e9veloppement sensoriel de votre enfant s&rsquo;\u00e9panouir \u00e0 chaque \u00e9claboussure et \u00e0 chaque s\u00e9ance de jeu !<\/p>\n<\/div>\n<\/div>\n<\/div>\n<\/div>\n<\/div>\n<\/div>\n<\/div>\n<\/div>\n<\/div>\n<\/div>\n<\/div>\n<\/div>\n<div class=\"w-full pt-2 md:pt-0 dark:border-white\/20 md:border-transparent md:dark:border-transparent md:w-[calc(100%-.5rem)]\">\n<form class=\"stretch mx-2 flex flex-row gap-3 last:mb-2 md:mx-4 md:last:mb-6 lg:mx-auto lg:max-w-2xl xl:max-w-3xl\">\n<div class=\"relative flex h-full flex-1 items-stretch md:flex-col\">\n<div class=\"flex w-full items-center\"><\/div>\n<\/div>\n<\/form>\n<\/div>\n<p>&nbsp;<\/p>\n","protected":false},"featured_media":65427,"comment_status":"closed","ping_status":"closed","template":"","meta":{"_lmt_disableupdate":"","_lmt_disable":""},"product_brand":[],"product_cat":[513,445,510],"product_tag":[],"woo-feed-brand":[],"class_list":{"0":"post-44394","1":"product","2":"type-product","3":"status-publish","4":"has-post-thumbnail","6":"product_cat-jouets-de-bain","7":"product_cat-playtime-fr","8":"product_cat-soins","10":"first","11":"outofstock","12":"taxable","13":"shipping-taxable","14":"purchasable","15":"product-type-simple"},"_links":{"self":[{"href":"https:\/\/www.bojungle.eu\/fr\/wp-json\/wp\/v2\/product\/44394","targetHints":{"allow":["GET"]}}],"collection":[{"href":"https:\/\/www.bojungle.eu\/fr\/wp-json\/wp\/v2\/product"}],"about":[{"href":"https:\/\/www.bojungle.eu\/fr\/wp-json\/wp\/v2\/types\/product"}],"replies":[{"embeddable":true,"href":"https:\/\/www.bojungle.eu\/fr\/wp-json\/wp\/v2\/comments?post=44394"}],"version-history":[{"count":1,"href":"https:\/\/www.bojungle.eu\/fr\/wp-json\/wp\/v2\/product\/44394\/revisions"}],"predecessor-version":[{"id":65488,"href":"https:\/\/www.bojungle.eu\/fr\/wp-json\/wp\/v2\/product\/44394\/revisions\/65488"}],"wp:featuredmedia":[{"embeddable":true,"href":"https:\/\/www.bojungle.eu\/fr\/wp-json\/wp\/v2\/media\/65427"}],"wp:attachment":[{"href":"https:\/\/www.bojungle.eu\/fr\/wp-json\/wp\/v2\/media?parent=44394"}],"wp:term":[{"taxonomy":"product_brand","embeddable":true,"href":"https:\/\/www.bojungle.eu\/fr\/wp-json\/wp\/v2\/product_brand?post=44394"},{"taxonomy":"product_cat","embeddable":true,"href":"https:\/\/www.bojungle.eu\/fr\/wp-json\/wp\/v2\/product_cat?post=44394"},{"taxonomy":"product_tag","embeddable":true,"href":"https:\/\/www.bojungle.eu\/fr\/wp-json\/wp\/v2\/product_tag?post=44394"},{"taxonomy":"woo-feed-brand","embeddable":true,"href":"https:\/\/www.bojungle.eu\/fr\/wp-json\/wp\/v2\/woo-feed-brand?post=44394"}],"curies":[{"name":"wp","href":"https:\/\/api.w.org\/{rel}","templated":true}]}}