{"id":46462,"date":"2022-05-29T10:19:47","date_gmt":"2022-05-29T10:19:47","guid":{"rendered":"https:\/\/www.bojungle.eu\/product\/b-pop-up-tente-nomade-etoiles-gris\/"},"modified":"2025-05-14T16:19:01","modified_gmt":"2025-05-14T14:19:01","slug":"b-pop-up-tente-nomade-etoiles-gris","status":"publish","type":"product","link":"https:\/\/www.bojungle.eu\/fr\/produit\/b-pop-up-tente-nomade-etoiles-gris\/","title":{"rendered":"Lit B\u00e9b\u00e9 Nomade Pop Up Gris"},"content":{"rendered":"<p>D\u00e9couvrez le confort et la commodit\u00e9 du lit escamotable Lit B\u00e9b\u00e9 Nomade Pop Up Gris ! Ce lit est con\u00e7u pour une utilisation int\u00e9rieure et ext\u00e9rieure, ce qui le rend parfait pour la maison et les voyages. Le lit est livr\u00e9 avec un matelas amovible confortable, afin que votre tout-petit puisse toujours dormir ou jouer confortablement. Le dessus du lit est rabattable et est trait\u00e9 avec un rev\u00eatement anti-UV 50+, prot\u00e9geant votre enfant du soleil lors de ses aventures en plein air. De plus, des boucles suppl\u00e9mentaires ont \u00e9t\u00e9 ajout\u00e9es pour accrocher les jouets, ce qui rend le jeu encore plus amusant. Gr\u00e2ce au syst\u00e8me pop-up pratique, le lit est facile \u00e0 monter et \u00e0 d\u00e9monter. Fini les tracas avec des constructions compliqu\u00e9es ! De plus, 3 jouets amovibles sont inclus pour divertir votre tout-petit. Avec la moustiquaire amovible, vous n&rsquo;avez pas \u00e0 vous soucier des insectes g\u00eanants lorsque vous jouez dehors. Et quand il est temps de ranger le lit, vous pouvez facilement le ranger dans le sac de rangement inclus. En bref, le lit escamotable Lit B\u00e9b\u00e9 Nomade Pop Up Gris offre la commodit\u00e9 et le confort ultimes pour l&rsquo;int\u00e9rieur comme pour l&rsquo;ext\u00e9rieur. Laissez votre tout-petit profiter de siestes relaxantes et de jeux o\u00f9 que vous soyez ! <\/p>\n<ul>\n<li>Matelas amovible confortable<\/li>\n<li>Plateau rabattable et trait\u00e9 anti-UV 50+, avec boucles suppl\u00e9mentaires pour les jouets<\/li>\n<li>Facile \u00e0 monter et \u00e0 d\u00e9monter : syst\u00e8me pop-up<\/li>\n<li>3 jouets d\u00e9tachables inclus<\/li>\n<li>Avec moustiquaire amovible<\/li>\n<li>Sac de rangement inclus<\/li>\n<\/ul>\n","protected":false},"excerpt":{"rendered":"<p>D\u00e9couvrez la commodit\u00e9 du lit escamotable Lit B\u00e9b\u00e9 Nomade Pop Up Gris! Matelas confortable, protection UV, jouets et moustiquaire inclus. Facile \u00e0 installer et \u00e0 ranger. Id\u00e9al pour l&rsquo;int\u00e9rieur et l&rsquo;ext\u00e9rieur !   <\/p>\n","protected":false},"featured_media":67369,"comment_status":"closed","ping_status":"closed","template":"","meta":{"_lmt_disableupdate":"no","_lmt_disable":""},"product_brand":[],"product_cat":[810],"product_tag":[],"woo-feed-brand":[],"class_list":{"0":"post-46462","1":"product","2":"type-product","3":"status-publish","4":"has-post-thumbnail","6":"product_cat-dans-le-jardin","8":"first","9":"instock","10":"taxable","11":"shipping-taxable","12":"purchasable","13":"product-type-simple"},"_links":{"self":[{"href":"https:\/\/www.bojungle.eu\/fr\/wp-json\/wp\/v2\/product\/46462","targetHints":{"allow":["GET"]}}],"collection":[{"href":"https:\/\/www.bojungle.eu\/fr\/wp-json\/wp\/v2\/product"}],"about":[{"href":"https:\/\/www.bojungle.eu\/fr\/wp-json\/wp\/v2\/types\/product"}],"replies":[{"embeddable":true,"href":"https:\/\/www.bojungle.eu\/fr\/wp-json\/wp\/v2\/comments?post=46462"}],"version-history":[{"count":1,"href":"https:\/\/www.bojungle.eu\/fr\/wp-json\/wp\/v2\/product\/46462\/revisions"}],"predecessor-version":[{"id":67420,"href":"https:\/\/www.bojungle.eu\/fr\/wp-json\/wp\/v2\/product\/46462\/revisions\/67420"}],"wp:featuredmedia":[{"embeddable":true,"href":"https:\/\/www.bojungle.eu\/fr\/wp-json\/wp\/v2\/media\/67369"}],"wp:attachment":[{"href":"https:\/\/www.bojungle.eu\/fr\/wp-json\/wp\/v2\/media?parent=46462"}],"wp:term":[{"taxonomy":"product_brand","embeddable":true,"href":"https:\/\/www.bojungle.eu\/fr\/wp-json\/wp\/v2\/product_brand?post=46462"},{"taxonomy":"product_cat","embeddable":true,"href":"https:\/\/www.bojungle.eu\/fr\/wp-json\/wp\/v2\/product_cat?post=46462"},{"taxonomy":"product_tag","embeddable":true,"href":"https:\/\/www.bojungle.eu\/fr\/wp-json\/wp\/v2\/product_tag?post=46462"},{"taxonomy":"woo-feed-brand","embeddable":true,"href":"https:\/\/www.bojungle.eu\/fr\/wp-json\/wp\/v2\/woo-feed-brand?post=46462"}],"curies":[{"name":"wp","href":"https:\/\/api.w.org\/{rel}","templated":true}]}}