{"id":47142,"date":"2023-08-22T14:44:15","date_gmt":"2023-08-22T12:44:15","guid":{"rendered":"https:\/\/www.bojungle.eu\/product\/decouvertes-tropicales-tapis-deveil-a-balles\/"},"modified":"2024-02-14T09:29:46","modified_gmt":"2024-02-14T08:29:46","slug":"decouvertes-tropicales-tapis-eveil-a-balles","status":"publish","type":"product","link":"https:\/\/www.bojungle.eu\/fr\/produit\/decouvertes-tropicales-tapis-eveil-a-balles\/","title":{"rendered":"D\u00e9couvertes Tropicales Tapis d&rsquo;\u00c9veil \u00e0 Balles"},"content":{"rendered":"<ul>\n<li><span class=\"OYPEnA text-decoration-none text-strikethrough-none\">Design color\u00e9<\/span><\/li>\n<li><span class=\"OYPEnA text-decoration-none text-strikethrough-none\">Livret de craquement avec squeeker<\/span><\/li>\n<li><span class=\"OYPEnA text-decoration-none text-strikethrough-none\">20 Balles color\u00e9es<\/span><\/li>\n<li><span class=\"OYPEnA text-decoration-none text-strikethrough-none\">Multiples hochets<\/span><\/li>\n<li><span class=\"OYPEnA text-decoration-none text-strikethrough-none\">Miroir<\/span><\/li>\n<li><span class=\"OYPEnA text-decoration-none text-strikethrough-none\">Oreiller ventral<\/span><\/li>\n<li><span class=\"OYPEnA text-decoration-none text-strikethrough-none\">Transformable en piscine \u00e0 balles<\/span><\/li>\n<li><span class=\"OYPEnA text-decoration-none text-strikethrough-none\">4 Positions de jeu (Position abdominale, couch\u00e9e, \u00e0 quatre pattes et assise)<\/span><\/li>\n<li><span class=\"OYPEnA text-decoration-none text-strikethrough-none\">Diff\u00e9rentes m\u00e9lodies<\/span><\/li>\n<li><span class=\"OYPEnA text-decoration-none text-strikethrough-none\">Contr\u00f4le du volume<\/span><\/li>\n<li><span class=\"OYPEnA text-decoration-none text-strikethrough-none\">Arc-en-ciel lumineux<\/span><\/li>\n<li><span class=\"OYPEnA text-decoration-none text-strikethrough-none\">3x Piles AAA (Non incluses)<\/span><\/li>\n<\/ul>\n","protected":false},"excerpt":{"rendered":"<div class=\"w-full text-token-text-primary\" data-testid=\"conversation-turn-3\">\n<div class=\"px-4 py-2 justify-center text-base md:gap-6 m-auto\">\n<div class=\"flex flex-1 text-base mx-auto gap-3 md:px-5 lg:px-1 xl:px-5 md:max-w-3xl lg:max-w-[40rem] xl:max-w-[48rem] group final-completion\">\n<div class=\"relative flex w-full flex-col agent-turn\">\n<div class=\"flex-col gap-1 md:gap-3\">\n<div class=\"flex flex-grow flex-col max-w-full\">\n<div class=\"min-h-[20px] text-message flex flex-col items-start gap-3 whitespace-pre-wrap break-words [.text-message+&amp;]:mt-5 overflow-x-auto\" data-message-author-role=\"assistant\" data-message-id=\"82db606c-0594-41f5-8ade-70aa18437775\">\n<div class=\"markdown prose w-full break-words dark:prose-invert light\">\n<p>D\u00e9couvrez le D\u00e9couvertes Tropicales Tapis d&rsquo;\u00c9veil \u00e0 Balles, la zone d&rsquo;aventure ultime pour votre petit explorateur ! Ce tapis de jeu vibrant se transforme en un d\u00e9licieux bac \u00e0 balles, offrant des possibilit\u00e9s infinies d&rsquo;amusement et de d\u00e9veloppement. Rempli de fonctions attrayantes comme un livre qui se froisse avec un couineur, des hochets, un miroir et un oreiller confortable, il encourage l&rsquo;exploration et la stimulation sensorielle dans quatre positions de jeu polyvalentes. De d\u00e9licieuses m\u00e9lodies et des lumi\u00e8res clignotantes captivent l&rsquo;imagination de votre enfant, tandis que l&rsquo;arche de jeu lumineuse ajoute une touche de magie suppl\u00e9mentaire. Avec son design color\u00e9, sa facilit\u00e9 de pliage et le contr\u00f4le du volume pour la tranquillit\u00e9 d&rsquo;esprit des parents, cette salle de jeux est un must pour des moments de jeu joyeux.    <\/p>\n<\/div>\n<\/div>\n<\/div>\n<div class=\"mt-1 flex justify-start gap-3 empty:hidden\">\n<div class=\"text-gray-400 flex self-end lg:self-center justify-center lg:justify-start mt-0 -ml-1 visible\">\n<p>&nbsp;<\/p>\n<div class=\"flex\"><\/div>\n<\/div>\n<\/div>\n<\/div>\n<\/div>\n<\/div>\n<\/div>\n<\/div>\n<div class=\"mx-auto\">\n<div data-projection-id=\"43\">\n<div class=\"mx-auto mt-2 inline-flex rounded-xl border border-gray-100 dark:border-gray-700\"><\/div>\n<\/div>\n<\/div>\n","protected":false},"featured_media":66005,"comment_status":"closed","ping_status":"closed","template":"","meta":{"_lmt_disableupdate":"","_lmt_disable":""},"product_brand":[],"product_cat":[445],"product_tag":[1219],"woo-feed-brand":[],"class_list":{"0":"post-47142","1":"product","2":"type-product","3":"status-publish","4":"has-post-thumbnail","6":"product_cat-playtime-fr","7":"product_tag-tapis-deveil","9":"first","10":"outofstock","11":"featured","12":"taxable","13":"shipping-taxable","14":"purchasable","15":"product-type-simple"},"_links":{"self":[{"href":"https:\/\/www.bojungle.eu\/fr\/wp-json\/wp\/v2\/product\/47142","targetHints":{"allow":["GET"]}}],"collection":[{"href":"https:\/\/www.bojungle.eu\/fr\/wp-json\/wp\/v2\/product"}],"about":[{"href":"https:\/\/www.bojungle.eu\/fr\/wp-json\/wp\/v2\/types\/product"}],"replies":[{"embeddable":true,"href":"https:\/\/www.bojungle.eu\/fr\/wp-json\/wp\/v2\/comments?post=47142"}],"version-history":[{"count":1,"href":"https:\/\/www.bojungle.eu\/fr\/wp-json\/wp\/v2\/product\/47142\/revisions"}],"predecessor-version":[{"id":66064,"href":"https:\/\/www.bojungle.eu\/fr\/wp-json\/wp\/v2\/product\/47142\/revisions\/66064"}],"wp:featuredmedia":[{"embeddable":true,"href":"https:\/\/www.bojungle.eu\/fr\/wp-json\/wp\/v2\/media\/66005"}],"wp:attachment":[{"href":"https:\/\/www.bojungle.eu\/fr\/wp-json\/wp\/v2\/media?parent=47142"}],"wp:term":[{"taxonomy":"product_brand","embeddable":true,"href":"https:\/\/www.bojungle.eu\/fr\/wp-json\/wp\/v2\/product_brand?post=47142"},{"taxonomy":"product_cat","embeddable":true,"href":"https:\/\/www.bojungle.eu\/fr\/wp-json\/wp\/v2\/product_cat?post=47142"},{"taxonomy":"product_tag","embeddable":true,"href":"https:\/\/www.bojungle.eu\/fr\/wp-json\/wp\/v2\/product_tag?post=47142"},{"taxonomy":"woo-feed-brand","embeddable":true,"href":"https:\/\/www.bojungle.eu\/fr\/wp-json\/wp\/v2\/woo-feed-brand?post=47142"}],"curies":[{"name":"wp","href":"https:\/\/api.w.org\/{rel}","templated":true}]}}