{"id":47380,"date":"2023-08-23T10:39:22","date_gmt":"2023-08-23T08:39:22","guid":{"rendered":"https:\/\/www.bojungle.eu\/product\/eddy-le-herisson-eclatant\/"},"modified":"2023-08-24T14:02:46","modified_gmt":"2023-08-24T12:02:46","slug":"eddy-le-herisson-eclatant","status":"publish","type":"product","link":"https:\/\/www.bojungle.eu\/fr\/produit\/eddy-le-herisson-eclatant\/","title":{"rendered":"Eddy le H\u00e9risson \u00c9clatant"},"content":{"rendered":"<ul>\n<li><span class=\"OYPEnA text-decoration-none text-strikethrough-none\">D\u00e9veloppement de la motricit\u00e9 fine<\/span><\/li>\n<li><span class=\"OYPEnA text-decoration-none text-strikethrough-none\">Stimule les diff\u00e9rents sens: le toucher, la vue<\/span><\/li>\n<li><span class=\"OYPEnA text-decoration-none text-strikethrough-none\">Favorise la curiosit\u00e9 et l&rsquo;envie d&rsquo;explorer de b\u00e9b\u00e9<\/span><\/li>\n<li><span class=\"OYPEnA text-decoration-none text-strikethrough-none\">Boutons en silicone multicolores<\/span><\/li>\n<li><span class=\"OYPEnA text-decoration-none text-strikethrough-none\">Extr\u00eamement mignon<\/span><\/li>\n<\/ul>\n","protected":false},"excerpt":{"rendered":"<p><span class=\"OYPEnA text-decoration-none text-strikethrough-none\">La f\u00eate commence avec ce h\u00e9risson tr\u00e8s mignon. Ses \u00e9pines color\u00e9es sont des boutons-poussoirs en silicone souple de diff\u00e9rentes textures. Ils \u00e9mettent de jolis sons lorsqu&rsquo;on appuie dessus. Eddy est le jouet id\u00e9al pour stimuler les sens du toucher et de la vue de votre enfant !   <\/span><\/p>\n","protected":false},"featured_media":75071,"comment_status":"closed","ping_status":"closed","template":"","meta":{"_lmt_disableupdate":"","_lmt_disable":""},"product_brand":[],"product_cat":[496,615,445],"product_tag":[],"woo-feed-brand":[],"class_list":{"0":"post-47380","1":"product","2":"type-product","3":"status-publish","4":"has-post-thumbnail","6":"product_cat-des-jouets-colores","7":"product_cat-jouets-dactivite","8":"product_cat-playtime-fr","10":"first","11":"instock","12":"taxable","13":"shipping-taxable","14":"purchasable","15":"product-type-simple"},"_links":{"self":[{"href":"https:\/\/www.bojungle.eu\/fr\/wp-json\/wp\/v2\/product\/47380","targetHints":{"allow":["GET"]}}],"collection":[{"href":"https:\/\/www.bojungle.eu\/fr\/wp-json\/wp\/v2\/product"}],"about":[{"href":"https:\/\/www.bojungle.eu\/fr\/wp-json\/wp\/v2\/types\/product"}],"replies":[{"embeddable":true,"href":"https:\/\/www.bojungle.eu\/fr\/wp-json\/wp\/v2\/comments?post=47380"}],"version-history":[{"count":0,"href":"https:\/\/www.bojungle.eu\/fr\/wp-json\/wp\/v2\/product\/47380\/revisions"}],"wp:featuredmedia":[{"embeddable":true,"href":"https:\/\/www.bojungle.eu\/fr\/wp-json\/wp\/v2\/media\/75071"}],"wp:attachment":[{"href":"https:\/\/www.bojungle.eu\/fr\/wp-json\/wp\/v2\/media?parent=47380"}],"wp:term":[{"taxonomy":"product_brand","embeddable":true,"href":"https:\/\/www.bojungle.eu\/fr\/wp-json\/wp\/v2\/product_brand?post=47380"},{"taxonomy":"product_cat","embeddable":true,"href":"https:\/\/www.bojungle.eu\/fr\/wp-json\/wp\/v2\/product_cat?post=47380"},{"taxonomy":"product_tag","embeddable":true,"href":"https:\/\/www.bojungle.eu\/fr\/wp-json\/wp\/v2\/product_tag?post=47380"},{"taxonomy":"woo-feed-brand","embeddable":true,"href":"https:\/\/www.bojungle.eu\/fr\/wp-json\/wp\/v2\/woo-feed-brand?post=47380"}],"curies":[{"name":"wp","href":"https:\/\/api.w.org\/{rel}","templated":true}]}}