{"id":47553,"date":"2023-08-29T10:00:54","date_gmt":"2023-08-29T08:00:54","guid":{"rendered":"https:\/\/www.bojungle.eu\/?post_type=product&#038;p=47553"},"modified":"2025-06-05T12:41:49","modified_gmt":"2025-06-05T10:41:49","slug":"chauffe-biberon-super-rapide-maison-gris-sombre","status":"publish","type":"product","link":"https:\/\/www.bojungle.eu\/fr\/produit\/chauffe-biberon-super-rapide-maison-gris-sombre\/","title":{"rendered":"Chauffe-biberon Superfast Digital Home (Shady Grey)"},"content":{"rendered":"<ul>\n<li>Le chauffe-biberon le plus grand et le plus rapide du march\u00e9<\/li>\n<li>Minimum 1 min 30 pour chauffer un biberon de 240 ml<\/li>\n<li>Minimum 2 min pour chauffer un pot de nourriture pour b\u00e9b\u00e9<\/li>\n<li>Diam\u00e8tre int\u00e9rieur de 8,5 cm<\/li>\n<li>Temps de chauffe configurable avec un intervalle de 10 secondes<\/li>\n<li>Indique le temps de chauffage restant<\/li>\n<li>Bague d&rsquo;adaptation pour petites bouteilles<\/li>\n<li>Arr\u00eat automatique, alerte visuelle et sonore<\/li>\n<li>Gobelet pour l&rsquo;eau<\/li>\n<li>220V &#8211; 500 Watt<\/li>\n<\/ul>\n<table border=\"1\">\n<tbody>\n<tr>\n<td>Manuel<\/td>\n<td><a href=\"https:\/\/www.bojungle.eu\/wp-content\/uploads\/2025\/06\/B510210-B-Bottle-Warmer-Superfast-home-Shady-Grey.pdf\">Cliquez ici<\/a><\/td>\n<\/tr>\n<\/tbody>\n<\/table>\n","protected":false},"excerpt":{"rendered":"<p class=\"cvGsUA direction-ltr align-start para-style-body\"><span class=\"OYPEnA text-decoration-none text-strikethrough-none\">Ce chauffe-biberon est pratique \u00e0 la maison ! C\u2019est le moyen le plus sain de r\u00e9chauffer les biberons de votre enfant en un rien de temps. Gr\u00e2ce au distributeur d&rsquo;eau inclus, vous pouvez facilement ajouter de l&rsquo;eau au chauffe-biberon. Placez ensuite votre biberon dans le panier fourni et fermez-le \u00e0 l&rsquo;aide de la bague de r\u00e9glage si n\u00e9cessaire. La vapeur chaude reste ainsi autour du biberon et le temps de chauffe est acc\u00e9l\u00e9r\u00e9. Choisissez ensuite la dur\u00e9e souhait\u00e9e, qui peut aller de 1 \u00e0 12 minutes. Lorsque le temps est \u00e9coul\u00e9 ou qu&rsquo;il n&rsquo;y a plus d&rsquo;eau, vous entendez une alarme. N&rsquo;oubliez pas de bien secouer la bouteille pour permettre \u00e0 la chaleur de se propager.     <\/span><\/p>\n<p class=\"cvGsUA direction-ltr align-start para-style-body\"><span class=\"OYPEnA text-decoration-none text-strikethrough-none\">ATTENTION : Une quantit\u00e9 excessive d&rsquo;eau dans le r\u00e9servoir et\/ou la bouteille peut ralentir le processus de chauffage.<\/span><\/p>\n","protected":false},"featured_media":64193,"comment_status":"closed","ping_status":"closed","template":"","meta":{"_lmt_disableupdate":"","_lmt_disable":""},"product_brand":[],"product_cat":[439,442],"product_tag":[],"woo-feed-brand":[],"class_list":{"0":"post-47553","1":"product","2":"type-product","3":"status-publish","4":"has-post-thumbnail","6":"product_cat-nourriture-et-boisson","7":"product_cat-preparation-des-repas","9":"first","10":"outofstock","11":"taxable","12":"shipping-taxable","13":"purchasable","14":"product-type-simple"},"_links":{"self":[{"href":"https:\/\/www.bojungle.eu\/fr\/wp-json\/wp\/v2\/product\/47553","targetHints":{"allow":["GET"]}}],"collection":[{"href":"https:\/\/www.bojungle.eu\/fr\/wp-json\/wp\/v2\/product"}],"about":[{"href":"https:\/\/www.bojungle.eu\/fr\/wp-json\/wp\/v2\/types\/product"}],"replies":[{"embeddable":true,"href":"https:\/\/www.bojungle.eu\/fr\/wp-json\/wp\/v2\/comments?post=47553"}],"version-history":[{"count":2,"href":"https:\/\/www.bojungle.eu\/fr\/wp-json\/wp\/v2\/product\/47553\/revisions"}],"predecessor-version":[{"id":80076,"href":"https:\/\/www.bojungle.eu\/fr\/wp-json\/wp\/v2\/product\/47553\/revisions\/80076"}],"wp:featuredmedia":[{"embeddable":true,"href":"https:\/\/www.bojungle.eu\/fr\/wp-json\/wp\/v2\/media\/64193"}],"wp:attachment":[{"href":"https:\/\/www.bojungle.eu\/fr\/wp-json\/wp\/v2\/media?parent=47553"}],"wp:term":[{"taxonomy":"product_brand","embeddable":true,"href":"https:\/\/www.bojungle.eu\/fr\/wp-json\/wp\/v2\/product_brand?post=47553"},{"taxonomy":"product_cat","embeddable":true,"href":"https:\/\/www.bojungle.eu\/fr\/wp-json\/wp\/v2\/product_cat?post=47553"},{"taxonomy":"product_tag","embeddable":true,"href":"https:\/\/www.bojungle.eu\/fr\/wp-json\/wp\/v2\/product_tag?post=47553"},{"taxonomy":"woo-feed-brand","embeddable":true,"href":"https:\/\/www.bojungle.eu\/fr\/wp-json\/wp\/v2\/woo-feed-brand?post=47553"}],"curies":[{"name":"wp","href":"https:\/\/api.w.org\/{rel}","templated":true}]}}