{"id":48067,"date":"2023-09-06T16:00:57","date_gmt":"2023-09-06T14:00:57","guid":{"rendered":"https:\/\/www.bojungle.eu\/?post_type=product&#038;p=48067"},"modified":"2024-04-10T13:58:12","modified_gmt":"2024-04-10T11:58:12","slug":"baignoire-ourson-vert-sauge","status":"publish","type":"product","link":"https:\/\/www.bojungle.eu\/fr\/produit\/baignoire-ourson-vert-sauge\/","title":{"rendered":"Baignoire Ourson Vert Sauge"},"content":{"rendered":"<p>D\u00e9couvrez l&rsquo;ours de bain vert sauge \u2013 le nouveau compagnon de bain pr\u00e9f\u00e9r\u00e9 de votre b\u00e9b\u00e9 ! Avec ses oreilles d&rsquo;ours mignonnes et sa forme confortable, l&rsquo;heure du bain est devenue beaucoup plus amusante. Cette baignoire pour b\u00e9b\u00e9 est livr\u00e9e avec un r\u00e9ducteur de bain pratique, parfait pour les nouveau-n\u00e9s, qui les maintient en place gr\u00e2ce \u00e0 des ventouses. Et lorsqu&rsquo;il est temps de vider l&rsquo;eau, il suffit d&rsquo;ouvrir le bouchon de vidange pour un nettoyage rapide et facile. Nous avons \u00e9galement inclus un porte-savon amovible en silicone respectueux de l&rsquo;environnement, pour que vous puissiez garder tous vos accessoires de bain \u00e0 port\u00e9e de main sans vous encombrer.<\/p>\n<p> D\u00e9couvrez la Baignoire Ourson Vert Sauge \u2013 le nouveau compagnon de bain pr\u00e9f\u00e9r\u00e9 de votre b\u00e9b\u00e9 !<\/p>\n","protected":false},"excerpt":{"rendered":"<div class=\"elementor-element elementor-element-80cf67d elementor-widget elementor-widget-jet-single-excerpt\" data-id=\"80cf67d\" data-element_type=\"widget\" data-widget_type=\"jet-single-excerpt.default\">\n<div class=\"elementor-widget-container\">\n<div class=\"elementor-jet-single-excerpt jet-woo-builder\">\n<div class=\"woocommerce-product-details__short-description\">\n<p>D\u00e9couvrez la baignoire ourson vert sauge \u2013 le compagnon ultime pour l&rsquo;heure du bain de votre b\u00e9b\u00e9 ! Avec ses adorables oreilles d&rsquo;ours et son design ergonomique, l&rsquo;heure du bain est devenue beaucoup plus mignonne et confortable. Dot\u00e9 d&rsquo;un r\u00e9ducteur de bain pour les nouveau-n\u00e9s, d&rsquo;un bouchon de vidange facile et d&rsquo;un porte-savon \u00e9cologique, c&rsquo;est l&rsquo;alliance parfaite de l&rsquo;amusement et de la fonctionnalit\u00e9. De plus, il est sans BPA pour votre tranquillit\u00e9 d&rsquo;esprit.   Pr\u00e9parez-vous pour des aventures propres avec le Baignoire Ourson Vert Sauge !<\/p>\n<\/div>\n<\/div>\n<\/div>\n<\/div>\n<div class=\"elementor-element elementor-element-c5d7d93 elementor-widget elementor-widget-spacer\" data-id=\"c5d7d93\" data-element_type=\"widget\" data-widget_type=\"spacer.default\">\n<div class=\"elementor-widget-container\">\n<div class=\"elementor-spacer\"><\/div>\n<\/div>\n<\/div>\n<p>&nbsp;<\/p>\n","protected":false},"featured_media":69159,"comment_status":"closed","ping_status":"closed","template":"","meta":{"_lmt_disableupdate":"","_lmt_disable":""},"product_brand":[],"product_cat":[580,510],"product_tag":[],"woo-feed-brand":[],"class_list":{"0":"post-48067","1":"product","2":"type-product","3":"status-publish","4":"has-post-thumbnail","6":"product_cat-bebe-dans-le-bain","7":"product_cat-soins","9":"first","10":"outofstock","11":"featured","12":"taxable","13":"shipping-taxable","14":"purchasable","15":"product-type-simple"},"_links":{"self":[{"href":"https:\/\/www.bojungle.eu\/fr\/wp-json\/wp\/v2\/product\/48067","targetHints":{"allow":["GET"]}}],"collection":[{"href":"https:\/\/www.bojungle.eu\/fr\/wp-json\/wp\/v2\/product"}],"about":[{"href":"https:\/\/www.bojungle.eu\/fr\/wp-json\/wp\/v2\/types\/product"}],"replies":[{"embeddable":true,"href":"https:\/\/www.bojungle.eu\/fr\/wp-json\/wp\/v2\/comments?post=48067"}],"version-history":[{"count":1,"href":"https:\/\/www.bojungle.eu\/fr\/wp-json\/wp\/v2\/product\/48067\/revisions"}],"predecessor-version":[{"id":72699,"href":"https:\/\/www.bojungle.eu\/fr\/wp-json\/wp\/v2\/product\/48067\/revisions\/72699"}],"wp:featuredmedia":[{"embeddable":true,"href":"https:\/\/www.bojungle.eu\/fr\/wp-json\/wp\/v2\/media\/69159"}],"wp:attachment":[{"href":"https:\/\/www.bojungle.eu\/fr\/wp-json\/wp\/v2\/media?parent=48067"}],"wp:term":[{"taxonomy":"product_brand","embeddable":true,"href":"https:\/\/www.bojungle.eu\/fr\/wp-json\/wp\/v2\/product_brand?post=48067"},{"taxonomy":"product_cat","embeddable":true,"href":"https:\/\/www.bojungle.eu\/fr\/wp-json\/wp\/v2\/product_cat?post=48067"},{"taxonomy":"product_tag","embeddable":true,"href":"https:\/\/www.bojungle.eu\/fr\/wp-json\/wp\/v2\/product_tag?post=48067"},{"taxonomy":"woo-feed-brand","embeddable":true,"href":"https:\/\/www.bojungle.eu\/fr\/wp-json\/wp\/v2\/woo-feed-brand?post=48067"}],"curies":[{"name":"wp","href":"https:\/\/api.w.org\/{rel}","templated":true}]}}