{"id":48187,"date":"2023-09-06T16:41:58","date_gmt":"2023-09-06T14:41:58","guid":{"rendered":"https:\/\/www.bojungle.eu\/?post_type=product&#038;p=48187"},"modified":"2024-02-16T15:18:55","modified_gmt":"2024-02-16T14:18:55","slug":"sous-marin-thermometre-de-bain-manuel","status":"publish","type":"product","link":"https:\/\/www.bojungle.eu\/fr\/produit\/sous-marin-thermometre-de-bain-manuel\/","title":{"rendered":"Sous marin &#8211; Thermom\u00e8tre de bain manuel"},"content":{"rendered":"<p>Le Submarine &#8211; Thermom\u00e8tre de bain manuel est con\u00e7u pour le plaisir. Cet adorable thermom\u00e8tre en forme de sous-marin offre des relev\u00e9s de temp\u00e9rature pr\u00e9cis, garantissant que l&rsquo;eau du bain de votre enfant est toujours \u00e0 point. Plus besoin de deviner ou de tester \u00e0 la main &#8211; il suffit de jeter un coup d&rsquo;\u0153il \u00e0 l&rsquo;affichage de la temp\u00e9rature pour \u00eatre instantan\u00e9ment rassur\u00e9. Mais le plaisir ne s&rsquo;arr\u00eate pas l\u00e0 ! Le thermom\u00e8tre de bain Submarine n&rsquo;est pas seulement pratique, il est aussi ludique. Son design charmant ajoute une touche de fantaisie \u00e0 la d\u00e9coration de votre salle de bains et agr\u00e9mente le moment du bain par sa pr\u00e9sence d\u00e9licieuse. Et voici le meilleur : au fond du sous-marin se trouve une fonction sp\u00e9ciale qui le diff\u00e9rencie des thermom\u00e8tres ordinaires. Remontez l&rsquo;h\u00e9lice et regardez le sous-marin flotter librement dans la baignoire, captivant votre enfant par son mouvement fantaisiste. Avec le thermom\u00e8tre de bain manuel Submarine, vous pouvez transformer les moments de bain ordinaires en aventures extraordinaires. Dites bonjour aux \u00e9claboussures joyeuses et aux moments inoubliables gr\u00e2ce \u00e0 ce compl\u00e9ment indispensable \u00e0 votre routine de salle de bains. <\/p>\n<ul>\n<li><span class=\"OYPEnA text-decoration-none text-strikethrough-none\">Affichage de la temp\u00e9rature<\/span><\/li>\n<li><span class=\"OYPEnA text-decoration-none text-strikethrough-none\">Forme ludique et amusante<\/span><\/li>\n<li><span class=\"OYPEnA text-decoration-none text-strikethrough-none\">Remontant<\/span><\/li>\n<\/ul>\n","protected":false},"excerpt":{"rendered":"<p>Explorez le sous-marin &#8211; Thermom\u00e8tre de bain manuel, un compl\u00e9ment d\u00e9licieux \u00e0 l&rsquo;heure du bain pour votre enfant ! Dites adieu aux incertitudes concernant la temp\u00e9rature de l&rsquo;eau et profitez d&rsquo;un bain sans souci gr\u00e2ce \u00e0 ce charmant thermom\u00e8tre. <\/p>\n<p>&nbsp;<\/p>\n","protected":false},"featured_media":66471,"comment_status":"closed","ping_status":"closed","template":"","meta":{"_lmt_disableupdate":"","_lmt_disable":""},"product_brand":[],"product_cat":[580,581,510],"product_tag":[],"woo-feed-brand":[],"class_list":{"0":"post-48187","1":"product","2":"type-product","3":"status-publish","4":"has-post-thumbnail","6":"product_cat-bebe-dans-le-bain","7":"product_cat-la-beaute-et-la-sante-du-bebe","8":"product_cat-soins","10":"first","11":"instock","12":"taxable","13":"shipping-taxable","14":"purchasable","15":"product-type-simple"},"_links":{"self":[{"href":"https:\/\/www.bojungle.eu\/fr\/wp-json\/wp\/v2\/product\/48187","targetHints":{"allow":["GET"]}}],"collection":[{"href":"https:\/\/www.bojungle.eu\/fr\/wp-json\/wp\/v2\/product"}],"about":[{"href":"https:\/\/www.bojungle.eu\/fr\/wp-json\/wp\/v2\/types\/product"}],"replies":[{"embeddable":true,"href":"https:\/\/www.bojungle.eu\/fr\/wp-json\/wp\/v2\/comments?post=48187"}],"version-history":[{"count":1,"href":"https:\/\/www.bojungle.eu\/fr\/wp-json\/wp\/v2\/product\/48187\/revisions"}],"predecessor-version":[{"id":66510,"href":"https:\/\/www.bojungle.eu\/fr\/wp-json\/wp\/v2\/product\/48187\/revisions\/66510"}],"wp:featuredmedia":[{"embeddable":true,"href":"https:\/\/www.bojungle.eu\/fr\/wp-json\/wp\/v2\/media\/66471"}],"wp:attachment":[{"href":"https:\/\/www.bojungle.eu\/fr\/wp-json\/wp\/v2\/media?parent=48187"}],"wp:term":[{"taxonomy":"product_brand","embeddable":true,"href":"https:\/\/www.bojungle.eu\/fr\/wp-json\/wp\/v2\/product_brand?post=48187"},{"taxonomy":"product_cat","embeddable":true,"href":"https:\/\/www.bojungle.eu\/fr\/wp-json\/wp\/v2\/product_cat?post=48187"},{"taxonomy":"product_tag","embeddable":true,"href":"https:\/\/www.bojungle.eu\/fr\/wp-json\/wp\/v2\/product_tag?post=48187"},{"taxonomy":"woo-feed-brand","embeddable":true,"href":"https:\/\/www.bojungle.eu\/fr\/wp-json\/wp\/v2\/woo-feed-brand?post=48187"}],"curies":[{"name":"wp","href":"https:\/\/api.w.org\/{rel}","templated":true}]}}