{"id":48450,"date":"2023-09-07T14:05:40","date_gmt":"2023-09-07T12:05:40","guid":{"rendered":"https:\/\/www.bojungle.eu\/product\/station-chauffe-biberon-gris-sombre\/"},"modified":"2024-04-02T14:48:29","modified_gmt":"2024-04-02T12:48:29","slug":"station-chauffe-biberon-gris-sombre","status":"publish","type":"product","link":"https:\/\/www.bojungle.eu\/fr\/produit\/station-chauffe-biberon-gris-sombre\/","title":{"rendered":"Station Chauffe Biberon Gris Sombre"},"content":{"rendered":"<p>La Station Chauffe Biberon Shady Grey est la solution ultime pour maintenir sans effort l&rsquo;eau \u00e0 la temp\u00e9rature id\u00e9ale pour diverses boissons et besoins. Cet appareil \u00e9l\u00e9gant et moderne est con\u00e7u pour faciliter vos t\u00e2ches quotidiennes et les rendre plus pratiques que jamais. Dot\u00e9e d&rsquo;un g\u00e9n\u00e9reux r\u00e9servoir d&rsquo;eau en acier inoxydable d&rsquo;une capacit\u00e9 de 1250 ml, la Station Chauffe Biberon Shady Grey vous permet de remplir plusieurs bouteilles en toute simplicit\u00e9, vous assurant ainsi d&rsquo;avoir toujours de l&rsquo;eau chaude \u00e0 port\u00e9e de main. Fini le temps o\u00f9 il fallait constamment r\u00e9chauffer l&rsquo;eau ou attendre qu&rsquo;elle atteigne la temp\u00e9rature souhait\u00e9e. Gr\u00e2ce aux commandes de temp\u00e9rature pr\u00e9r\u00e9gl\u00e9es, y compris des options telles que 37\u00b0C pour r\u00e9chauffer le lait, 45\u00b0C pour les soupes ou 85\u00b0C pour le th\u00e9, vous pouvez sans effort personnaliser la temp\u00e9rature de votre eau en fonction de vos pr\u00e9f\u00e9rences. Vous pouvez \u00e9galement prendre le contr\u00f4le total gr\u00e2ce aux r\u00e9glages manuels de la temp\u00e9rature pour r\u00e9pondre \u00e0 vos besoins sp\u00e9cifiques. Non seulement vous pouvez r\u00e9gler la temp\u00e9rature, mais vous pouvez \u00e9galement ajuster le volume d&rsquo;eau distribu\u00e9, allant de 30 ml \u00e0 330 ml par incr\u00e9ments pratiques de 30 ml. Que vous ayez besoin d&rsquo;une petite quantit\u00e9 pour une boisson rapide ou d&rsquo;une plus grande quantit\u00e9 pour cuisiner, la Station Chauffe Biberon Shady Grey vous couvre. Pour refroidir rapidement l&rsquo;eau, il suffit d&rsquo;utiliser la fonction de refroidissement pour abaisser la temp\u00e9rature en toute simplicit\u00e9. La fonction de st\u00e9rilisation et d&rsquo;\u00e9bullition permet d&rsquo;atteindre des temp\u00e9ratures de 100\u00b0C pour assurer un nettoyage et une st\u00e9rilisation complets de l&rsquo;appareil. Gardez votre station d&rsquo;eau intacte et s\u00fbre pour une utilisation quotidienne avec un minimum d&rsquo;effort. Con\u00e7ue dans un souci de fonctionnalit\u00e9 et de style, la station d&rsquo;eau chaude Shady Grey affiche un design moderne qui s&rsquo;int\u00e9grera dans n&rsquo;importe quelle cuisine ou espace de travail. Dites bonjour \u00e0 la commodit\u00e9 et \u00e0 l&rsquo;efficacit\u00e9 avec cette station d&rsquo;eau chaude polyvalente et innovante. <\/p>\n","protected":false},"excerpt":{"rendered":"<p>Avec cette station de r\u00e9chauffement de l&rsquo;eau, vous aurez de l&rsquo;eau \u00e0 la bonne temp\u00e9rature en un rien de temps. Gr\u00e2ce au grand r\u00e9servoir d&rsquo;eau en acier inoxydable, vous pouvez facilement remplir plusieurs bouteilles et l&rsquo;eau reste \u00e0 la temp\u00e9rature souhait\u00e9e. Il existe des temp\u00e9ratures pr\u00e9r\u00e9gl\u00e9es, telles que 37\u00b0C pour le lait, 45\u00b0C pour la soupe ou 85\u00b0C pour le th\u00e9. Il est possible de r\u00e9gler non seulement la temp\u00e9rature, mais aussi la quantit\u00e9 d&rsquo;eau. Elle va de 30 ml \u00e0 330 ml et augmente par paliers de 30 ml. Si vous souhaitez abaisser la temp\u00e9rature plus rapidement, vous pouvez utiliser la fonction de refroidissement de l&rsquo;appareil. La st\u00e9rilisation de l&rsquo;appareil est \u00e9galement un jeu d&rsquo;enfant.      <\/p>\n","protected":false},"featured_media":62470,"comment_status":"closed","ping_status":"closed","template":"","meta":{"_lmt_disableupdate":"","_lmt_disable":""},"product_brand":[],"product_cat":[442,439],"product_tag":[],"woo-feed-brand":[],"class_list":{"0":"post-48450","1":"product","2":"type-product","3":"status-publish","4":"has-post-thumbnail","6":"product_cat-preparation-des-repas","7":"product_cat-nourriture-et-boisson","9":"first","10":"outofstock","11":"taxable","12":"shipping-taxable","13":"purchasable","14":"product-type-simple"},"_links":{"self":[{"href":"https:\/\/www.bojungle.eu\/fr\/wp-json\/wp\/v2\/product\/48450","targetHints":{"allow":["GET"]}}],"collection":[{"href":"https:\/\/www.bojungle.eu\/fr\/wp-json\/wp\/v2\/product"}],"about":[{"href":"https:\/\/www.bojungle.eu\/fr\/wp-json\/wp\/v2\/types\/product"}],"replies":[{"embeddable":true,"href":"https:\/\/www.bojungle.eu\/fr\/wp-json\/wp\/v2\/comments?post=48450"}],"version-history":[{"count":1,"href":"https:\/\/www.bojungle.eu\/fr\/wp-json\/wp\/v2\/product\/48450\/revisions"}],"predecessor-version":[{"id":71900,"href":"https:\/\/www.bojungle.eu\/fr\/wp-json\/wp\/v2\/product\/48450\/revisions\/71900"}],"wp:featuredmedia":[{"embeddable":true,"href":"https:\/\/www.bojungle.eu\/fr\/wp-json\/wp\/v2\/media\/62470"}],"wp:attachment":[{"href":"https:\/\/www.bojungle.eu\/fr\/wp-json\/wp\/v2\/media?parent=48450"}],"wp:term":[{"taxonomy":"product_brand","embeddable":true,"href":"https:\/\/www.bojungle.eu\/fr\/wp-json\/wp\/v2\/product_brand?post=48450"},{"taxonomy":"product_cat","embeddable":true,"href":"https:\/\/www.bojungle.eu\/fr\/wp-json\/wp\/v2\/product_cat?post=48450"},{"taxonomy":"product_tag","embeddable":true,"href":"https:\/\/www.bojungle.eu\/fr\/wp-json\/wp\/v2\/product_tag?post=48450"},{"taxonomy":"woo-feed-brand","embeddable":true,"href":"https:\/\/www.bojungle.eu\/fr\/wp-json\/wp\/v2\/woo-feed-brand?post=48450"}],"curies":[{"name":"wp","href":"https:\/\/api.w.org\/{rel}","templated":true}]}}