{"id":48540,"date":"2023-09-07T14:56:37","date_gmt":"2023-09-07T12:56:37","guid":{"rendered":"https:\/\/www.bojungle.eu\/product\/brosses-de-soins-pour-bebes-3pcs\/"},"modified":"2024-11-07T16:18:39","modified_gmt":"2024-11-07T15:18:39","slug":"kartacky-pro-peci-o-dite-3-ks","status":"publish","type":"product","link":"https:\/\/www.bojungle.eu\/fr\/produit\/kartacky-pro-peci-o-dite-3-ks\/","title":{"rendered":"Brosses de soins pour b\u00e9b\u00e9s (3pcs)"},"content":{"rendered":"<p>Notre set de brosses de soin pour b\u00e9b\u00e9 est con\u00e7u pour prendre soin en douceur du cuir chevelu et des cheveux de votre b\u00e9b\u00e9. Fabriqu\u00e9 avec des mat\u00e9riaux naturels et de haute qualit\u00e9, ce set comprend trois brosses diff\u00e9rentes pour chaque type de cheveux de b\u00e9b\u00e9, des cheveux fins et doux aux cheveux plus \u00e9pais. <\/p>\n<ul>\n<li><strong>Facile \u00e0 tenir : <\/strong>chaque brosse a un manche lisse en bois de poirier, ce qui permet aux parents de la tenir confortablement et de l&rsquo;utiliser facilement.<\/li>\n<li><strong>Dents et poils arrondis :<\/strong> Avec leurs extr\u00e9mit\u00e9s arrondies et leurs poils d&rsquo;\u00e2ne souples, ces brosses sont douces pour le cuir chevelu, \u00e9vitant toute traction ou irritation.<\/li>\n<li><strong>Parfaites pour les peaux d\u00e9licates : <\/strong>Ces brosses sont id\u00e9ales pour la peau sensible des b\u00e9b\u00e9s. Elles aident \u00e0 garder les cheveux doux et lisses tout en \u00e9tant tr\u00e8s douces.<\/li>\n<\/ul>\n<div class=\"flex max-w-full flex-col flex-grow\">\n<div class=\"min-h-8 text-message flex w-full flex-col items-end gap-2 whitespace-normal break-words [.text-message+&amp;]:mt-5\" dir=\"auto\" data-message-author-role=\"assistant\" data-message-id=\"534e1b46-fdf7-4e15-9a16-42cce9b45815\" data-message-model-slug=\"gpt-4o\">\n<div class=\"flex w-full flex-col gap-1 empty:hidden first:pt-[3px]\">\n<div class=\"markdown prose w-full break-words dark:prose-invert light\">\n<p>Ce set de 3 pi\u00e8ces vous offre tout ce dont vous avez besoin pour que les cheveux de votre b\u00e9b\u00e9 ne s&#8217;emm\u00ealent pas et soient bien entretenus, tout en conservant la douceur des mat\u00e9riaux naturels.<\/p>\n<\/div>\n<\/div>\n<\/div>\n<\/div>\n<div class=\"mb-2 flex gap-3 empty:hidden -ml-2\">\n<div class=\"items-center justify-start rounded-xl p-1 flex\">\n<div class=\"flex items-center\"><button class=\"rounded-lg text-token-text-secondary hover:bg-token-main-surface-secondary\" aria-label=\"Read aloud\" data-testid=\"voice-play-turn-action-button\"><\/button><button class=\"rounded-lg text-token-text-secondary hover:bg-token-main-surface-secondary\" aria-label=\"Kopi\u00ebren\" data-testid=\"copy-turn-action-button\"><\/button><\/p>\n<div class=\"flex\"><\/div>\n<div class=\"flex items-center pb-0\"><\/div>\n<\/div>\n<\/div>\n<\/div>\n","protected":false},"excerpt":{"rendered":"<p>Ce set de 3 brosses naturelles pour b\u00e9b\u00e9 est parfait pour prendre soin des cheveux de votre b\u00e9b\u00e9 en douceur. Fabriqu\u00e9e avec des poign\u00e9es en poirier lisse et des poils d&rsquo;\u00e2ne doux, chaque brosse est douce pour les cuirs chevelus sensibles et facile \u00e0 tenir. Id\u00e9al pour tous les types de cheveux, ce set permet de garder les cheveux de votre b\u00e9b\u00e9 doux et sans d\u00e9m\u00eal\u00e9s.  <\/p>\n","protected":false},"featured_media":68779,"comment_status":"closed","ping_status":"closed","template":"","meta":{"_lmt_disableupdate":"","_lmt_disable":""},"product_brand":[],"product_cat":[581,510],"product_tag":[],"woo-feed-brand":[],"class_list":{"0":"post-48540","1":"product","2":"type-product","3":"status-publish","4":"has-post-thumbnail","6":"product_cat-la-beaute-et-la-sante-du-bebe","7":"product_cat-soins","9":"first","10":"instock","11":"taxable","12":"shipping-taxable","13":"purchasable","14":"product-type-simple"},"_links":{"self":[{"href":"https:\/\/www.bojungle.eu\/fr\/wp-json\/wp\/v2\/product\/48540","targetHints":{"allow":["GET"]}}],"collection":[{"href":"https:\/\/www.bojungle.eu\/fr\/wp-json\/wp\/v2\/product"}],"about":[{"href":"https:\/\/www.bojungle.eu\/fr\/wp-json\/wp\/v2\/types\/product"}],"replies":[{"embeddable":true,"href":"https:\/\/www.bojungle.eu\/fr\/wp-json\/wp\/v2\/comments?post=48540"}],"version-history":[{"count":1,"href":"https:\/\/www.bojungle.eu\/fr\/wp-json\/wp\/v2\/product\/48540\/revisions"}],"predecessor-version":[{"id":78395,"href":"https:\/\/www.bojungle.eu\/fr\/wp-json\/wp\/v2\/product\/48540\/revisions\/78395"}],"wp:featuredmedia":[{"embeddable":true,"href":"https:\/\/www.bojungle.eu\/fr\/wp-json\/wp\/v2\/media\/68779"}],"wp:attachment":[{"href":"https:\/\/www.bojungle.eu\/fr\/wp-json\/wp\/v2\/media?parent=48540"}],"wp:term":[{"taxonomy":"product_brand","embeddable":true,"href":"https:\/\/www.bojungle.eu\/fr\/wp-json\/wp\/v2\/product_brand?post=48540"},{"taxonomy":"product_cat","embeddable":true,"href":"https:\/\/www.bojungle.eu\/fr\/wp-json\/wp\/v2\/product_cat?post=48540"},{"taxonomy":"product_tag","embeddable":true,"href":"https:\/\/www.bojungle.eu\/fr\/wp-json\/wp\/v2\/product_tag?post=48540"},{"taxonomy":"woo-feed-brand","embeddable":true,"href":"https:\/\/www.bojungle.eu\/fr\/wp-json\/wp\/v2\/woo-feed-brand?post=48540"}],"curies":[{"name":"wp","href":"https:\/\/api.w.org\/{rel}","templated":true}]}}