{"id":48561,"date":"2023-09-08T09:46:10","date_gmt":"2023-09-08T07:46:10","guid":{"rendered":"https:\/\/www.bojungle.eu\/product\/eponges-en-pulpe-de-bois-naturel-3pcs\/"},"modified":"2024-04-02T16:11:48","modified_gmt":"2024-04-02T14:11:48","slug":"eponges-en-pulpe-de-bois-naturel-3pcs","status":"publish","type":"product","link":"https:\/\/www.bojungle.eu\/fr\/produit\/eponges-en-pulpe-de-bois-naturel-3pcs\/","title":{"rendered":"\u00c9ponges en pulpe de bois naturel (3pcs)"},"content":{"rendered":"<p>Voici nos \u00c9ponges en pulpe de bois naturel &#8211; la solution \u00e9cologique pour votre routine de soins de la peau ! Fabriqu\u00e9es \u00e0 partir de pulpe de bois pure, ces \u00e9ponges sont non seulement douces pour votre peau, mais aussi pour l&rsquo;environnement, puisqu&rsquo;elles sont enti\u00e8rement biod\u00e9gradables. Dot\u00e9es d&rsquo;un pouvoir d&rsquo;absorption exceptionnel et d&rsquo;une texture douce et moelleuse, nos \u00e9ponges sont parfaites pour la peau d\u00e9licate de votre b\u00e9b\u00e9. Leur toucher doux fait de l&rsquo;heure du bain un jeu d&rsquo;enfant, garantissant \u00e0 votre enfant une exp\u00e9rience enrichissante et confortable. Chaque \u00e9ponge a une forme unique, ajoutant une touche de fantaisie \u00e0 vos soins quotidiens. Disponibles dans un ensemble de trois couleurs ludiques, ces \u00e9ponges apportent un \u00e9l\u00e9ment amusant \u00e0 vos accessoires de salle de bain. Id\u00e9ales pour le visage et le corps, nos \u00e9ponges naturelles permettent un nettoyage en profondeur sans irriter les peaux sensibles. Dites adieu aux produits chimiques agressifs et bonjour \u00e0 la puret\u00e9 de la pulpe de bois. Am\u00e9liorez votre routine de soins de la peau avec nos \u00c9ponges en pulpe de bois naturel &#8211; parce que prendre soin de votre peau et de la plan\u00e8te devrait toujours aller de pair. <\/p>\n<ul>\n<li>Fun, playful shapes and colours<\/li>\n<li>Fabriqu\u00e9 en pulpe de bois<\/li>\n<li>Set de 3pcs<\/li>\n<li>Id\u00e9al pour le visage et le corps<\/li>\n<li>Convient aux peaux sensibles<\/li>\n<\/ul>\n","protected":false},"excerpt":{"rendered":"<p><span class=\"OYPEnA text-decoration-none text-strikethrough-none\">Les \u00c9ponges en pulpe de bois naturel sont fabriqu\u00e9es \u00e0 partir de p\u00e2te de bois, ces \u00e9ponges sont biod\u00e9gradables. Elles ont un grand pouvoir d&rsquo;absorption et une texture douce, qui sont donc des facteurs id\u00e9aux pour la peau de votre b\u00e9b\u00e9. Chaque \u00e9ponge a une forme unique. Les \u00e9ponges naturelles sont id\u00e9ales pour le nettoyage du visage et du corps et conviennent en outre aux peaux sensibles.   <\/span><\/p>\n","protected":false},"featured_media":68839,"comment_status":"closed","ping_status":"closed","template":"","meta":{"_lmt_disableupdate":"","_lmt_disable":""},"product_brand":[],"product_cat":[580,510],"product_tag":[],"woo-feed-brand":[],"class_list":{"0":"post-48561","1":"product","2":"type-product","3":"status-publish","4":"has-post-thumbnail","6":"product_cat-bebe-dans-le-bain","7":"product_cat-soins","9":"first","10":"instock","11":"taxable","12":"shipping-taxable","13":"purchasable","14":"product-type-simple"},"_links":{"self":[{"href":"https:\/\/www.bojungle.eu\/fr\/wp-json\/wp\/v2\/product\/48561","targetHints":{"allow":["GET"]}}],"collection":[{"href":"https:\/\/www.bojungle.eu\/fr\/wp-json\/wp\/v2\/product"}],"about":[{"href":"https:\/\/www.bojungle.eu\/fr\/wp-json\/wp\/v2\/types\/product"}],"replies":[{"embeddable":true,"href":"https:\/\/www.bojungle.eu\/fr\/wp-json\/wp\/v2\/comments?post=48561"}],"version-history":[{"count":1,"href":"https:\/\/www.bojungle.eu\/fr\/wp-json\/wp\/v2\/product\/48561\/revisions"}],"predecessor-version":[{"id":71911,"href":"https:\/\/www.bojungle.eu\/fr\/wp-json\/wp\/v2\/product\/48561\/revisions\/71911"}],"wp:featuredmedia":[{"embeddable":true,"href":"https:\/\/www.bojungle.eu\/fr\/wp-json\/wp\/v2\/media\/68839"}],"wp:attachment":[{"href":"https:\/\/www.bojungle.eu\/fr\/wp-json\/wp\/v2\/media?parent=48561"}],"wp:term":[{"taxonomy":"product_brand","embeddable":true,"href":"https:\/\/www.bojungle.eu\/fr\/wp-json\/wp\/v2\/product_brand?post=48561"},{"taxonomy":"product_cat","embeddable":true,"href":"https:\/\/www.bojungle.eu\/fr\/wp-json\/wp\/v2\/product_cat?post=48561"},{"taxonomy":"product_tag","embeddable":true,"href":"https:\/\/www.bojungle.eu\/fr\/wp-json\/wp\/v2\/product_tag?post=48561"},{"taxonomy":"woo-feed-brand","embeddable":true,"href":"https:\/\/www.bojungle.eu\/fr\/wp-json\/wp\/v2\/woo-feed-brand?post=48561"}],"curies":[{"name":"wp","href":"https:\/\/api.w.org\/{rel}","templated":true}]}}