{"id":48581,"date":"2023-09-08T10:49:22","date_gmt":"2023-09-08T08:49:22","guid":{"rendered":"https:\/\/www.bojungle.eu\/product\/seringues-nasal-2pcs\/"},"modified":"2024-11-21T11:39:58","modified_gmt":"2024-11-21T10:39:58","slug":"baby-nasal-irrigators-2-pcs","status":"publish","type":"product","link":"https:\/\/www.bojungle.eu\/fr\/produit\/baby-nasal-irrigators-2-pcs\/","title":{"rendered":"Seringues Nasal (2pcs)"},"content":{"rendered":"<p><span class=\"OYPEnA text-decoration-none text-strikethrough-none\">L&rsquo;irrigateur nasal Bo Jungle est une seringue de 10 ml qui vous permet de rincer le nez facilement et de soulager imm\u00e9diatement l&rsquo;exc\u00e8s de muqueuse nasale en une seule pression. Les obstructions nasales peuvent avoir un impact important sur le sommeil et le bien-\u00eatre g\u00e9n\u00e9ral de votre enfant. L&#8217;embout en silicone facilite l&rsquo;insertion dans le nez.  <\/span> <span class=\"OYPEnA text-decoration-none text-strikethrough-none\">Cette seringue est fortement recommand\u00e9e pour les b\u00e9b\u00e9s, de la naissance jusqu&rsquo;\u00e0 ce qu&rsquo;ils puissent se moucher seuls. Cette seringue peut \u00eatre aussi utilis\u00e9e par les adultes pour soulager en cas de nez bouch\u00e9. <\/span><\/p>\n<ul>\n<li><span class=\"OYPEnA text-decoration-none text-strikethrough-none\">Pour tous les \u00e2ges<\/span><\/li>\n<li><span class=\"OYPEnA text-decoration-none text-strikethrough-none\">10ml<\/span><\/li>\n<li><span class=\"OYPEnA text-decoration-none text-strikethrough-none\">Embout en silicone<\/span><\/li>\n<li><span class=\"OYPEnA text-decoration-none text-strikethrough-none\">2 seringues<\/span><\/li>\n<\/ul>\n","protected":false},"excerpt":{"rendered":"<p><span class=\"OYPEnA text-decoration-none text-strikethrough-none\">L&rsquo;irrigateur nasal Bo Jungle est une seringue de 10 ml qui vous permet de rincer le nez facilement et de soulager imm\u00e9diatement l&rsquo;exc\u00e8s de muqueuse nasale en une seule pression. Les obstructions nasales peuvent avoir un impact important sur le sommeil et le bien-\u00eatre g\u00e9n\u00e9ral de votre enfant. L&#8217;embout en silicone facilite l&rsquo;insertion dans le nez.  <\/span> <span class=\"OYPEnA text-decoration-none text-strikethrough-none\">Cette seringue est fortement recommand\u00e9e pour les b\u00e9b\u00e9s, de la naissance jusqu&rsquo;\u00e0 ce qu&rsquo;ils puissent se moucher seuls. Cette seringue peut \u00eatre aussi utilis\u00e9e par les adultes pour soulager en cas de nez bouch\u00e9. <\/span><\/p>\n","protected":false},"featured_media":62633,"comment_status":"closed","ping_status":"closed","template":"","meta":{"_lmt_disableupdate":"","_lmt_disable":""},"product_brand":[],"product_cat":[581,510],"product_tag":[],"woo-feed-brand":[],"class_list":{"0":"post-48581","1":"product","2":"type-product","3":"status-publish","4":"has-post-thumbnail","6":"product_cat-la-beaute-et-la-sante-du-bebe","7":"product_cat-soins","9":"first","10":"instock","11":"taxable","12":"shipping-taxable","13":"purchasable","14":"product-type-simple"},"_links":{"self":[{"href":"https:\/\/www.bojungle.eu\/fr\/wp-json\/wp\/v2\/product\/48581","targetHints":{"allow":["GET"]}}],"collection":[{"href":"https:\/\/www.bojungle.eu\/fr\/wp-json\/wp\/v2\/product"}],"about":[{"href":"https:\/\/www.bojungle.eu\/fr\/wp-json\/wp\/v2\/types\/product"}],"replies":[{"embeddable":true,"href":"https:\/\/www.bojungle.eu\/fr\/wp-json\/wp\/v2\/comments?post=48581"}],"version-history":[{"count":1,"href":"https:\/\/www.bojungle.eu\/fr\/wp-json\/wp\/v2\/product\/48581\/revisions"}],"predecessor-version":[{"id":78449,"href":"https:\/\/www.bojungle.eu\/fr\/wp-json\/wp\/v2\/product\/48581\/revisions\/78449"}],"wp:featuredmedia":[{"embeddable":true,"href":"https:\/\/www.bojungle.eu\/fr\/wp-json\/wp\/v2\/media\/62633"}],"wp:attachment":[{"href":"https:\/\/www.bojungle.eu\/fr\/wp-json\/wp\/v2\/media?parent=48581"}],"wp:term":[{"taxonomy":"product_brand","embeddable":true,"href":"https:\/\/www.bojungle.eu\/fr\/wp-json\/wp\/v2\/product_brand?post=48581"},{"taxonomy":"product_cat","embeddable":true,"href":"https:\/\/www.bojungle.eu\/fr\/wp-json\/wp\/v2\/product_cat?post=48581"},{"taxonomy":"product_tag","embeddable":true,"href":"https:\/\/www.bojungle.eu\/fr\/wp-json\/wp\/v2\/product_tag?post=48581"},{"taxonomy":"woo-feed-brand","embeddable":true,"href":"https:\/\/www.bojungle.eu\/fr\/wp-json\/wp\/v2\/woo-feed-brand?post=48581"}],"curies":[{"name":"wp","href":"https:\/\/api.w.org\/{rel}","templated":true}]}}