{"id":48601,"date":"2023-09-08T11:50:16","date_gmt":"2023-09-08T09:50:16","guid":{"rendered":"https:\/\/www.bojungle.eu\/product\/mouche-bebe\/"},"modified":"2024-11-21T10:22:06","modified_gmt":"2024-11-21T09:22:06","slug":"mouche-bebe","status":"publish","type":"product","link":"https:\/\/www.bojungle.eu\/fr\/produit\/mouche-bebe\/","title":{"rendered":"Mouche B\u00e9b\u00e9"},"content":{"rendered":"<p>Aidez votre enfant \u00e0 mieux respirer avec notre Nettoyeur de nez pour b\u00e9b\u00e9. Il \u00e9limine rapidement et en douceur les mucosit\u00e9s, ce qui est parfait pour les nez bouch\u00e9s ou les rhumes. Utilisable en toute s\u00e9curit\u00e9 d\u00e8s la naissance, il est facile \u00e0 nettoyer et \u00e0 utiliser.  <\/p>\n<ul>\n<li><strong>Taille compacte :<\/strong> Id\u00e9al pour la maison ou en d\u00e9placement.<\/li>\n<li><strong>Attachement amovible : <\/strong>Permet un nettoyage rapide et facile.<\/li>\n<li><strong>Sans danger pour les nouveau-n\u00e9s :<\/strong> Doux et s\u00fbr pour les petits nez.<\/li>\n<\/ul>\n<p>Gardez votre b\u00e9b\u00e9 \u00e0 l&rsquo;aise et en bonne sant\u00e9 gr\u00e2ce \u00e0 ce nettoyeur de nez pratique !<\/p>\n","protected":false},"excerpt":{"rendered":"<p><span class=\"OYPEnA text-decoration-none text-strikethrough-none\">Ce d\u00e9boucheur de nez pour b\u00e9b\u00e9 \u00e9limine rapidement et facilement les mucosit\u00e9s de votre enfant. Utilisable d\u00e8s la naissance, il est id\u00e9al en cas de nez bouch\u00e9 ou de rhume. De plus, il peut \u00eatre facilement nettoy\u00e9 \u00e0 l&rsquo;int\u00e9rieur gr\u00e2ce \u00e0 l&#8217;embout amovible.  <\/span><\/p>\n","protected":false},"featured_media":79492,"comment_status":"closed","ping_status":"closed","template":"","meta":{"_lmt_disableupdate":"","_lmt_disable":""},"product_brand":[],"product_cat":[581,510],"product_tag":[],"woo-feed-brand":[],"class_list":{"0":"post-48601","1":"product","2":"type-product","3":"status-publish","4":"has-post-thumbnail","6":"product_cat-la-beaute-et-la-sante-du-bebe","7":"product_cat-soins","9":"first","10":"instock","11":"taxable","12":"shipping-taxable","13":"purchasable","14":"product-type-simple"},"_links":{"self":[{"href":"https:\/\/www.bojungle.eu\/fr\/wp-json\/wp\/v2\/product\/48601","targetHints":{"allow":["GET"]}}],"collection":[{"href":"https:\/\/www.bojungle.eu\/fr\/wp-json\/wp\/v2\/product"}],"about":[{"href":"https:\/\/www.bojungle.eu\/fr\/wp-json\/wp\/v2\/types\/product"}],"replies":[{"embeddable":true,"href":"https:\/\/www.bojungle.eu\/fr\/wp-json\/wp\/v2\/comments?post=48601"}],"version-history":[{"count":1,"href":"https:\/\/www.bojungle.eu\/fr\/wp-json\/wp\/v2\/product\/48601\/revisions"}],"predecessor-version":[{"id":78438,"href":"https:\/\/www.bojungle.eu\/fr\/wp-json\/wp\/v2\/product\/48601\/revisions\/78438"}],"wp:featuredmedia":[{"embeddable":true,"href":"https:\/\/www.bojungle.eu\/fr\/wp-json\/wp\/v2\/media\/79492"}],"wp:attachment":[{"href":"https:\/\/www.bojungle.eu\/fr\/wp-json\/wp\/v2\/media?parent=48601"}],"wp:term":[{"taxonomy":"product_brand","embeddable":true,"href":"https:\/\/www.bojungle.eu\/fr\/wp-json\/wp\/v2\/product_brand?post=48601"},{"taxonomy":"product_cat","embeddable":true,"href":"https:\/\/www.bojungle.eu\/fr\/wp-json\/wp\/v2\/product_cat?post=48601"},{"taxonomy":"product_tag","embeddable":true,"href":"https:\/\/www.bojungle.eu\/fr\/wp-json\/wp\/v2\/product_tag?post=48601"},{"taxonomy":"woo-feed-brand","embeddable":true,"href":"https:\/\/www.bojungle.eu\/fr\/wp-json\/wp\/v2\/woo-feed-brand?post=48601"}],"curies":[{"name":"wp","href":"https:\/\/api.w.org\/{rel}","templated":true}]}}