{"id":49077,"date":"2023-10-11T14:08:01","date_gmt":"2023-10-11T12:08:01","guid":{"rendered":"https:\/\/www.bojungle.eu\/product\/cuddly-koala-gobelet-360\/"},"modified":"2024-04-16T15:04:10","modified_gmt":"2024-04-16T13:04:10","slug":"calin-koala-tasse-a-boire-360","status":"publish","type":"product","link":"https:\/\/www.bojungle.eu\/fr\/produit\/calin-koala-tasse-a-boire-360\/","title":{"rendered":"Cuddly Koala Gobelet 360\u00b0"},"content":{"rendered":"<div class=\"w-full text-token-text-primary\" dir=\"auto\" data-testid=\"conversation-turn-5\">\n<div class=\"px-4 py-2 justify-center text-base md:gap-6 m-auto\">\n<div class=\"flex flex-1 text-base mx-auto gap-3 juice:gap-4 juice:md:gap-6 md:px-5 lg:px-1 xl:px-5 md:max-w-3xl lg:max-w-[40rem] xl:max-w-[48rem]\">\n<div class=\"relative flex w-full flex-col agent-turn\">\n<div class=\"flex-col gap-1 md:gap-3\">\n<div class=\"flex flex-grow flex-col max-w-full\">\n<div class=\"min-h-[20px] text-message flex flex-col items-start gap-3 whitespace-pre-wrap break-words [.text-message+&amp;]:mt-5 overflow-x-auto\" dir=\"auto\" data-message-author-role=\"assistant\" data-message-id=\"a5c48557-a76e-4d79-b8ea-5b87861ef68f\">\n<div class=\"markdown prose w-full break-words dark:prose-invert light\">\n<p>Voici le gobelet Cuddly Koala 360\u00b0, le compagnon id\u00e9al pour les aventures de votre petit ! Con\u00e7ue dans un esprit \u00e0 la fois ludique et fonctionnel, cette tasse d&rsquo;apprentissage innovante est con\u00e7ue pour faciliter la transition vers une consommation autonome. Avec son design ludique \u00e0 360\u00b0, ce gobelet encourage votre enfant \u00e0 boire et \u00e0 explorer sous tous les angles, ce qui lui permet d&rsquo;acqu\u00e9rir des comp\u00e9tences essentielles en mati\u00e8re de boisson tout en limitant le d\u00e9sordre. Le bord en silicone int\u00e9gr\u00e9 garantit que le liquide ne s&rsquo;\u00e9coule que lorsque votre enfant exerce une pression, ce qui r\u00e9duit les d\u00e9versements et permet de mieux contr\u00f4ler l&rsquo;exp\u00e9rience de la boisson. Orn\u00e9e d&rsquo;un adorable koala, de charmantes poign\u00e9es pour une prise en main facile et d&rsquo;un bouchon pratique pour garder le contenu frais entre les gorg\u00e9es, cette tasse allie l&rsquo;aspect pratique \u00e0 l&rsquo;irr\u00e9sistible mignonnerie. Dites adieu aux fuites et aux renversements gr\u00e2ce \u00e0 notre technologie anti-fuites, qui vous permet de boire en toute tranquillit\u00e9 \u00e0 chaque gorg\u00e9e. Avec une capacit\u00e9 g\u00e9n\u00e9reuse de 240 ml, elle est parfaite pour \u00e9tancher la soif de votre enfant pendant les jeux ou les aventures en d\u00e9placement. Et lorsqu&rsquo;il est temps de nettoyer, il suffit de le mettre au lave-vaisselle pour un entretien sans effort, ce qui vous laisse plus de temps pour profiter des moments pr\u00e9cieux avec votre enfant. Avec le gobelet Cuddly Koala 360\u00b0, boire devient amusant et sans d\u00e9g\u00e2ts, car chaque gorg\u00e9e doit \u00eatre une aventure ! <\/p>\n<\/div>\n<\/div>\n<\/div>\n<\/div>\n<\/div>\n<\/div>\n<\/div>\n<\/div>\n","protected":false},"excerpt":{"rendered":"<p>D\u00e9couvrez le gobelet Cuddly Koala \u00e0 360\u00b0 ! C&rsquo;est une fa\u00e7on ludique pour votre enfant d&rsquo;apprendre \u00e0 boire de fa\u00e7on autonome. Gr\u00e2ce au bord en silicone, les \u00e9claboussures sont r\u00e9duites, ce qui permet de s&rsquo;amuser sans g\u00e2chis. Avec son adorable design de koala, ses poign\u00e9es pour une prise en main facile et son bouchon pour garder les boissons fra\u00eeches, il est \u00e0 la fois adorable et pratique. De plus, il est \u00e9tanche et passe au lave-vaisselle pour un nettoyage facile. Avec une capacit\u00e9 de 240 ml, il est parfait pour la soif de votre enfant. Dites bonjour \u00e0 la d\u00e9gustation sans souci avec le gobelet Cuddly Koala 360\u00b0 !      <\/p>\n","protected":false},"featured_media":73815,"comment_status":"closed","ping_status":"closed","template":"","meta":{"_lmt_disableupdate":"","_lmt_disable":""},"product_brand":[],"product_cat":[439,442],"product_tag":[],"woo-feed-brand":[],"class_list":{"0":"post-49077","1":"product","2":"type-product","3":"status-publish","4":"has-post-thumbnail","6":"product_cat-nourriture-et-boisson","7":"product_cat-preparation-des-repas","9":"first","10":"instock","11":"taxable","12":"shipping-taxable","13":"purchasable","14":"product-type-simple"},"_links":{"self":[{"href":"https:\/\/www.bojungle.eu\/fr\/wp-json\/wp\/v2\/product\/49077","targetHints":{"allow":["GET"]}}],"collection":[{"href":"https:\/\/www.bojungle.eu\/fr\/wp-json\/wp\/v2\/product"}],"about":[{"href":"https:\/\/www.bojungle.eu\/fr\/wp-json\/wp\/v2\/types\/product"}],"replies":[{"embeddable":true,"href":"https:\/\/www.bojungle.eu\/fr\/wp-json\/wp\/v2\/comments?post=49077"}],"version-history":[{"count":1,"href":"https:\/\/www.bojungle.eu\/fr\/wp-json\/wp\/v2\/product\/49077\/revisions"}],"predecessor-version":[{"id":73874,"href":"https:\/\/www.bojungle.eu\/fr\/wp-json\/wp\/v2\/product\/49077\/revisions\/73874"}],"wp:featuredmedia":[{"embeddable":true,"href":"https:\/\/www.bojungle.eu\/fr\/wp-json\/wp\/v2\/media\/73815"}],"wp:attachment":[{"href":"https:\/\/www.bojungle.eu\/fr\/wp-json\/wp\/v2\/media?parent=49077"}],"wp:term":[{"taxonomy":"product_brand","embeddable":true,"href":"https:\/\/www.bojungle.eu\/fr\/wp-json\/wp\/v2\/product_brand?post=49077"},{"taxonomy":"product_cat","embeddable":true,"href":"https:\/\/www.bojungle.eu\/fr\/wp-json\/wp\/v2\/product_cat?post=49077"},{"taxonomy":"product_tag","embeddable":true,"href":"https:\/\/www.bojungle.eu\/fr\/wp-json\/wp\/v2\/product_tag?post=49077"},{"taxonomy":"woo-feed-brand","embeddable":true,"href":"https:\/\/www.bojungle.eu\/fr\/wp-json\/wp\/v2\/woo-feed-brand?post=49077"}],"curies":[{"name":"wp","href":"https:\/\/api.w.org\/{rel}","templated":true}]}}