{"id":64865,"date":"2024-01-26T13:24:53","date_gmt":"2024-01-26T12:24:53","guid":{"rendered":"https:\/\/www.bojungle.eu\/product\/thermometre-numerique\/"},"modified":"2025-05-15T13:10:55","modified_gmt":"2025-05-15T11:10:55","slug":"thermometre-numerique","status":"publish","type":"product","link":"https:\/\/www.bojungle.eu\/fr\/produit\/thermometre-numerique\/","title":{"rendered":"Thermom\u00e8tre num\u00e9rique"},"content":{"rendered":"<p>Notre thermom\u00e8tre num\u00e9rique offre des lectures rapides et fiables pour toute la famille, avec une pr\u00e9cision de 0,1 degr\u00e9. Cette pr\u00e9cision vous permet d\u2019obtenir des r\u00e9sultats fiables \u00e0 chaque fois, qu\u2019il s\u2019agisse d\u2019une l\u00e9g\u00e8re fi\u00e8vre ou d\u2019une surveillance de routine. <\/p>\n<p>Con\u00e7u avec un embout souple et pliable, ce thermom\u00e8tre est confortable et doux pour les enfants et les adultes, ce qui le rend facile \u00e0 utiliser, m\u00eame pour les patients les plus petits. Sa fabrication sans BPA garantit une utilisation s\u00fbre, sans produits chimiques nocifs. L\u2019\u00e9cran LCD facile \u00e0 lire affiche des valeurs claires, ce qui vous permet d\u2019obtenir des r\u00e9sultats en un coup d\u2019\u0153il.  <\/p>\n<p>Que vous ayez besoin de v\u00e9rifier les temp\u00e9ratures rapidement ou de les surveiller au fil du temps, notre thermom\u00e8tre num\u00e9rique allie efficacit\u00e9 et s\u00e9curit\u00e9 dans un seul et m\u00eame outil.<\/p>\n<p>&nbsp;<\/p>\n<table border=\"1\">\n<tbody>\n<tr>\n<td>Manuel<\/td>\n<td><a href=\"https:\/\/www.bojungle.eu\/wp-content\/uploads\/2025\/05\/B400400.jpg\">Cliquez ici<\/a><\/td>\n<\/tr>\n<\/tbody>\n<\/table>\n<p>&nbsp;<\/p>\n","protected":false},"excerpt":{"rendered":"<p><span class=\"OYPEnA text-decoration-none text-strikethrough-none\">Ce thermom\u00e8tre num\u00e9rique vous donne une lecture fiable et pr\u00e9cise. Gr\u00e2ce \u00e0 sa forme et \u00e0 son embout flexible, la temp\u00e9rature corporelle peut \u00eatre mesur\u00e9e par voie orale, rectale ou par l\u2019aisselle. Apr\u00e8s le bip, vous pouvez lire la temp\u00e9rature corporelle exacte sur l\u2019\u00e9cran LCD.<\/span><\/p>\n","protected":false},"featured_media":64856,"comment_status":"closed","ping_status":"closed","template":"","meta":{"_lmt_disableupdate":"","_lmt_disable":""},"product_brand":[],"product_cat":[581,510],"product_tag":[],"woo-feed-brand":[],"class_list":{"0":"post-64865","1":"product","2":"type-product","3":"status-publish","4":"has-post-thumbnail","6":"product_cat-la-beaute-et-la-sante-du-bebe","7":"product_cat-soins","9":"first","10":"instock","11":"taxable","12":"shipping-taxable","13":"purchasable","14":"product-type-simple"},"_links":{"self":[{"href":"https:\/\/www.bojungle.eu\/fr\/wp-json\/wp\/v2\/product\/64865","targetHints":{"allow":["GET"]}}],"collection":[{"href":"https:\/\/www.bojungle.eu\/fr\/wp-json\/wp\/v2\/product"}],"about":[{"href":"https:\/\/www.bojungle.eu\/fr\/wp-json\/wp\/v2\/types\/product"}],"replies":[{"embeddable":true,"href":"https:\/\/www.bojungle.eu\/fr\/wp-json\/wp\/v2\/comments?post=64865"}],"version-history":[{"count":2,"href":"https:\/\/www.bojungle.eu\/fr\/wp-json\/wp\/v2\/product\/64865\/revisions"}],"predecessor-version":[{"id":79743,"href":"https:\/\/www.bojungle.eu\/fr\/wp-json\/wp\/v2\/product\/64865\/revisions\/79743"}],"wp:featuredmedia":[{"embeddable":true,"href":"https:\/\/www.bojungle.eu\/fr\/wp-json\/wp\/v2\/media\/64856"}],"wp:attachment":[{"href":"https:\/\/www.bojungle.eu\/fr\/wp-json\/wp\/v2\/media?parent=64865"}],"wp:term":[{"taxonomy":"product_brand","embeddable":true,"href":"https:\/\/www.bojungle.eu\/fr\/wp-json\/wp\/v2\/product_brand?post=64865"},{"taxonomy":"product_cat","embeddable":true,"href":"https:\/\/www.bojungle.eu\/fr\/wp-json\/wp\/v2\/product_cat?post=64865"},{"taxonomy":"product_tag","embeddable":true,"href":"https:\/\/www.bojungle.eu\/fr\/wp-json\/wp\/v2\/product_tag?post=64865"},{"taxonomy":"woo-feed-brand","embeddable":true,"href":"https:\/\/www.bojungle.eu\/fr\/wp-json\/wp\/v2\/woo-feed-brand?post=64865"}],"curies":[{"name":"wp","href":"https:\/\/api.w.org\/{rel}","templated":true}]}}