{"id":64887,"date":"2024-01-26T14:44:14","date_gmt":"2024-01-26T13:44:14","guid":{"rendered":"https:\/\/www.bojungle.eu\/product\/dobbs-tapis-de-bain-antiderapant\/"},"modified":"2024-08-26T13:09:51","modified_gmt":"2024-08-26T11:09:51","slug":"dobbs-tapis-de-bain-antiderapant","status":"publish","type":"product","link":"https:\/\/www.bojungle.eu\/fr\/produit\/dobbs-tapis-de-bain-antiderapant\/","title":{"rendered":"Dobbs &#8211; Tapis de bain antid\u00e9rapant"},"content":{"rendered":"<p>Les parois de la baignoire ou les receveurs de douche glissants font-ils de l&rsquo;heure du bain une exp\u00e9rience angoissante ? Avec notre tapis de bain antid\u00e9rapant Dobbs, vous pouvez transformer votre salle de bain en un espace s\u00fbr et amusant pour votre enfant. Cet adorable tapis de bain \u00e0 l&rsquo;effigie d&rsquo;une baleine enjou\u00e9e est con\u00e7u pour assurer la s\u00e9curit\u00e9 et le bonheur de votre enfant lorsqu&rsquo;il prend son bain ou sa douche. Le tapis de bain antid\u00e9rapant Dobbs est \u00e9quip\u00e9 de plusieurs ventouses sur le dessous, ce qui lui permet de rester fermement en place sur n&rsquo;importe quelle surface lisse, \u00e9vitant ainsi les glissades et les chutes. La conception bien pens\u00e9e comprend un trou pratique dans la queue, vous permettant de suspendre facilement le tapis pour le faire s\u00e9cher apr\u00e8s l&rsquo;avoir utilis\u00e9. Nous avons \u00e9galement inclus un crochet \u00e0 ventouse pratique, pour que vous puissiez ranger votre tapis de bain proprement, pr\u00eat pour la prochaine aventure \u00e9claboussante.      <strong>Donnez \u00e0 votre b\u00e9b\u00e9 le meilleur d\u00e9part possible avec le coussin ergonomique B-Cale-t\u00eate Jersey rose, qui allie confort et praticit\u00e9.Caract\u00e9ristiques principales :<\/strong><\/p>\n<ul>\n<li><strong>Designs adorables <\/strong>: Une baleine joyeuse pour rendre l&rsquo;heure du bain plus amusante.<\/li>\n<li><strong>Surface antid\u00e9rapante : <\/strong>Permet \u00e0 votre enfant de ne pas glisser dans le bain ou la douche.<\/li>\n<li><strong>Ventouses s\u00fbres : <\/strong>Une forte adh\u00e9rence au sol de la baignoire ou de la douche pour \u00e9viter les accidents.<\/li>\n<li><strong>Facile \u00e0 s\u00e9cher :<\/strong> Le trou int\u00e9gr\u00e9 permet de suspendre et de s\u00e9cher facilement le tissu sur le crochet fourni.<\/li>\n<li><strong>Crochet pratique : <\/strong>Fourni avec un crochet \u00e0 ventouse pour un rangement facile lorsqu&rsquo;il n&rsquo;est pas utilis\u00e9.<\/li>\n<\/ul>\n<p> Le tapis de bain antid\u00e9rapant Dobbs rend l&rsquo;heure du bain s\u00fbre et agr\u00e9able. Parfait pour les enfants qui aiment s&rsquo;amuser et les parents qui attachent de l&rsquo;importance \u00e0 la s\u00e9curit\u00e9.  &nbsp;<\/p>\n","protected":false},"excerpt":{"rendered":"<p>Le tapis de bain antid\u00e9rapant Dobbs apporte s\u00e9curit\u00e9 et plaisir \u00e0 l&rsquo;heure du bain ! Cet adorable tapis en forme de baleine est dot\u00e9 d&rsquo;une surface antid\u00e9rapante et de multiples ventouses pour adh\u00e9rer solidement au sol de la baignoire ou de la douche, \u00e9vitant ainsi les glissades et les chutes. Un trou pratique dans la queue de la baleine permet de le suspendre pour le faire s\u00e9cher sur le crochet \u00e0 ventouse inclus. Parfait pour les petits qui aiment les aventures \u00e9claboussantes.   <\/p>\n","protected":false},"featured_media":64876,"comment_status":"closed","ping_status":"closed","template":"","meta":{"_lmt_disableupdate":"","_lmt_disable":""},"product_brand":[],"product_cat":[580,510],"product_tag":[],"woo-feed-brand":[],"class_list":{"0":"post-64887","1":"product","2":"type-product","3":"status-publish","4":"has-post-thumbnail","6":"product_cat-bebe-dans-le-bain","7":"product_cat-soins","9":"first","10":"instock","11":"taxable","12":"shipping-taxable","13":"purchasable","14":"product-type-simple"},"_links":{"self":[{"href":"https:\/\/www.bojungle.eu\/fr\/wp-json\/wp\/v2\/product\/64887","targetHints":{"allow":["GET"]}}],"collection":[{"href":"https:\/\/www.bojungle.eu\/fr\/wp-json\/wp\/v2\/product"}],"about":[{"href":"https:\/\/www.bojungle.eu\/fr\/wp-json\/wp\/v2\/types\/product"}],"replies":[{"embeddable":true,"href":"https:\/\/www.bojungle.eu\/fr\/wp-json\/wp\/v2\/comments?post=64887"}],"version-history":[{"count":2,"href":"https:\/\/www.bojungle.eu\/fr\/wp-json\/wp\/v2\/product\/64887\/revisions"}],"predecessor-version":[{"id":76529,"href":"https:\/\/www.bojungle.eu\/fr\/wp-json\/wp\/v2\/product\/64887\/revisions\/76529"}],"wp:featuredmedia":[{"embeddable":true,"href":"https:\/\/www.bojungle.eu\/fr\/wp-json\/wp\/v2\/media\/64876"}],"wp:attachment":[{"href":"https:\/\/www.bojungle.eu\/fr\/wp-json\/wp\/v2\/media?parent=64887"}],"wp:term":[{"taxonomy":"product_brand","embeddable":true,"href":"https:\/\/www.bojungle.eu\/fr\/wp-json\/wp\/v2\/product_brand?post=64887"},{"taxonomy":"product_cat","embeddable":true,"href":"https:\/\/www.bojungle.eu\/fr\/wp-json\/wp\/v2\/product_cat?post=64887"},{"taxonomy":"product_tag","embeddable":true,"href":"https:\/\/www.bojungle.eu\/fr\/wp-json\/wp\/v2\/product_tag?post=64887"},{"taxonomy":"woo-feed-brand","embeddable":true,"href":"https:\/\/www.bojungle.eu\/fr\/wp-json\/wp\/v2\/woo-feed-brand?post=64887"}],"curies":[{"name":"wp","href":"https:\/\/api.w.org\/{rel}","templated":true}]}}