{"id":65041,"date":"2024-01-29T15:20:22","date_gmt":"2024-01-29T14:20:22","guid":{"rendered":"https:\/\/www.bojungle.eu\/product\/cuilleres-souples-en-silicone-blanc-gris-terracotta\/"},"modified":"2025-11-14T09:21:12","modified_gmt":"2025-11-14T08:21:12","slug":"cuilleres-souples-en-silicone-blanc-gris-terracotta","status":"publish","type":"product","link":"https:\/\/www.bojungle.eu\/fr\/produit\/cuilleres-souples-en-silicone-blanc-gris-terracotta\/","title":{"rendered":"Cuill\u00e8res souples en silicone (Blanc-Gris-Terracotta)"},"content":{"rendered":"<ul>\n<li>Embout souple en silicone<\/li>\n<li>Fa\u00e7ade plate<\/li>\n<li>Lavable au lave-vaisselle<\/li>\n<li>Sans BPA<\/li>\n<\/ul>\n","protected":false},"excerpt":{"rendered":"<div class=\"elementor-element elementor-element-80cf67d elementor-widget elementor-widget-jet-single-excerpt\" data-id=\"80cf67d\" data-element_type=\"widget\" data-widget_type=\"jet-single-excerpt.default\">\n<div class=\"elementor-widget-container\">\n<div class=\"elementor-jet-single-excerpt jet-woo-builder\">\n<div class=\"woocommerce-product-details__short-description\">\n<p>La cuill\u00e8re id\u00e9ale pour les premi\u00e8res bouch\u00e9es. Gr\u00e2ce \u00e0 son embout en silicone souple, les gencives de votre tout-petit sont toujours prot\u00e9g\u00e9es. L\u2019avant plat facilite grandement le d\u00e9crochage des aliments. Les cuill\u00e8res passent au lave-vaisselle et sont vendues par lot de 3.<\/p>\n<\/div>\n<\/div>\n<\/div>\n<\/div>\n<div class=\"elementor-element elementor-element-c5d7d93 elementor-widget elementor-widget-spacer\" data-id=\"c5d7d93\" data-element_type=\"widget\" data-widget_type=\"spacer.default\">\n<div class=\"elementor-widget-container\">\n<div class=\"elementor-spacer\"><\/div>\n<\/div>\n<\/div>\n","protected":false},"featured_media":64991,"comment_status":"closed","ping_status":"closed","template":"","meta":{"_lmt_disableupdate":"","_lmt_disable":""},"product_brand":[],"product_cat":[552,439],"product_tag":[],"woo-feed-brand":[],"class_list":{"0":"post-65041","1":"product","2":"type-product","3":"status-publish","4":"has-post-thumbnail","6":"product_cat-lheure-du-diner","7":"product_cat-nourriture-et-boisson","9":"first","10":"instock","11":"taxable","12":"shipping-taxable","13":"purchasable","14":"product-type-simple"},"_links":{"self":[{"href":"https:\/\/www.bojungle.eu\/fr\/wp-json\/wp\/v2\/product\/65041","targetHints":{"allow":["GET"]}}],"collection":[{"href":"https:\/\/www.bojungle.eu\/fr\/wp-json\/wp\/v2\/product"}],"about":[{"href":"https:\/\/www.bojungle.eu\/fr\/wp-json\/wp\/v2\/types\/product"}],"replies":[{"embeddable":true,"href":"https:\/\/www.bojungle.eu\/fr\/wp-json\/wp\/v2\/comments?post=65041"}],"version-history":[{"count":0,"href":"https:\/\/www.bojungle.eu\/fr\/wp-json\/wp\/v2\/product\/65041\/revisions"}],"wp:featuredmedia":[{"embeddable":true,"href":"https:\/\/www.bojungle.eu\/fr\/wp-json\/wp\/v2\/media\/64991"}],"wp:attachment":[{"href":"https:\/\/www.bojungle.eu\/fr\/wp-json\/wp\/v2\/media?parent=65041"}],"wp:term":[{"taxonomy":"product_brand","embeddable":true,"href":"https:\/\/www.bojungle.eu\/fr\/wp-json\/wp\/v2\/product_brand?post=65041"},{"taxonomy":"product_cat","embeddable":true,"href":"https:\/\/www.bojungle.eu\/fr\/wp-json\/wp\/v2\/product_cat?post=65041"},{"taxonomy":"product_tag","embeddable":true,"href":"https:\/\/www.bojungle.eu\/fr\/wp-json\/wp\/v2\/product_tag?post=65041"},{"taxonomy":"woo-feed-brand","embeddable":true,"href":"https:\/\/www.bojungle.eu\/fr\/wp-json\/wp\/v2\/woo-feed-brand?post=65041"}],"curies":[{"name":"wp","href":"https:\/\/api.w.org\/{rel}","templated":true}]}}