{"id":65093,"date":"2024-01-29T15:41:02","date_gmt":"2024-01-29T14:41:02","guid":{"rendered":"https:\/\/www.bojungle.eu\/product\/machine-a-bulles-zippy-le-requin\/"},"modified":"2024-02-08T16:40:16","modified_gmt":"2024-02-08T15:40:16","slug":"machine-a-bulles-zippy-le-requin","status":"publish","type":"product","link":"https:\/\/www.bojungle.eu\/fr\/produit\/machine-a-bulles-zippy-le-requin\/","title":{"rendered":"Machine \u00e0 bulles &#8211; Zippy le requin"},"content":{"rendered":"<ul>\n<li>Plus de 2000 bulles par minute<\/li>\n<li>Diff\u00e9rentes formes de bulles<\/li>\n<li>Bulles color\u00e9es<\/li>\n<li>Facile \u00e0 utiliser<\/li>\n<li>Avec ou sans musique<\/li>\n<li>Cadeau id\u00e9al !<\/li>\n<li>Pour l\u2019int\u00e9rieur et l\u2019ext\u00e9rieur<\/li>\n<li>4 piles AA (non incluses)<\/li>\n<li>Produit \u00e0 bulles inclus<\/li>\n<\/ul>\n","protected":false},"excerpt":{"rendered":"<p>La machine \u00e0 bulles Zippy le requin produit diff\u00e9rentes formes de bulles, telles que des petits cercles, des \u00e9toiles et des c\u0153urs pour attirer l&rsquo;attention des enfants. Il peut produire plus de 2000 bulles par minute et peut souffler des tonnes de bulles color\u00e9es plus rapidement, plus haut et plus loin. En raison de la forme amusante du requin avec sa planche de surf, les enfants de tous \u00e2ges se sentent \u00e0 l\u2019aise pendant qu\u2019il pulv\u00e9rise des tonnes de bulles de sa bouche, volant dans les airs. Vous pouvez l\u2019utiliser avec ou sans musique. C\u2019est le cadeau parfait et peut \u00eatre utilis\u00e9 aussi bien \u00e0 l\u2019int\u00e9rieur qu\u2019\u00e0 l\u2019ext\u00e9rieur. De plus, l\u2019appareil est tr\u00e8s facile \u00e0 utiliser et vous vous imaginerez bient\u00f4t dans un monde de conte de f\u00e9es.<\/p>\n","protected":false},"featured_media":65053,"comment_status":"closed","ping_status":"closed","template":"","meta":{"_lmt_disableupdate":"","_lmt_disable":""},"product_brand":[],"product_cat":[810,496,615,445],"product_tag":[],"woo-feed-brand":[],"class_list":{"0":"post-65093","1":"product","2":"type-product","3":"status-publish","4":"has-post-thumbnail","6":"product_cat-dans-le-jardin","7":"product_cat-des-jouets-colores","8":"product_cat-jouets-dactivite","9":"product_cat-playtime-fr","11":"first","12":"instock","13":"taxable","14":"shipping-taxable","15":"purchasable","16":"product-type-simple"},"_links":{"self":[{"href":"https:\/\/www.bojungle.eu\/fr\/wp-json\/wp\/v2\/product\/65093","targetHints":{"allow":["GET"]}}],"collection":[{"href":"https:\/\/www.bojungle.eu\/fr\/wp-json\/wp\/v2\/product"}],"about":[{"href":"https:\/\/www.bojungle.eu\/fr\/wp-json\/wp\/v2\/types\/product"}],"replies":[{"embeddable":true,"href":"https:\/\/www.bojungle.eu\/fr\/wp-json\/wp\/v2\/comments?post=65093"}],"version-history":[{"count":1,"href":"https:\/\/www.bojungle.eu\/fr\/wp-json\/wp\/v2\/product\/65093\/revisions"}],"predecessor-version":[{"id":65406,"href":"https:\/\/www.bojungle.eu\/fr\/wp-json\/wp\/v2\/product\/65093\/revisions\/65406"}],"wp:featuredmedia":[{"embeddable":true,"href":"https:\/\/www.bojungle.eu\/fr\/wp-json\/wp\/v2\/media\/65053"}],"wp:attachment":[{"href":"https:\/\/www.bojungle.eu\/fr\/wp-json\/wp\/v2\/media?parent=65093"}],"wp:term":[{"taxonomy":"product_brand","embeddable":true,"href":"https:\/\/www.bojungle.eu\/fr\/wp-json\/wp\/v2\/product_brand?post=65093"},{"taxonomy":"product_cat","embeddable":true,"href":"https:\/\/www.bojungle.eu\/fr\/wp-json\/wp\/v2\/product_cat?post=65093"},{"taxonomy":"product_tag","embeddable":true,"href":"https:\/\/www.bojungle.eu\/fr\/wp-json\/wp\/v2\/product_tag?post=65093"},{"taxonomy":"woo-feed-brand","embeddable":true,"href":"https:\/\/www.bojungle.eu\/fr\/wp-json\/wp\/v2\/woo-feed-brand?post=65093"}],"curies":[{"name":"wp","href":"https:\/\/api.w.org\/{rel}","templated":true}]}}