{"id":65176,"date":"2024-01-29T16:23:31","date_gmt":"2024-01-29T15:23:31","guid":{"rendered":"https:\/\/www.bojungle.eu\/product\/marcheur-3-en-1-poppy-green\/"},"modified":"2025-06-19T15:50:42","modified_gmt":"2025-06-19T13:50:42","slug":"marcheur-3-en-1-poppy-green","status":"publish","type":"product","link":"https:\/\/www.bojungle.eu\/fr\/produit\/marcheur-3-en-1-poppy-green\/","title":{"rendered":"Marcheur 3 en 1 Poppy Green"},"content":{"rendered":"<div class=\"flex-shrink-0 flex flex-col relative items-end\">\n<div>\n<div class=\"pt-0\">\n<div class=\"gizmo-bot-avatar flex h-8 w-8 items-center justify-center overflow-hidden rounded-full\">\n<div class=\"relative p-1 rounded-sm flex items-center justify-center bg-token-main-surface-primary text-token-text-primary h-8 w-8\">Laissez le moteur \u00e9clater avec notre Walker 3-en-1 Poppy Green, votre petite star de la course ! Ce d\u00e9ambulateur polyvalent est con\u00e7u pour grandir avec votre enfant, passant d\u2019un si\u00e8ge de voiture de course cool \u00e0 un d\u00e9ambulateur et m\u00eame \u00e0 une poussette. <\/div>\n<\/div>\n<\/div>\n<\/div>\n<\/div>\n<div class=\"group\/conversation-turn relative flex w-full min-w-0 flex-col agent-turn\">\n<div class=\"flex-col gap-1 md:gap-3\">\n<div class=\"flex max-w-full flex-col flex-grow\">\n<div class=\"min-h-[20px] text-message flex w-full flex-col items-end gap-2 break-words [.text-message+&amp;]:mt-5 overflow-x-auto whitespace-pre-wrap\" dir=\"auto\" data-message-author-role=\"assistant\" data-message-id=\"fedb9589-ff2d-4632-9e0d-009a6d3232ab\">\n<div class=\"flex w-full flex-col gap-1 empty:hidden first:pt-[3px]\">\n<div class=\"markdown prose w-full break-words dark:prose-invert light\">\n<h3>Caract\u00e9ristiques :<\/h3>\n<ul>\n<li><strong>Grandit avec votre enfant : <\/strong>R\u00e9glez le si\u00e8ge \u00e0 3 hauteurs diff\u00e9rentes au fur et \u00e0 mesure que votre enfant grandit, pour qu&rsquo;il s&rsquo;adapte confortablement \u00e0 chaque \u00e9tape.<\/li>\n<li><strong>Volant amusant :<\/strong> Le tableau de bord est \u00e9quip\u00e9 d&rsquo;un volant, de lumi\u00e8res et de diff\u00e9rentes m\u00e9lodies pour divertir votre enfant.<\/li>\n<li><strong>Man\u0153uvre facile<\/strong> : Gr\u00e2ce \u00e0 ses 4 roues et \u00e0 son avant pivotant \u00e0 360\u00b0, votre enfant peut se d\u00e9placer facilement et en douceur.<\/li>\n<li><strong>Rangement simple : <\/strong>Le d\u00e9ambulateur se plie rapidement, ce qui le rend facile \u00e0 ranger ou \u00e0 emporter.<\/li>\n<li><strong>Conception 3 en 1 : <\/strong>Passez facilement d&rsquo;un d\u00e9ambulateur \u00e0 une poussette, ce qui vous permet de vous adapter \u00e0 n&rsquo;importe quelle aventure.<\/li>\n<li><strong>Facile \u00e0 nettoyer : <\/strong>La housse est amovible et lavable, ce qui permet de garder le d\u00e9ambulateur propre et frais.<\/li>\n<\/ul>\n<p>Laissez votre tout-petit faire ses premiers pas avec joie et excitation dans le d\u00e9ambulateur 3 en 1 Vert coquelicot. Qu\u2019ils se prom\u00e8nent dans la maison ou qu\u2019ils apprennent \u00e0 marcher, ce d\u00e9ambulateur offre un plaisir et un soutien sans fin. <\/p>\n<table border=\"1\">\n<tbody>\n<tr>\n<td>Manuel<\/td>\n<td><a href=\"https:\/\/www.bojungle.eu\/wp-content\/uploads\/2025\/06\/B910530-910540-manual.pdf\">Cliquez ici<\/a><\/td>\n<\/tr>\n<\/tbody>\n<\/table>\n<\/div>\n<\/div>\n<\/div>\n<\/div>\n<\/div>\n<\/div>\n","protected":false},"excerpt":{"rendered":"<div class=\"elementor-element elementor-element-80cf67d elementor-widget elementor-widget-jet-single-excerpt\" data-id=\"80cf67d\" data-element_type=\"widget\" data-widget_type=\"jet-single-excerpt.default\">\n<div class=\"elementor-widget-container\">\n<div class=\"elementor-jet-single-excerpt jet-woo-builder\">\n<div class=\"woocommerce-product-details__short-description\">\n<div class=\"flex max-w-full flex-col flex-grow\">\n<div class=\"min-h-[20px] text-message flex w-full flex-col items-end gap-2 break-words [.text-message+&amp;]:mt-5 overflow-x-auto whitespace-pre-wrap\" dir=\"auto\" data-message-author-role=\"assistant\" data-message-id=\"409651fe-ab51-4f04-83c5-1b327069df1a\">\n<div class=\"flex w-full flex-col gap-1 empty:hidden first:pt-[3px]\">\n<div class=\"markdown prose w-full break-words dark:prose-invert light\">\n<p>Laissez votre tout-petit passer \u00e0 l\u2019action avec notre trotteur 3 en 1 Vert coquelicot ! Ce d\u00e9ambulateur amusant et flexible grandit avec votre enfant, se transformant facilement d\u2019un si\u00e8ge de voiture de course \u00e0 un d\u00e9ambulateur et m\u00eame \u00e0 une poussette. Avec des hauteurs r\u00e9glables, un volant ludique avec des lumi\u00e8res et des m\u00e9lodies, des roues pivotantes \u00e0 360\u00b0 et un design pliable pour un rangement facile, il est con\u00e7u \u00e0 la fois pour le plaisir et la commodit\u00e9. De plus, la housse amovible et lavable le garde propre et frais. Parfait pour les premiers pas de votre enfant et au-del\u00e0.    <\/p>\n<\/div>\n<\/div>\n<\/div>\n<\/div>\n<\/div>\n<\/div>\n<\/div>\n<\/div>\n<div class=\"elementor-element elementor-element-c5d7d93 elementor-widget elementor-widget-spacer\" data-id=\"c5d7d93\" data-element_type=\"widget\" data-widget_type=\"spacer.default\">\n<div class=\"elementor-widget-container\">\n<div class=\"elementor-spacer\"><\/div>\n<\/div>\n<\/div>\n","protected":false},"featured_media":65116,"comment_status":"closed","ping_status":"closed","template":"","meta":{"_lmt_disableupdate":"","_lmt_disable":""},"product_brand":[],"product_cat":[496,615,445],"product_tag":[],"woo-feed-brand":[],"class_list":{"0":"post-65176","1":"product","2":"type-product","3":"status-publish","4":"has-post-thumbnail","6":"product_cat-des-jouets-colores","7":"product_cat-jouets-dactivite","8":"product_cat-playtime-fr","10":"first","11":"instock","12":"taxable","13":"shipping-taxable","14":"purchasable","15":"product-type-simple"},"_links":{"self":[{"href":"https:\/\/www.bojungle.eu\/fr\/wp-json\/wp\/v2\/product\/65176","targetHints":{"allow":["GET"]}}],"collection":[{"href":"https:\/\/www.bojungle.eu\/fr\/wp-json\/wp\/v2\/product"}],"about":[{"href":"https:\/\/www.bojungle.eu\/fr\/wp-json\/wp\/v2\/types\/product"}],"replies":[{"embeddable":true,"href":"https:\/\/www.bojungle.eu\/fr\/wp-json\/wp\/v2\/comments?post=65176"}],"version-history":[{"count":3,"href":"https:\/\/www.bojungle.eu\/fr\/wp-json\/wp\/v2\/product\/65176\/revisions"}],"predecessor-version":[{"id":80529,"href":"https:\/\/www.bojungle.eu\/fr\/wp-json\/wp\/v2\/product\/65176\/revisions\/80529"}],"wp:featuredmedia":[{"embeddable":true,"href":"https:\/\/www.bojungle.eu\/fr\/wp-json\/wp\/v2\/media\/65116"}],"wp:attachment":[{"href":"https:\/\/www.bojungle.eu\/fr\/wp-json\/wp\/v2\/media?parent=65176"}],"wp:term":[{"taxonomy":"product_brand","embeddable":true,"href":"https:\/\/www.bojungle.eu\/fr\/wp-json\/wp\/v2\/product_brand?post=65176"},{"taxonomy":"product_cat","embeddable":true,"href":"https:\/\/www.bojungle.eu\/fr\/wp-json\/wp\/v2\/product_cat?post=65176"},{"taxonomy":"product_tag","embeddable":true,"href":"https:\/\/www.bojungle.eu\/fr\/wp-json\/wp\/v2\/product_tag?post=65176"},{"taxonomy":"woo-feed-brand","embeddable":true,"href":"https:\/\/www.bojungle.eu\/fr\/wp-json\/wp\/v2\/woo-feed-brand?post=65176"}],"curies":[{"name":"wp","href":"https:\/\/api.w.org\/{rel}","templated":true}]}}