{"id":76660,"date":"2024-08-27T14:49:13","date_gmt":"2024-08-27T12:49:13","guid":{"rendered":"https:\/\/www.bojungle.eu\/?post_type=product&#038;p=76660"},"modified":"2025-06-05T10:40:21","modified_gmt":"2025-06-05T08:40:21","slug":"table-a-langer-balneo-shady-grey","status":"publish","type":"product","link":"https:\/\/www.bojungle.eu\/fr\/produit\/table-a-langer-balneo-shady-grey\/","title":{"rendered":"Table \u00e0 langer Balneo Shady Grey"},"content":{"rendered":"<p>La table \u00e0 langer Balneo est un compl\u00e9ment id\u00e9al \u00e0 toute chambre d&rsquo;enfant. Elle allie style et praticit\u00e9, avec un design simple et moderne qui s&rsquo;int\u00e8gre parfaitement dans n&rsquo;importe quel espace. La table \u00e0 langer est disponible en deux couleurs neutres, Pure White et Shady Grey, ce qui permet de l&rsquo;assortir facilement \u00e0 d&rsquo;autres meubles. Elle est \u00e9galement dot\u00e9e de solides pieds en bois, qui ajoutent une touche chaleureuse et naturelle \u00e0 son look \u00e9pur\u00e9.   <\/p>\n<p>La table est con\u00e7ue pour faciliter au maximum les changements de couches et les soins aux b\u00e9b\u00e9s. Elle comprend un sac et un bac de rangement pratiques, pour que tous les \u00e9l\u00e9ments essentiels soient toujours \u00e0 port\u00e9e de main. Cela permet de garder la chambre de b\u00e9b\u00e9 organis\u00e9e et sans encombrement, ce qui permet aux parents de se concentrer sur leur b\u00e9b\u00e9.  <\/p>\n<p>Pour rendre les choses encore plus pratiques, des housses pour la table \u00e0 langer sont disponibles s\u00e9par\u00e9ment. Ces housses permettent de garder la table propre et bien rang\u00e9e, ce qui facilite son entretien. La table \u00e0 langer Balneo Shady Grey est un choix pratique et \u00e9l\u00e9gant pour toute chambre d&rsquo;enfant, offrant \u00e0 la fois fonctionnalit\u00e9 et design simple et \u00e9l\u00e9gant.  <\/p>\n<p>&nbsp;<\/p>\n<table border=\"1\">\n<tbody>\n<tr>\n<td>Manuel<\/td>\n<td><a href=\"https:\/\/www.bojungle.eu\/wp-content\/uploads\/2025\/05\/B430200-B430210-Manual-Changing-Table.pdf\">Cliquez ici<\/a><\/td>\n<\/tr>\n<\/tbody>\n<\/table>\n","protected":false},"excerpt":{"rendered":"<p><span class=\"OYPEnA font-feature-liga-off font-feature-clig-off font-feature-calt-off text-decoration-none text-strikethrough-none\">La table \u00e0 langer Balneo est le compl\u00e9ment id\u00e9al de la chambre de tout enfant. Alliant fonctionnalit\u00e9 et design \u00e9pur\u00e9 et minimaliste, cette belle table \u00e0 langer est disponible en deux coloris neutres : Pure White et Shady Grey. Les deux variantes sont dot\u00e9es de pieds en bois robustes, qui ajoutent une touche chaleureuse et naturelle au look moderne de la table. Pour plus de confort et de protection, des housses sont disponibles s\u00e9par\u00e9ment, permettant de garder la table \u00e0 langer propre et bien rang\u00e9e.   <\/span><\/p>\n","protected":false},"featured_media":76670,"comment_status":"closed","ping_status":"closed","template":"","meta":{"_lmt_disableupdate":"no","_lmt_disable":""},"product_brand":[],"product_cat":[581,510],"product_tag":[],"woo-feed-brand":[],"class_list":{"0":"post-76660","1":"product","2":"type-product","3":"status-publish","4":"has-post-thumbnail","6":"product_cat-la-beaute-et-la-sante-du-bebe","7":"product_cat-soins","9":"first","10":"instock","11":"taxable","12":"shipping-taxable","13":"purchasable","14":"product-type-simple"},"_links":{"self":[{"href":"https:\/\/www.bojungle.eu\/fr\/wp-json\/wp\/v2\/product\/76660","targetHints":{"allow":["GET"]}}],"collection":[{"href":"https:\/\/www.bojungle.eu\/fr\/wp-json\/wp\/v2\/product"}],"about":[{"href":"https:\/\/www.bojungle.eu\/fr\/wp-json\/wp\/v2\/types\/product"}],"replies":[{"embeddable":true,"href":"https:\/\/www.bojungle.eu\/fr\/wp-json\/wp\/v2\/comments?post=76660"}],"version-history":[{"count":4,"href":"https:\/\/www.bojungle.eu\/fr\/wp-json\/wp\/v2\/product\/76660\/revisions"}],"predecessor-version":[{"id":80036,"href":"https:\/\/www.bojungle.eu\/fr\/wp-json\/wp\/v2\/product\/76660\/revisions\/80036"}],"wp:featuredmedia":[{"embeddable":true,"href":"https:\/\/www.bojungle.eu\/fr\/wp-json\/wp\/v2\/media\/76670"}],"wp:attachment":[{"href":"https:\/\/www.bojungle.eu\/fr\/wp-json\/wp\/v2\/media?parent=76660"}],"wp:term":[{"taxonomy":"product_brand","embeddable":true,"href":"https:\/\/www.bojungle.eu\/fr\/wp-json\/wp\/v2\/product_brand?post=76660"},{"taxonomy":"product_cat","embeddable":true,"href":"https:\/\/www.bojungle.eu\/fr\/wp-json\/wp\/v2\/product_cat?post=76660"},{"taxonomy":"product_tag","embeddable":true,"href":"https:\/\/www.bojungle.eu\/fr\/wp-json\/wp\/v2\/product_tag?post=76660"},{"taxonomy":"woo-feed-brand","embeddable":true,"href":"https:\/\/www.bojungle.eu\/fr\/wp-json\/wp\/v2\/woo-feed-brand?post=76660"}],"curies":[{"name":"wp","href":"https:\/\/api.w.org\/{rel}","templated":true}]}}