{"id":76782,"date":"2024-08-27T16:36:21","date_gmt":"2024-08-27T14:36:21","guid":{"rendered":"https:\/\/www.bojungle.eu\/?post_type=product&#038;p=76782"},"modified":"2025-04-15T15:06:59","modified_gmt":"2025-04-15T13:06:59","slug":"housse-de-coussin-a-langer-gris","status":"publish","type":"product","link":"https:\/\/www.bojungle.eu\/fr\/produit\/housse-de-coussin-a-langer-gris\/","title":{"rendered":"Housse de Coussin \u00e0 Langer Gris"},"content":{"rendered":"<p><span class=\"OYPEnA font-feature-liga-off font-feature-clig-off font-feature-calt-off text-decoration-none text-strikethrough-none\">La housse Matelas \u00e0 langer Gris est parfaite pour la table \u00e0 langer Baln\u00e9o de Bo Jungle. Le mat\u00e9riau doux offre un confort \u00e0 la peau d\u00e9licate de votre b\u00e9b\u00e9. L\u2019oreiller est facile \u00e0 remplacer, ce qui rend le changement plus facile et plus hygi\u00e9nique. <\/span><\/p>\n<ul>\n<li><span class=\"OYPEnA font-feature-liga-off font-feature-clig-off font-feature-calt-off text-decoration-none text-strikethrough-none\">Compatible avec la table \u00e0 langer Balneo de Bo Jungle<\/span><\/li>\n<li>Sensation agr\u00e9able pour la peau d\u00e9licate de b\u00e9b\u00e9<\/li>\n<li>Facile \u00e0 changer<\/li>\n<\/ul>\n","protected":false},"excerpt":{"rendered":"<p><span class=\"OYPEnA font-feature-liga-off font-feature-clig-off font-feature-calt-off text-decoration-none text-strikethrough-none\">La housse Matelas \u00e0 langer Gris est parfaite pour la table \u00e0 langer Baln\u00e9o de Bo Jungle. Le mat\u00e9riau doux offre un confort \u00e0 la peau d\u00e9licate de votre b\u00e9b\u00e9. L\u2019oreiller est facile \u00e0 remplacer, ce qui rend le changement plus facile et plus hygi\u00e9nique. <\/span><\/p>\n","protected":false},"featured_media":76730,"comment_status":"closed","ping_status":"closed","template":"","meta":{"_lmt_disableupdate":"no","_lmt_disable":""},"product_brand":[],"product_cat":[581,510],"product_tag":[],"woo-feed-brand":[],"class_list":{"0":"post-76782","1":"product","2":"type-product","3":"status-publish","4":"has-post-thumbnail","6":"product_cat-la-beaute-et-la-sante-du-bebe","7":"product_cat-soins","9":"first","10":"instock","11":"taxable","12":"shipping-taxable","13":"purchasable","14":"product-type-simple"},"_links":{"self":[{"href":"https:\/\/www.bojungle.eu\/fr\/wp-json\/wp\/v2\/product\/76782","targetHints":{"allow":["GET"]}}],"collection":[{"href":"https:\/\/www.bojungle.eu\/fr\/wp-json\/wp\/v2\/product"}],"about":[{"href":"https:\/\/www.bojungle.eu\/fr\/wp-json\/wp\/v2\/types\/product"}],"replies":[{"embeddable":true,"href":"https:\/\/www.bojungle.eu\/fr\/wp-json\/wp\/v2\/comments?post=76782"}],"version-history":[{"count":1,"href":"https:\/\/www.bojungle.eu\/fr\/wp-json\/wp\/v2\/product\/76782\/revisions"}],"predecessor-version":[{"id":79591,"href":"https:\/\/www.bojungle.eu\/fr\/wp-json\/wp\/v2\/product\/76782\/revisions\/79591"}],"wp:featuredmedia":[{"embeddable":true,"href":"https:\/\/www.bojungle.eu\/fr\/wp-json\/wp\/v2\/media\/76730"}],"wp:attachment":[{"href":"https:\/\/www.bojungle.eu\/fr\/wp-json\/wp\/v2\/media?parent=76782"}],"wp:term":[{"taxonomy":"product_brand","embeddable":true,"href":"https:\/\/www.bojungle.eu\/fr\/wp-json\/wp\/v2\/product_brand?post=76782"},{"taxonomy":"product_cat","embeddable":true,"href":"https:\/\/www.bojungle.eu\/fr\/wp-json\/wp\/v2\/product_cat?post=76782"},{"taxonomy":"product_tag","embeddable":true,"href":"https:\/\/www.bojungle.eu\/fr\/wp-json\/wp\/v2\/product_tag?post=76782"},{"taxonomy":"woo-feed-brand","embeddable":true,"href":"https:\/\/www.bojungle.eu\/fr\/wp-json\/wp\/v2\/woo-feed-brand?post=76782"}],"curies":[{"name":"wp","href":"https:\/\/api.w.org\/{rel}","templated":true}]}}