{"id":76793,"date":"2024-08-27T16:42:22","date_gmt":"2024-08-27T14:42:22","guid":{"rendered":"https:\/\/www.bojungle.eu\/?post_type=product&#038;p=76793"},"modified":"2025-04-15T14:59:50","modified_gmt":"2025-04-15T12:59:50","slug":"housse-de-coussin-a-langer-gris-kopie","status":"publish","type":"product","link":"https:\/\/www.bojungle.eu\/fr\/produit\/housse-de-coussin-a-langer-gris-kopie\/","title":{"rendered":"Housse de coussin \u00e0 langer Blanc"},"content":{"rendered":"<p><span class=\"OYPEnA font-feature-liga-off font-feature-clig-off font-feature-calt-off text-decoration-none text-strikethrough-none\">La housse de coussin \u00e0 langer blanc est parfait pour la table \u00e0 langer Balneo de Bo Jungle. Le mat\u00e9riau doux apporte du confort \u00e0 la peau d\u00e9licate de votre b\u00e9b\u00e9. Le coussin est facile \u00e0 remplacer, ce qui rend le change plus facile et plus hygi\u00e9nique. <\/span><\/p>\n<ul>\n<li><span class=\"OYPEnA font-feature-liga-off font-feature-clig-off font-feature-calt-off text-decoration-none text-strikethrough-none\">Compatible avec la table \u00e0 langer Balneo de Bo Jungle<\/span><\/li>\n<li>Sensation agr\u00e9able pour la peau d\u00e9licate de b\u00e9b\u00e9<\/li>\n<li>Facile \u00e0 changer<\/li>\n<\/ul>\n","protected":false},"excerpt":{"rendered":"<p><span class=\"OYPEnA font-feature-liga-off font-feature-clig-off font-feature-calt-off text-decoration-none text-strikethrough-none\">La housse de coussin \u00e0 langer blanc est parfait pour la table \u00e0 langer Balneo de Bo Jungle. Le mat\u00e9riau doux apporte du confort \u00e0 la peau d\u00e9licate de votre b\u00e9b\u00e9. Le coussin est facile \u00e0 remplacer, ce qui rend le change plus facile et plus hygi\u00e9nique. <\/span><\/p>\n","protected":false},"featured_media":76610,"comment_status":"closed","ping_status":"closed","template":"","meta":{"_lmt_disableupdate":"no","_lmt_disable":""},"product_brand":[],"product_cat":[581,510],"product_tag":[],"woo-feed-brand":[],"class_list":{"0":"post-76793","1":"product","2":"type-product","3":"status-publish","4":"has-post-thumbnail","6":"product_cat-la-beaute-et-la-sante-du-bebe","7":"product_cat-soins","9":"first","10":"instock","11":"taxable","12":"shipping-taxable","13":"purchasable","14":"product-type-simple"},"_links":{"self":[{"href":"https:\/\/www.bojungle.eu\/fr\/wp-json\/wp\/v2\/product\/76793","targetHints":{"allow":["GET"]}}],"collection":[{"href":"https:\/\/www.bojungle.eu\/fr\/wp-json\/wp\/v2\/product"}],"about":[{"href":"https:\/\/www.bojungle.eu\/fr\/wp-json\/wp\/v2\/types\/product"}],"replies":[{"embeddable":true,"href":"https:\/\/www.bojungle.eu\/fr\/wp-json\/wp\/v2\/comments?post=76793"}],"version-history":[{"count":2,"href":"https:\/\/www.bojungle.eu\/fr\/wp-json\/wp\/v2\/product\/76793\/revisions"}],"predecessor-version":[{"id":79584,"href":"https:\/\/www.bojungle.eu\/fr\/wp-json\/wp\/v2\/product\/76793\/revisions\/79584"}],"wp:featuredmedia":[{"embeddable":true,"href":"https:\/\/www.bojungle.eu\/fr\/wp-json\/wp\/v2\/media\/76610"}],"wp:attachment":[{"href":"https:\/\/www.bojungle.eu\/fr\/wp-json\/wp\/v2\/media?parent=76793"}],"wp:term":[{"taxonomy":"product_brand","embeddable":true,"href":"https:\/\/www.bojungle.eu\/fr\/wp-json\/wp\/v2\/product_brand?post=76793"},{"taxonomy":"product_cat","embeddable":true,"href":"https:\/\/www.bojungle.eu\/fr\/wp-json\/wp\/v2\/product_cat?post=76793"},{"taxonomy":"product_tag","embeddable":true,"href":"https:\/\/www.bojungle.eu\/fr\/wp-json\/wp\/v2\/product_tag?post=76793"},{"taxonomy":"woo-feed-brand","embeddable":true,"href":"https:\/\/www.bojungle.eu\/fr\/wp-json\/wp\/v2\/woo-feed-brand?post=76793"}],"curies":[{"name":"wp","href":"https:\/\/api.w.org\/{rel}","templated":true}]}}