{"id":76967,"date":"2024-09-10T09:27:36","date_gmt":"2024-09-10T07:27:36","guid":{"rendered":"https:\/\/www.bojungle.eu\/?post_type=product&#038;p=76967"},"modified":"2024-09-10T09:27:39","modified_gmt":"2024-09-10T07:27:39","slug":"goofy-le-poisson-clown","status":"publish","type":"product","link":"https:\/\/www.bojungle.eu\/fr\/produit\/goofy-le-poisson-clown\/","title":{"rendered":"Goofy le poisson clown"},"content":{"rendered":"<p>Plongez dans un monde de plaisir et de musique avec notre Goofy Clownfish, le jouet musical ultime con\u00e7u pour apporter joie et divertissement \u00e0 votre tout-petit ! Cet adorable poisson-clown regorge de fonctionnalit\u00e9s interactives qui garderont votre enfant engag\u00e9 et diverti pendant des heures.  <strong>Caract\u00e9ristiques :<\/strong><\/p>\n<ul>\n<li><strong>Trois modes de jeu : <\/strong>avec un simple bouton de commutation, votre enfant peut facilement basculer entre trois modes passionnants : des sons d&rsquo;animaux ludiques, des berceuses apaisantes et des m\u00e9lodies entra\u00eenantes. Il y en a pour chaque humeur et chaque moment ! <\/li>\n<li><strong>Bouton de lumi\u00e8re clignotante :<\/strong> ajoutez une touche d&rsquo;excitation avec le bouton de lumi\u00e8re clignotante ! C&rsquo;est parfait pour la stimulation visuelle et pour am\u00e9liorer l&rsquo;exp\u00e9rience musicale. <\/li>\n<li><strong>Cinq boutons musicaux :<\/strong> explorez un plaisir musical sans fin avec cinq boutons diff\u00e9rents qui changent avec chaque mode, offrant une vari\u00e9t\u00e9 de chansons et de sons \u00e0 appr\u00e9cier. Votre enfant adorera d\u00e9couvrir de nouvelles m\u00e9lodies et rythmes ! <\/li>\n<li><strong>Pr\u00eat \u00e0 jouer :<\/strong> le Goofy Clownfish est livr\u00e9 avec 2 piles \u00ab AAA \u00bb de 1,5 V incluses, pour que le plaisir puisse commencer d\u00e8s la sortie de la bo\u00eete.<\/li>\n<\/ul>\n<p> Pr\u00e9parez-vous \u00e0 des fous rires, de la musique et des lumi\u00e8res color\u00e9es avec notre poisson clown Goofy ! Ce jouet est parfait pour d\u00e9velopper les capacit\u00e9s auditives et sensorielles tout en faisant sourire votre enfant. Plongez dans une aventure musicale d\u00e8s aujourd&rsquo;hui !  <\/p>\n","protected":false},"excerpt":{"rendered":"<p>D\u00e9couvrez notre poisson clown Goofy : le jouet musical amusant pour votre enfant ! Avec un simple bouton de commutation, ils peuvent passer d&rsquo;un son d&rsquo;animaux \u00e0 une berceuse apaisante ou \u00e0 une m\u00e9lodie entra\u00eenante. Il y a aussi un bouton qui fait clignoter les lumi\u00e8res pour plus de plaisir ! Avec cinq boutons de musique qui changent \u00e0 chaque mode, vous pouvez facilement trouver de nouvelles chansons \u00e0 appr\u00e9cier. Et il est livr\u00e9 avec 2 piles \u00ab AAA \u00bb de 1,5 V, pour que le plaisir puisse commencer imm\u00e9diatement. Pr\u00e9parez-vous \u00e0 beaucoup de rires et de musique avec notre poisson clown Goofy !     <\/p>\n","protected":false},"featured_media":76978,"comment_status":"closed","ping_status":"closed","template":"","meta":{"_lmt_disableupdate":"","_lmt_disable":""},"product_brand":[],"product_cat":[445,496,616],"product_tag":[],"woo-feed-brand":[],"class_list":{"0":"post-76967","1":"product","2":"type-product","3":"status-publish","4":"has-post-thumbnail","6":"product_cat-playtime-fr","7":"product_cat-des-jouets-colores","8":"product_cat-jouets-musicaux","10":"first","11":"instock","12":"taxable","13":"shipping-taxable","14":"purchasable","15":"product-type-simple"},"_links":{"self":[{"href":"https:\/\/www.bojungle.eu\/fr\/wp-json\/wp\/v2\/product\/76967","targetHints":{"allow":["GET"]}}],"collection":[{"href":"https:\/\/www.bojungle.eu\/fr\/wp-json\/wp\/v2\/product"}],"about":[{"href":"https:\/\/www.bojungle.eu\/fr\/wp-json\/wp\/v2\/types\/product"}],"replies":[{"embeddable":true,"href":"https:\/\/www.bojungle.eu\/fr\/wp-json\/wp\/v2\/comments?post=76967"}],"version-history":[{"count":1,"href":"https:\/\/www.bojungle.eu\/fr\/wp-json\/wp\/v2\/product\/76967\/revisions"}],"predecessor-version":[{"id":77478,"href":"https:\/\/www.bojungle.eu\/fr\/wp-json\/wp\/v2\/product\/76967\/revisions\/77478"}],"wp:featuredmedia":[{"embeddable":true,"href":"https:\/\/www.bojungle.eu\/fr\/wp-json\/wp\/v2\/media\/76978"}],"wp:attachment":[{"href":"https:\/\/www.bojungle.eu\/fr\/wp-json\/wp\/v2\/media?parent=76967"}],"wp:term":[{"taxonomy":"product_brand","embeddable":true,"href":"https:\/\/www.bojungle.eu\/fr\/wp-json\/wp\/v2\/product_brand?post=76967"},{"taxonomy":"product_cat","embeddable":true,"href":"https:\/\/www.bojungle.eu\/fr\/wp-json\/wp\/v2\/product_cat?post=76967"},{"taxonomy":"product_tag","embeddable":true,"href":"https:\/\/www.bojungle.eu\/fr\/wp-json\/wp\/v2\/product_tag?post=76967"},{"taxonomy":"woo-feed-brand","embeddable":true,"href":"https:\/\/www.bojungle.eu\/fr\/wp-json\/wp\/v2\/woo-feed-brand?post=76967"}],"curies":[{"name":"wp","href":"https:\/\/api.w.org\/{rel}","templated":true}]}}