{"id":77053,"date":"2024-09-10T09:18:57","date_gmt":"2024-09-10T07:18:57","guid":{"rendered":"https:\/\/www.bojungle.eu\/?post_type=product&#038;p=77053"},"modified":"2024-09-10T09:19:00","modified_gmt":"2024-09-10T07:19:00","slug":"hibou-enchante","status":"publish","type":"product","link":"https:\/\/www.bojungle.eu\/fr\/produit\/hibou-enchante\/","title":{"rendered":"Hibou Enchant\u00e9"},"content":{"rendered":"<p>Voici notre hibou enchant\u00e9, le compagnon musical magique de votre enfant ! Gr\u00e2ce \u00e0 un simple bouton de basculement, il peut alterner entre de d\u00e9licieux sons d\u2019animaux, des berceuses apaisantes et de charmantes m\u00e9lodies comme Do Re Mi.  <strong>Caract\u00e9ristiques :<\/strong><\/p>\n<ul>\n<li><strong>Trois modes musicaux : <\/strong>avec un simple interrupteur, votre enfant peut facilement basculer entre de d\u00e9licieux sons d&rsquo;animaux, des berceuses apaisantes et des m\u00e9lodies charmantes comme \u00ab Do Re Mi \u00bb. Chaque mode offre une exp\u00e9rience auditive unique, rendant le temps de jeu \u00e0 la fois amusant et engageant. <\/li>\n<li><strong>Sons d\u2019animaux : <\/strong>\u00c9coutez les sons enchanteurs de divers animaux, notamment des chiens, des chats, des singes et des lapins ! Ces sons ludiques aident \u00e0 stimuler l\u2019imagination et la curiosit\u00e9 de votre enfant. <\/li>\n<li><strong>Volume r\u00e9glable : <\/strong>Le hibou enchanteur est dot\u00e9 d&rsquo;un contr\u00f4le de volume pratique, vous permettant de r\u00e9gler le son selon vos pr\u00e9f\u00e9rences. Qu&rsquo;il s&rsquo;agisse d&rsquo;une berceuse tranquille pour la sieste ou de m\u00e9lodies entra\u00eenantes pour jouer, vous pouvez cr\u00e9er l&rsquo;environnement d&rsquo;\u00e9coute parfait. <\/li>\n<li><strong>Pr\u00eat \u00e0 jouer :<\/strong> \u00e9quip\u00e9 de 2 piles AA de 1,5 V incluses, votre tout-petit peut commencer son aventure musicale d\u00e8s la sortie de la bo\u00eete. Pas besoin de piles suppl\u00e9mentaires, juste du plaisir sans fin ! <\/li>\n<\/ul>\n<p> Ramenez \u00e0 la maison le hibou enchanteur et regardez votre enfant se lancer dans un voyage musical rempli de joie, de rire et de d\u00e9couverte !<\/p>\n","protected":false},"excerpt":{"rendered":"<p>D\u00e9couvrez notre chouette enchanteresse &#8211; le compagnon musical magique de votre tout-petit ! Gr\u00e2ce au simple bouton de commutation, ils peuvent basculer entre de d\u00e9licieux sons d&rsquo;animaux, des berceuses apaisantes et des m\u00e9lodies charmantes telles que Do Re Mi. Ils adoreront \u00e9galement entendre les sons de diff\u00e9rents animaux tels que les chiens, les chats, les singes et les lapins ! De plus, vous pouvez augmenter ou diminuer le volume pour une exp\u00e9rience d&rsquo;\u00e9coute parfaite. Cette chouette enchanteresse est livr\u00e9e avec 2 piles \u00ab AA \u00bb de 1,5 V incluses, pour que le plaisir ne s&rsquo;arr\u00eate jamais. Pr\u00e9parez-vous \u00e0 des aventures musicales sans fin avec notre chouette enchanteresse !     <\/p>\n","protected":false},"featured_media":77026,"comment_status":"closed","ping_status":"closed","template":"","meta":{"_lmt_disableupdate":"","_lmt_disable":""},"product_brand":[],"product_cat":[445,496,615],"product_tag":[],"woo-feed-brand":[],"class_list":{"0":"post-77053","1":"product","2":"type-product","3":"status-publish","4":"has-post-thumbnail","6":"product_cat-playtime-fr","7":"product_cat-des-jouets-colores","8":"product_cat-jouets-dactivite","10":"first","11":"instock","12":"taxable","13":"shipping-taxable","14":"purchasable","15":"product-type-simple"},"_links":{"self":[{"href":"https:\/\/www.bojungle.eu\/fr\/wp-json\/wp\/v2\/product\/77053","targetHints":{"allow":["GET"]}}],"collection":[{"href":"https:\/\/www.bojungle.eu\/fr\/wp-json\/wp\/v2\/product"}],"about":[{"href":"https:\/\/www.bojungle.eu\/fr\/wp-json\/wp\/v2\/types\/product"}],"replies":[{"embeddable":true,"href":"https:\/\/www.bojungle.eu\/fr\/wp-json\/wp\/v2\/comments?post=77053"}],"version-history":[{"count":1,"href":"https:\/\/www.bojungle.eu\/fr\/wp-json\/wp\/v2\/product\/77053\/revisions"}],"predecessor-version":[{"id":77455,"href":"https:\/\/www.bojungle.eu\/fr\/wp-json\/wp\/v2\/product\/77053\/revisions\/77455"}],"wp:featuredmedia":[{"embeddable":true,"href":"https:\/\/www.bojungle.eu\/fr\/wp-json\/wp\/v2\/media\/77026"}],"wp:attachment":[{"href":"https:\/\/www.bojungle.eu\/fr\/wp-json\/wp\/v2\/media?parent=77053"}],"wp:term":[{"taxonomy":"product_brand","embeddable":true,"href":"https:\/\/www.bojungle.eu\/fr\/wp-json\/wp\/v2\/product_brand?post=77053"},{"taxonomy":"product_cat","embeddable":true,"href":"https:\/\/www.bojungle.eu\/fr\/wp-json\/wp\/v2\/product_cat?post=77053"},{"taxonomy":"product_tag","embeddable":true,"href":"https:\/\/www.bojungle.eu\/fr\/wp-json\/wp\/v2\/product_tag?post=77053"},{"taxonomy":"woo-feed-brand","embeddable":true,"href":"https:\/\/www.bojungle.eu\/fr\/wp-json\/wp\/v2\/woo-feed-brand?post=77053"}],"curies":[{"name":"wp","href":"https:\/\/api.w.org\/{rel}","templated":true}]}}