{"id":77104,"date":"2024-09-10T09:24:05","date_gmt":"2024-09-10T07:24:05","guid":{"rendered":"https:\/\/www.bojungle.eu\/?post_type=product&#038;p=77104"},"modified":"2024-09-10T09:24:08","modified_gmt":"2024-09-10T07:24:08","slug":"cles-de-voiture-musicales","status":"publish","type":"product","link":"https:\/\/www.bojungle.eu\/fr\/produit\/cles-de-voiture-musicales\/","title":{"rendered":"Cl\u00e9s de voiture musicales"},"content":{"rendered":"<p>Amusez votre enfant avec les cl\u00e9s de voiture musicales, le jouet \u00e0 emporter id\u00e9al ! Con\u00e7ues dans un souci de s\u00e9curit\u00e9 et d&rsquo;amusement, ces cl\u00e9s vibrantes sont fabriqu\u00e9es dans des mat\u00e9riaux doux et s\u00fbrs pour les enfants, id\u00e9aux pour les pouss\u00e9es dentaires et les petites mains. Il suffit d&rsquo;appuyer sur un bouton pour que votre enfant entende de d\u00e9licieux sons de trompette et de d\u00e9marrage de moteur, accompagn\u00e9s de lumi\u00e8res clignotantes qui ne manqueront pas de capter son attention. Appuyez sur le bouton de la cl\u00e9 pour obtenir des sons r\u00e9alistes de moteur de voiture ou appuyez sur le bouton du klaxon pour entendre un son de klaxon entra\u00eenant accompagn\u00e9 de flashs synchronis\u00e9s. Les cl\u00e9s de voiture musicales sont simples, attrayantes et con\u00e7ues pour offrir des heures de jeu interactif, contribuant \u00e0 d\u00e9velopper les capacit\u00e9s sensorielles et la coordination \u0153il-main de votre enfant.     <strong>Caract\u00e9ristiques :<\/strong><\/p>\n<ul>\n<li><strong>Touches color\u00e9es et faciles \u00e0 mordiller :<\/strong> Fabriqu\u00e9es \u00e0 partir de mat\u00e9riaux doux et adapt\u00e9s \u00e0 la dentition, elles peuvent \u00eatre m\u00e2ch\u00e9es sans danger par votre enfant.<\/li>\n<li><strong>Sons et lumi\u00e8res interactifs : <\/strong>La mise sous tension permet d&rsquo;obtenir un son de trompette et de d\u00e9marrage de moteur amusant, accompagn\u00e9 de lumi\u00e8res clignotantes.<\/li>\n<li><strong>Sons de moteur et de klaxon r\u00e9alistes : <\/strong>Appuyez sur le bouton de la cl\u00e9 pour obtenir un son de moteur authentique ou sur le bouton du klaxon pour obtenir un son de klaxon classique accompagn\u00e9 de clignotements.<\/li>\n<li><strong>Parfait pour les d\u00e9placements <\/strong>: L\u00e9ger et portable, il est le compagnon de voyage id\u00e9al pour divertir votre enfant o\u00f9 qu&rsquo;il soit.<\/li>\n<\/ul>\n<p> Laissez votre enfant explorer et apprendre avec les cl\u00e9s de voiture musicales &#8211; o\u00f9 chaque pression et chaque rotation donne vie \u00e0 un monde de sons et de lumi\u00e8res !<\/p>\n","protected":false},"excerpt":{"rendered":"<p>Vroammm, ces cl\u00e9s de voiture musicales sont le jouet \u00e0 emporter id\u00e9al pour votre enfant ! Les cl\u00e9s sont fabriqu\u00e9es dans un mat\u00e9riau doux, ce qui les rend id\u00e9ales pour la dentition. Mettez la voiture en marche pour obtenir des sons de trompette et de d\u00e9marrage amusants avec des lumi\u00e8res clignotantes. Appuyez sur le bouton de la cl\u00e9 pour un son de moteur ou sur le klaxon pour un son de<br \/>klaxon. C\u2019est un jeu simple et amusant qui occupera votre enfant pendant des heures !    <\/p>\n","protected":false},"featured_media":77065,"comment_status":"closed","ping_status":"closed","template":"","meta":{"_lmt_disableupdate":"","_lmt_disable":""},"product_brand":[],"product_cat":[616,496,615,445],"product_tag":[],"woo-feed-brand":[],"class_list":{"0":"post-77104","1":"product","2":"type-product","3":"status-publish","4":"has-post-thumbnail","6":"product_cat-jouets-musicaux","7":"product_cat-des-jouets-colores","8":"product_cat-jouets-dactivite","9":"product_cat-playtime-fr","11":"first","12":"instock","13":"taxable","14":"shipping-taxable","15":"purchasable","16":"product-type-simple"},"_links":{"self":[{"href":"https:\/\/www.bojungle.eu\/fr\/wp-json\/wp\/v2\/product\/77104","targetHints":{"allow":["GET"]}}],"collection":[{"href":"https:\/\/www.bojungle.eu\/fr\/wp-json\/wp\/v2\/product"}],"about":[{"href":"https:\/\/www.bojungle.eu\/fr\/wp-json\/wp\/v2\/types\/product"}],"replies":[{"embeddable":true,"href":"https:\/\/www.bojungle.eu\/fr\/wp-json\/wp\/v2\/comments?post=77104"}],"version-history":[{"count":1,"href":"https:\/\/www.bojungle.eu\/fr\/wp-json\/wp\/v2\/product\/77104\/revisions"}],"predecessor-version":[{"id":77472,"href":"https:\/\/www.bojungle.eu\/fr\/wp-json\/wp\/v2\/product\/77104\/revisions\/77472"}],"wp:featuredmedia":[{"embeddable":true,"href":"https:\/\/www.bojungle.eu\/fr\/wp-json\/wp\/v2\/media\/77065"}],"wp:attachment":[{"href":"https:\/\/www.bojungle.eu\/fr\/wp-json\/wp\/v2\/media?parent=77104"}],"wp:term":[{"taxonomy":"product_brand","embeddable":true,"href":"https:\/\/www.bojungle.eu\/fr\/wp-json\/wp\/v2\/product_brand?post=77104"},{"taxonomy":"product_cat","embeddable":true,"href":"https:\/\/www.bojungle.eu\/fr\/wp-json\/wp\/v2\/product_cat?post=77104"},{"taxonomy":"product_tag","embeddable":true,"href":"https:\/\/www.bojungle.eu\/fr\/wp-json\/wp\/v2\/product_tag?post=77104"},{"taxonomy":"woo-feed-brand","embeddable":true,"href":"https:\/\/www.bojungle.eu\/fr\/wp-json\/wp\/v2\/woo-feed-brand?post=77104"}],"curies":[{"name":"wp","href":"https:\/\/api.w.org\/{rel}","templated":true}]}}