{"id":77229,"date":"2024-09-19T11:18:52","date_gmt":"2024-09-19T09:18:52","guid":{"rendered":"https:\/\/www.bojungle.eu\/?post_type=product&#038;p=77229"},"modified":"2025-08-06T16:33:32","modified_gmt":"2025-08-06T14:33:32","slug":"tapis-deveil-arches-en-boisocean-bliss","status":"publish","type":"product","link":"https:\/\/www.bojungle.eu\/fr\/produit\/tapis-deveil-arches-en-boisocean-bliss\/","title":{"rendered":"Tapis d\u2019\u00e9veil arches en bois<br>ocean bliss"},"content":{"rendered":"<p>Que vous soyez \u00e0 la maison ou en voyage, cette salle de jeux offre une infinit\u00e9 de divertissements et d&rsquo;avantages pour le d\u00e9veloppement, le tout dans un design magnifiquement con\u00e7u qui s&rsquo;int\u00e8gre \u00e0 n&rsquo;importe quelle chambre d&rsquo;enfant. D\u00e9couvrez les joies de la r\u00e9cr\u00e9ation avec la salle de jeux en bois Ocean Bliss !  <\/p>\n<p>La salle de jeux comprend une pochette miroir qui sert \u00e9galement de support pour de jolies cartes, ce qui \u00e9veille la curiosit\u00e9 de votre b\u00e9b\u00e9 et l&rsquo;aide \u00e0 d\u00e9velopper sa vue. Con\u00e7ue pour \u00eatre pratique, la salle de jeux en bois Ocean Bliss se plie facilement \u00e0 l&rsquo;aide de poign\u00e9es int\u00e9gr\u00e9es, ce qui la rend id\u00e9ale pour jouer \u00e0 la maison ou en d\u00e9placement. <\/p>\n<p>Que vous soyez \u00e0 la maison ou en voyage, cette salle de jeux offre une infinit\u00e9 de divertissements et d&rsquo;avantages pour le d\u00e9veloppement de l&rsquo;enfant, le tout dans un design magnifiquement con\u00e7u qui s&rsquo;int\u00e8gre \u00e0 n&rsquo;importe quelle chambre d&rsquo;enfant. D\u00e9couvrez les joies de la r\u00e9cr\u00e9ation avec la salle de jeux en bois Ocean Bliss ! <\/p>\n<p>&nbsp;<\/p>\n<table border=\"1\">\n<tbody>\n<tr>\n<td>Manuel<\/td>\n<td><a href=\"https:\/\/www.bojungle.eu\/wp-content\/uploads\/2025\/08\/Manual-Ocean-Bliss.pdf\">Cliquez ici<\/a><\/td>\n<\/tr>\n<\/tbody>\n<\/table>\n","protected":false},"excerpt":{"rendered":"<p><span class=\"OYPEnA font-feature-liga-off font-feature-clig-off font-feature-calt-off text-decoration-none text-strikethrough-none\">Voici notre tapis d\u2019\u00e9veil avec arches en bois Ocean Bliss ! Il s\u2019agit d\u2019un tapis d\u2019\u00e9veil confortable, \u00e0 double face, avec des arches en bois aux belles finitions et des personnages en peluche. Laissez votre b\u00e9b\u00e9 se d\u00e9couvrir lui-m\u00eame et d\u00e9couvrir diff\u00e9rents personnages sous-marins gr\u00e2ce \u00e0 des cartes \u00e0 ins\u00e9rer. Il est facile \u00e0 plier et \u00e0 emporter, pour que l\u2019amusement ne s\u2019arr\u00eate jamais, m\u00eame en d\u00e9placement !<\/p>\n<p>   <\/span><\/p>\n","protected":false},"featured_media":77170,"comment_status":"closed","ping_status":"closed","template":"","meta":{"_lmt_disableupdate":"","_lmt_disable":""},"product_brand":[],"product_cat":[445,615],"product_tag":[],"woo-feed-brand":[],"class_list":{"0":"post-77229","1":"product","2":"type-product","3":"status-publish","4":"has-post-thumbnail","6":"product_cat-playtime-fr","7":"product_cat-jouets-dactivite","9":"first","10":"instock","11":"taxable","12":"shipping-taxable","13":"purchasable","14":"product-type-simple"},"_links":{"self":[{"href":"https:\/\/www.bojungle.eu\/fr\/wp-json\/wp\/v2\/product\/77229","targetHints":{"allow":["GET"]}}],"collection":[{"href":"https:\/\/www.bojungle.eu\/fr\/wp-json\/wp\/v2\/product"}],"about":[{"href":"https:\/\/www.bojungle.eu\/fr\/wp-json\/wp\/v2\/types\/product"}],"replies":[{"embeddable":true,"href":"https:\/\/www.bojungle.eu\/fr\/wp-json\/wp\/v2\/comments?post=77229"}],"version-history":[{"count":2,"href":"https:\/\/www.bojungle.eu\/fr\/wp-json\/wp\/v2\/product\/77229\/revisions"}],"predecessor-version":[{"id":80838,"href":"https:\/\/www.bojungle.eu\/fr\/wp-json\/wp\/v2\/product\/77229\/revisions\/80838"}],"wp:featuredmedia":[{"embeddable":true,"href":"https:\/\/www.bojungle.eu\/fr\/wp-json\/wp\/v2\/media\/77170"}],"wp:attachment":[{"href":"https:\/\/www.bojungle.eu\/fr\/wp-json\/wp\/v2\/media?parent=77229"}],"wp:term":[{"taxonomy":"product_brand","embeddable":true,"href":"https:\/\/www.bojungle.eu\/fr\/wp-json\/wp\/v2\/product_brand?post=77229"},{"taxonomy":"product_cat","embeddable":true,"href":"https:\/\/www.bojungle.eu\/fr\/wp-json\/wp\/v2\/product_cat?post=77229"},{"taxonomy":"product_tag","embeddable":true,"href":"https:\/\/www.bojungle.eu\/fr\/wp-json\/wp\/v2\/product_tag?post=77229"},{"taxonomy":"woo-feed-brand","embeddable":true,"href":"https:\/\/www.bojungle.eu\/fr\/wp-json\/wp\/v2\/woo-feed-brand?post=77229"}],"curies":[{"name":"wp","href":"https:\/\/api.w.org\/{rel}","templated":true}]}}